{"id":10,"date":"2020-12-31T11:03:55","date_gmt":"2020-12-31T10:03:55","guid":{"rendered":"http:\/\/leschel.cluster023.hosting.ovh.net\/?page_id=10"},"modified":"2025-04-02T21:29:08","modified_gmt":"2025-04-02T19:29:08","slug":"accueil","status":"publish","type":"page","link":"https:\/\/lescheminsdemusique.fr\/","title":{"rendered":"Accueil"},"content":{"rendered":"\n<p style=\"font-size:18px\" class=\"has-drop-cap\">L\u2019organisation r\u00e9guli\u00e8re au Temple de Versailles de concerts de musique ancienne, essentiellement m\u00e9di\u00e9vale et Renaissance, remonte \u00e0 plus de dix ans. L\u2019association \u00ab&nbsp;Les Sonorit\u00e9s oppos\u00e9es&nbsp;\u00bb a lanc\u00e9 la formule d\u2019un concert par mois le lundi en fin de journ\u00e9e. Les concerts sont gratuits, avec libre participation aux frais. La formule a \u00e9t\u00e9 conserv\u00e9e par les \u00e9quipes qui se sont succ\u00e9d\u00e9 pour animer l\u2019association, rebaptis\u00e9e entretemps \u00ab&nbsp;Les chemins de musique&nbsp;\u00bb <\/p>\n\n\n\n<p style=\"font-size:18px\">L\u2019acoustique du lieu, un public fid\u00e8le et toujours\nchaleureux, la qualit\u00e9 des relations avec les responsables de la programmation,\nont motiv\u00e9 un nombre croissant d\u2019artistes et d\u2019ensembles \u00e0 venir (et souvent\nrevenir) au Temple, pour pr\u00e9senter leurs derni\u00e8res recherches, leurs derni\u00e8res\ncr\u00e9ations, leur prochain CD en avant-premi\u00e8re. &nbsp;<\/p>\n\n\n\n<p style=\"font-size:18px\">L\u2019association Les Chemins de musique est subventionn\u00e9e par\nla Ville de Versailles, que nous remercions.<\/p>\n\n\n\n<p style=\"font-size:18px\">Ce site des Chemins de musique a \u00e9t\u00e9 lanc\u00e9 en 2012. Il a pour vocation de mettre \u00e0 la disposition de nos publics un ensemble de ressources\u00a0: le programme et la pr\u00e9sentation des prochains concerts, la pr\u00e9sentation des ensembles, le compte-rendu des concerts pass\u00e9s, la possibilit\u00e9 de r\u00e9server en ligne.<\/p>\n\n\n\n<p style=\"font-size:18px\">Bien cordialement,<\/p>\n\n\n\n<p style=\"font-size:18px\">L\u2019\u00e9quipe des Chemins de musique<\/p>\n","protected":false},"excerpt":{"rendered":"<p>L\u2019organisation r\u00e9guli\u00e8re au Temple de Versailles de concerts de musique ancienne, essentiellement m\u00e9di\u00e9vale et Renaissance, remonte \u00e0 plus de dix ans. L\u2019association \u00ab&nbsp;Les Sonorit\u00e9s oppos\u00e9es&nbsp;\u00bb a lanc\u00e9 la formule d\u2019un concert par mois le lundi en fin de journ\u00e9e. Les &hellip; <a href=\"https:\/\/lescheminsdemusique.fr\/\">Continuer la lecture <span class=\"meta-nav\">&rarr;<\/span><\/a><\/p>\n","protected":false},"author":4,"featured_media":0,"parent":0,"menu_order":0,"comment_status":"closed","ping_status":"closed","template":"onecolumn-page.php","meta":{"footnotes":""},"class_list":["post-10","page","type-page","status-publish","hentry"],"_links":{"self":[{"href":"https:\/\/lescheminsdemusique.fr\/index.php\/wp-json\/wp\/v2\/pages\/10","targetHints":{"allow":["GET"]}}],"collection":[{"href":"https:\/\/lescheminsdemusique.fr\/index.php\/wp-json\/wp\/v2\/pages"}],"about":[{"href":"https:\/\/lescheminsdemusique.fr\/index.php\/wp-json\/wp\/v2\/types\/page"}],"author":[{"embeddable":true,"href":"https:\/\/lescheminsdemusique.fr\/index.php\/wp-json\/wp\/v2\/users\/4"}],"replies":[{"embeddable":true,"href":"https:\/\/lescheminsdemusique.fr\/index.php\/wp-json\/wp\/v2\/comments?post=10"}],"version-history":[{"count":6,"href":"https:\/\/lescheminsdemusique.fr\/index.php\/wp-json\/wp\/v2\/pages\/10\/revisions"}],"predecessor-version":[{"id":9264,"href":"https:\/\/lescheminsdemusique.fr\/index.php\/wp-json\/wp\/v2\/pages\/10\/revisions\/9264"}],"wp:attachment":[{"href":"https:\/\/lescheminsdemusique.fr\/index.php\/wp-json\/wp\/v2\/media?parent=10"}],"curies":[{"name":"wp","href":"https:\/\/api.w.org\/{rel}","templated":true}]}}