{"id":1245,"date":"2021-06-01T17:33:40","date_gmt":"2021-06-01T15:33:40","guid":{"rendered":"http:\/\/www.lescheminsdemusique.org\/?page_id=1245"},"modified":"2021-06-03T10:32:36","modified_gmt":"2021-06-03T08:32:36","slug":"31-mai-2021-r","status":"publish","type":"page","link":"https:\/\/lescheminsdemusique.fr\/index.php\/31-mai-2021-r\/","title":{"rendered":"31 mai 2021 &#8211; R"},"content":{"rendered":"\n<p class=\"has-medium-font-size\"><strong>Un concert pour le souvenir&nbsp;!<\/strong><\/p>\n\n\n\n<p class=\"has-medium-font-size\"><strong>15 avril 2019\u2026<\/strong> Le monde assistait, \u00e9bahi et catastroph\u00e9, \u00e0 l\u2019incendie de Notre Dame de Paris\u2026<\/p>\n\n\n\n<p class=\"has-medium-font-size\">C\u2019est en souvenir de\ncette soir\u00e9e terrible que l\u2019ensemble \u00abLa rue des Chantres&nbsp;\u00bb avait pr\u00e9par\u00e9\nce magnifique programme, qui aurait d\u00fb \u00eatre entendu il y a un an, et auquel\nnous avons eu le grand bonheur d\u2019assister ce dernier lundi de mai au Temple de\nla rue Hoche.<\/p>\n\n\n\n<p class=\"has-medium-font-size\">Cinq voix remarquables\u00a0: Emmanuel Bouquet, Renaud Tripathi, Erwan Picquet, Vincent Pislar et Christian Ploix ont merveilleusement \u00e9voqu\u00e9 cette trag\u00e9die avec leurs polyphonies inspir\u00e9es de \u00ab\u00a0l\u2019Ecole de Notre Dame\u00a0\u00bb.<br> Ces \u0153uvres ont \u00e9t\u00e9 entendues dans la plupart des grandes cath\u00e9drales gothiques, au cours de ce XIII\u00e8me si\u00e8cle qui voit dans toute l\u2019Europe un essor et un foisonnement de l\u2019art vocal.<\/p>\n\n\n\n<figure class=\"wp-block-image size-large\"><img loading=\"lazy\" decoding=\"async\" width=\"1024\" height=\"680\" src=\"http:\/\/lescheminsdemusique.fr\/wp-content\/uploads\/2021\/06\/P1350326-1024x680.jpg\" alt=\"\" class=\"wp-image-1266\" srcset=\"https:\/\/lescheminsdemusique.fr\/wp-content\/uploads\/2021\/06\/P1350326-1024x680.jpg 1024w, https:\/\/lescheminsdemusique.fr\/wp-content\/uploads\/2021\/06\/P1350326-300x199.jpg 300w, https:\/\/lescheminsdemusique.fr\/wp-content\/uploads\/2021\/06\/P1350326-768x510.jpg 768w, https:\/\/lescheminsdemusique.fr\/wp-content\/uploads\/2021\/06\/P1350326-1536x1020.jpg 1536w, https:\/\/lescheminsdemusique.fr\/wp-content\/uploads\/2021\/06\/P1350326-2048x1359.jpg 2048w\" sizes=\"auto, (max-width: 1024px) 100vw, 1024px\" \/><\/figure>\n\n\n\n<p class=\"has-medium-font-size\">En introduction \u00e0 ce concert, une \u00e9vocation de Ste Genevi\u00e8ve (la patronne de Paris), et de cette procession des reliques de la Sainte qui avait pr\u00e9c\u00e9d\u00e9 la fin d\u2019une terrible pand\u00e9mie (ce \u00ab\u00a0mal des ardents\u00a0\u00bb qui s\u00e9vissait \u00e0 Paris vers 1130).<\/p>\n\n\n\n<p class=\"has-medium-font-size\">Puis \u00abLa rue des Chantres\u00a0\u00bb nous a offert\u00a0 quelques \u0153uvres polyphoniques de compositeurs, parfois anonymes, parfois r\u00e9pertori\u00e9s, comme Philippe LE CHANCELIER (\u00ab\u00a0conduit \u00e0 deux voix, vers 1250), PEROTIN Le Grand (un \u00e9poustouflant \u00ab\u00a0Organum quadruplum\u00a0\u00bb r\u00e9pertori\u00e9 \u00e0 la BNF de Paris), un \u00ab\u00a0Salve Regina\u00a0\u00bb d\u2019Aubert BILLARD (seule pi\u00e8ce de ce compositeur qui soit parvenue jusqu\u2019\u00e0 nous), ou encore \u00ab\u00a0l\u2019Agnus Dei\u00a0\u00bb \u00e0 quatre voix\u00a0 d\u2019Etienne GROSSIN.\u00a0 Le concert se terminait avec un \u00ab\u00a0Ave Maria\u00a0\u00bb \u00e0 trois voix et un extrait des Lamentations de J\u00e9r\u00e9mie, d\u2019Antoine BRUMEL, l\u2019un des ma\u00eetres de la polyphonie \u00ab\u00a0franco-flamande\u00a0\u00bb du d\u00e9but de la Renaissance.<\/p>\n\n\n\n<p class=\"has-medium-font-size\">\u00ab\u00a0Conduits\u00a0\u00bb, Motets, \u00ab\u00a0Organum(s)\u00a0\u00bb se sont succ\u00e9d\u00e9 pour le plus grand plaisir d\u2019un public de fid\u00e8les qui n\u2019a pas m\u00e9nag\u00e9 ses ovations, et qui a savour\u00e9, tout au long de cette \u00ab\u00a0premi\u00e8re\u00a0\u00bb, un programme particuli\u00e8rement bien choisi par cet ensemble. Nous retrouverons la remarquable acoustique du Temple le 28 juin prochain, dans le cadre du \u00ab\u00a0Mois Moli\u00e8re\u00a0\u00bb. ne manquez pas ce prochain rendez-vous, et\u2026r\u00e9servez vite, car les \u00ab\u00a0jauges\u00a0\u00bb seront encore limit\u00e9es \u00e0 cette date\u00a0!<\/p>\n\n\n\n<p><br><br><\/p>\n","protected":false},"excerpt":{"rendered":"<p>Un concert pour le souvenir&nbsp;! 15 avril 2019\u2026 Le monde assistait, \u00e9bahi et catastroph\u00e9, \u00e0 l\u2019incendie de Notre Dame de Paris\u2026 C\u2019est en souvenir de cette soir\u00e9e terrible que l\u2019ensemble \u00abLa rue des Chantres&nbsp;\u00bb avait pr\u00e9par\u00e9 ce magnifique programme, qui &hellip; <a href=\"https:\/\/lescheminsdemusique.fr\/index.php\/31-mai-2021-r\/\">Continuer la lecture <span class=\"meta-nav\">&rarr;<\/span><\/a><\/p>\n","protected":false},"author":4,"featured_media":0,"parent":0,"menu_order":0,"comment_status":"closed","ping_status":"closed","template":"onecolumn-page.php","meta":{"footnotes":""},"class_list":["post-1245","page","type-page","status-publish","hentry"],"_links":{"self":[{"href":"https:\/\/lescheminsdemusique.fr\/index.php\/wp-json\/wp\/v2\/pages\/1245","targetHints":{"allow":["GET"]}}],"collection":[{"href":"https:\/\/lescheminsdemusique.fr\/index.php\/wp-json\/wp\/v2\/pages"}],"about":[{"href":"https:\/\/lescheminsdemusique.fr\/index.php\/wp-json\/wp\/v2\/types\/page"}],"author":[{"embeddable":true,"href":"https:\/\/lescheminsdemusique.fr\/index.php\/wp-json\/wp\/v2\/users\/4"}],"replies":[{"embeddable":true,"href":"https:\/\/lescheminsdemusique.fr\/index.php\/wp-json\/wp\/v2\/comments?post=1245"}],"version-history":[{"count":7,"href":"https:\/\/lescheminsdemusique.fr\/index.php\/wp-json\/wp\/v2\/pages\/1245\/revisions"}],"predecessor-version":[{"id":1351,"href":"https:\/\/lescheminsdemusique.fr\/index.php\/wp-json\/wp\/v2\/pages\/1245\/revisions\/1351"}],"wp:attachment":[{"href":"https:\/\/lescheminsdemusique.fr\/index.php\/wp-json\/wp\/v2\/media?parent=1245"}],"curies":[{"name":"wp","href":"https:\/\/api.w.org\/{rel}","templated":true}]}}