{"id":1582,"date":"2021-10-05T11:04:47","date_gmt":"2021-10-05T09:04:47","guid":{"rendered":"http:\/\/www.lescheminsdemusique.org\/?page_id=1582"},"modified":"2021-10-05T11:04:47","modified_gmt":"2021-10-05T09:04:47","slug":"4-octobre-2021-r","status":"publish","type":"page","link":"https:\/\/lescheminsdemusique.fr\/index.php\/4-octobre-2021-r\/","title":{"rendered":"4 octobre 2021 &#8211; R"},"content":{"rendered":"\n<p class=\"has-medium-font-size\"><strong>DESTINS de femmes\u2026 <\/strong><\/p>\n\n\n\n<p>Du \u00ab\u00a0Llibre vermeil de MONTSERRAT\u00a0\u00bb au \u00ab\u00a0Manuscrit de MONTPELLIER\u00a0\u00bb ou celui\u00a0 \u00ab\u00a0d\u2019UPPSALA\u00a0\u00bb, en passant par le dramatique \u00ab\u00a0Che si puo fare\u00a0\u00bb de Barbara STROZZI,\u00a0 ces \u0153uvres peu entendues (13\u00e8me et 14\u00e8me si\u00e8cles) ont \u00e9t\u00e9 autant de magnifiques d\u00e9couvertes pour un public fid\u00e8le que nous avons eu plaisir \u00e0 retrouver. <\/p>\n\n\n\n<p>Les femmes \u00e9taient \u00e0 l\u2019honneur pour ce tout premier concert au Temple de la rue Hoche, ce lundi 4 octobre. Reprise particuli\u00e8rement bienvenue, apr\u00e8s ces (trop) longs mois o\u00f9 nous avons tous et toutes \u00e9t\u00e9 priv\u00e9s de nos indispensables rendez-vous culturels.<\/p>\n\n\n\n<figure class=\"wp-block-image size-large\"><img loading=\"lazy\" decoding=\"async\" width=\"1024\" height=\"606\" src=\"http:\/\/lescheminsdemusique.fr\/wp-content\/uploads\/2021\/10\/P1030504-1024x606.jpg\" alt=\"\" class=\"wp-image-1618\" srcset=\"https:\/\/lescheminsdemusique.fr\/wp-content\/uploads\/2021\/10\/P1030504-1024x606.jpg 1024w, https:\/\/lescheminsdemusique.fr\/wp-content\/uploads\/2021\/10\/P1030504-300x178.jpg 300w, https:\/\/lescheminsdemusique.fr\/wp-content\/uploads\/2021\/10\/P1030504-768x455.jpg 768w, https:\/\/lescheminsdemusique.fr\/wp-content\/uploads\/2021\/10\/P1030504.jpg 1280w\" sizes=\"auto, (max-width: 1024px) 100vw, 1024px\" \/><\/figure>\n\n\n\n<div class=\"wp-block-media-text alignwide\" style=\"grid-template-columns:42% auto\"><figure class=\"wp-block-media-text__media\"><img loading=\"lazy\" decoding=\"async\" width=\"199\" height=\"205\" src=\"http:\/\/lescheminsdemusique.fr\/wp-content\/uploads\/2021\/10\/IMG_4137.jpg\" alt=\"\" class=\"wp-image-1606\"\/><\/figure><div class=\"wp-block-media-text__content\">\n<p> Pascale COSTANTINI (vi\u00e8le, fl\u00fbtes), Evelyne LUTTON (harpes), Laurence MAMAN (organetto, harpe) et Nathalie RENOUVIN (fl\u00fbtes) ont d\u00e9clin\u00e9 tout au long de la soir\u00e9e diverses ambiances, divers chants mettant en valeur des situations que nous pourrions ais\u00e9ment qualifier \u00ab\u00a0de tout temps\u00a0\u00bb\u00a0: Femme tour \u00e0 tour mystique, abandonn\u00e9e, l\u00e9g\u00e8re, soumise, indocile ou bien heureuse\u2026 Autant de conditions que nous pouvons retrouver en tous lieux aujourd\u2019hui encore <\/p>\n<\/div><\/div>\n\n\n\n<p> Superbement introduit par un \u00ab\u00a0chant de la Sybille\u00a0\u00bb, po\u00e8me venu tout droit de l\u2019antiquit\u00e9 grecque, Sol sub nube nous a fait voyager ensuite avec quelques romances S\u00e9farades, a remu\u00e9 nos envies de fronder avec ces chants de Guillaume DUFAY (\u00ab\u00a0la belle se siet au pied de la tour\u00a0\u00bb) ou de Guillaume de MACHAUT (\u00ab\u00a0Se mesdisans\u00a0\u00bb)\u00a0; nous avons eu des d\u00e9sirs de nous joindre \u00e0 leur ronde (\u00ab\u00a0j\u2019entends le moulin\u00a0\u00bb)\u2026 <\/p>\n\n\n\n<p>Une belle reprise, qui augure bien d\u2019une nouvelle saison o\u00f9, nous l\u2019esp\u00e9rons, rien ne viendra plus diff\u00e9rer nos habituels rendez-vous du lundi. <\/p>\n","protected":false},"excerpt":{"rendered":"<p>DESTINS de femmes\u2026 Du \u00ab\u00a0Llibre vermeil de MONTSERRAT\u00a0\u00bb au \u00ab\u00a0Manuscrit de MONTPELLIER\u00a0\u00bb ou celui\u00a0 \u00ab\u00a0d\u2019UPPSALA\u00a0\u00bb, en passant par le dramatique \u00ab\u00a0Che si puo fare\u00a0\u00bb de Barbara STROZZI,\u00a0 ces \u0153uvres peu entendues (13\u00e8me et 14\u00e8me si\u00e8cles) ont \u00e9t\u00e9 autant de magnifiques &hellip; <a href=\"https:\/\/lescheminsdemusique.fr\/index.php\/4-octobre-2021-r\/\">Continuer la lecture <span class=\"meta-nav\">&rarr;<\/span><\/a><\/p>\n","protected":false},"author":4,"featured_media":0,"parent":0,"menu_order":0,"comment_status":"closed","ping_status":"closed","template":"onecolumn-page.php","meta":{"footnotes":""},"class_list":["post-1582","page","type-page","status-publish","hentry"],"_links":{"self":[{"href":"https:\/\/lescheminsdemusique.fr\/index.php\/wp-json\/wp\/v2\/pages\/1582","targetHints":{"allow":["GET"]}}],"collection":[{"href":"https:\/\/lescheminsdemusique.fr\/index.php\/wp-json\/wp\/v2\/pages"}],"about":[{"href":"https:\/\/lescheminsdemusique.fr\/index.php\/wp-json\/wp\/v2\/types\/page"}],"author":[{"embeddable":true,"href":"https:\/\/lescheminsdemusique.fr\/index.php\/wp-json\/wp\/v2\/users\/4"}],"replies":[{"embeddable":true,"href":"https:\/\/lescheminsdemusique.fr\/index.php\/wp-json\/wp\/v2\/comments?post=1582"}],"version-history":[{"count":2,"href":"https:\/\/lescheminsdemusique.fr\/index.php\/wp-json\/wp\/v2\/pages\/1582\/revisions"}],"predecessor-version":[{"id":1622,"href":"https:\/\/lescheminsdemusique.fr\/index.php\/wp-json\/wp\/v2\/pages\/1582\/revisions\/1622"}],"wp:attachment":[{"href":"https:\/\/lescheminsdemusique.fr\/index.php\/wp-json\/wp\/v2\/media?parent=1582"}],"curies":[{"name":"wp","href":"https:\/\/api.w.org\/{rel}","templated":true}]}}