{"id":16,"date":"2020-12-31T12:01:20","date_gmt":"2020-12-31T11:01:20","guid":{"rendered":"http:\/\/leschel.cluster023.hosting.ovh.net\/?page_id=16"},"modified":"2026-03-18T22:36:50","modified_gmt":"2026-03-18T21:36:50","slug":"prochains-concerts","status":"publish","type":"page","link":"https:\/\/lescheminsdemusique.fr\/index.php\/prochains-concerts\/","title":{"rendered":"Prochains concerts"},"content":{"rendered":"\n<h2 class=\"wp-block-heading has-large-font-size\"><strong>20 avril &#8211; Marianne Muller<\/strong> &#8211; L&rsquo;Esquisse d&rsquo;une Europe ? Ou de l\u2019entrem\u00ealement des styles et des go\u00fbts<\/h2>\n\n\n\n<p>Les Chemins de musique ont la chance d&rsquo;accueillir \u00e0 nouveau Marianne Muller cette ann\u00e9e, en solo.<\/p>\n\n\n\n<p>A la Renaissance et \u00e0 l\u2019\u00e9poque baroque, l\u2019Europe existait d\u00e9j\u00e0 bel et bien, et le programme de ce concert se pla\u00eet \u00e0 en \u00e9voquer la sp\u00e9cificit\u00e9 des cultures, ainsi que leurs points communs.<\/p>\n\n\n\n<p>La basse de viole permet des \u00e9critures tr\u00e8s vari\u00e9es, adapt\u00e9es au foisonnement de ses fonctions et dans le r\u00e9pertoire solo, c\u2019est bien s\u00fbr le jeu harmonique qui s\u2019est d\u00e9velopp\u00e9 le plus, h\u00e9ritage du luth de la Renaissance anglaise en grande partie.<br>Chez les Anglais, au tournant du XVIIe si\u00e8cle, la viole chante surtout, en cultivant le go\u00fbt du contrepoint. En France au XVIIe si\u00e8cle, on \u00ab parle \u00bb les m\u00e9lodies, on aime les \u00ab prononcer \u00bb et l\u2019on danse beaucoup aussi. En Allemagne, d\u00e8s le milieu du XVIIIe si\u00e8cle, on sculpte les harmonies en textures fluctuantes, se tournant d\u00e9j\u00e0 vers le classicisme, faisant m\u00eame parfois entendre quelques pr\u00e9misses du romantisme.<br>Quant au XXIe si\u00e8cle fran\u00e7ais, lorsqu\u2019on fait partie des compositeurs encore vivants, on est tout \u00e0 fait libre d\u2019imaginer une plainte tout \u00e0 son go\u00fbt.<\/p>\n\n\n\n<p><strong>18 Mai &#8211; Ensemble Eph\u00e9m\u00e8res<\/strong><\/p>\n\n\n\n<p><strong>8 juin &#8211; Ensemble Rue des Chantres<\/strong><\/p>\n\n\n\n<p><strong>29 juin &#8211; Flying Fishes<\/strong><\/p>\n\n\n\n<p><\/p>\n","protected":false},"excerpt":{"rendered":"<p>20 avril &#8211; Marianne Muller &#8211; L&rsquo;Esquisse d&rsquo;une Europe ? Ou de l\u2019entrem\u00ealement des styles et des go\u00fbts Les Chemins de musique ont la chance d&rsquo;accueillir \u00e0 nouveau Marianne Muller cette ann\u00e9e, en solo. A la Renaissance et \u00e0 l\u2019\u00e9poque &hellip; <a href=\"https:\/\/lescheminsdemusique.fr\/index.php\/prochains-concerts\/\">Continuer la lecture <span class=\"meta-nav\">&rarr;<\/span><\/a><\/p>\n","protected":false},"author":4,"featured_media":0,"parent":0,"menu_order":0,"comment_status":"closed","ping_status":"closed","template":"onecolumn-page.php","meta":{"footnotes":""},"class_list":["post-16","page","type-page","status-publish","hentry"],"_links":{"self":[{"href":"https:\/\/lescheminsdemusique.fr\/index.php\/wp-json\/wp\/v2\/pages\/16","targetHints":{"allow":["GET"]}}],"collection":[{"href":"https:\/\/lescheminsdemusique.fr\/index.php\/wp-json\/wp\/v2\/pages"}],"about":[{"href":"https:\/\/lescheminsdemusique.fr\/index.php\/wp-json\/wp\/v2\/types\/page"}],"author":[{"embeddable":true,"href":"https:\/\/lescheminsdemusique.fr\/index.php\/wp-json\/wp\/v2\/users\/4"}],"replies":[{"embeddable":true,"href":"https:\/\/lescheminsdemusique.fr\/index.php\/wp-json\/wp\/v2\/comments?post=16"}],"version-history":[{"count":25,"href":"https:\/\/lescheminsdemusique.fr\/index.php\/wp-json\/wp\/v2\/pages\/16\/revisions"}],"predecessor-version":[{"id":9312,"href":"https:\/\/lescheminsdemusique.fr\/index.php\/wp-json\/wp\/v2\/pages\/16\/revisions\/9312"}],"wp:attachment":[{"href":"https:\/\/lescheminsdemusique.fr\/index.php\/wp-json\/wp\/v2\/media?parent=16"}],"curies":[{"name":"wp","href":"https:\/\/api.w.org\/{rel}","templated":true}]}}