{"id":1666,"date":"2021-12-17T15:04:20","date_gmt":"2021-12-17T14:04:20","guid":{"rendered":"http:\/\/www.lescheminsdemusique.org\/?page_id=1666"},"modified":"2021-12-17T15:25:11","modified_gmt":"2021-12-17T14:25:11","slug":"6-decembre-r-2","status":"publish","type":"page","link":"https:\/\/lescheminsdemusique.fr\/index.php\/6-decembre-r-2\/","title":{"rendered":"6 d\u00e9cembre &#8211; R"},"content":{"rendered":"\n<p style=\"font-size:23px\"><strong>\u00ab Ma plus mignonne de mon cuer \u00bb<\/strong><\/p>\n\n\n\n<p> Les courageux spectateurs qui avaient brav\u00e9 la pluie et le vent pour cette soir\u00e9e n\u2019ont pas \u00e9t\u00e9 d\u00e9\u00e7us, car une fois de plus l\u2019ensemble <strong>\u00ab&nbsp;EPHEMERES&nbsp;\u00bb<\/strong> leur a offert une floril\u00e8ge de chants sur le th\u00e8me de l\u2019amour courtois, qu\u2019ont si bien mis en harmonie des compositeurs tels que <strong>Guillaume de MACHAUT<\/strong> (1300-1377), <strong>Guillaume DUFAY<\/strong> (1397-1474), <strong>Josquin des PRES <\/strong>(1440-1521), <strong>Claude LE JEUNE<\/strong> (vers 1530-1600), <strong>Cl\u00e9ment JANEQUIN<\/strong> (1485-1558), et aussi <strong>Jean PLANSON<\/strong> (1559&nbsp;?-161\u2026&nbsp;?), ou encore <strong>Guillaume LE HEURTEUR <\/strong>(16<sup>e<\/sup> si\u00e8cle). <\/p>\n\n\n\n<figure class=\"wp-block-image size-large\"><img loading=\"lazy\" decoding=\"async\" width=\"1024\" height=\"768\" src=\"http:\/\/lescheminsdemusique.fr\/wp-content\/uploads\/2021\/12\/P1050466-1024x768.jpg\" alt=\"\" class=\"wp-image-1675\" srcset=\"https:\/\/lescheminsdemusique.fr\/wp-content\/uploads\/2021\/12\/P1050466-1024x768.jpg 1024w, https:\/\/lescheminsdemusique.fr\/wp-content\/uploads\/2021\/12\/P1050466-300x225.jpg 300w, https:\/\/lescheminsdemusique.fr\/wp-content\/uploads\/2021\/12\/P1050466-768x576.jpg 768w, https:\/\/lescheminsdemusique.fr\/wp-content\/uploads\/2021\/12\/P1050466-1536x1152.jpg 1536w, https:\/\/lescheminsdemusique.fr\/wp-content\/uploads\/2021\/12\/P1050466-2048x1536.jpg 2048w\" sizes=\"auto, (max-width: 1024px) 100vw, 1024px\" \/><\/figure>\n\n\n\n<p>Les Dames \u00e9taient \u00e0 l\u2019honneur, avec&nbsp; ces motets, rondeaux, ballades ou virelets et airs de cour&nbsp;:  \u00ab&nbsp;\u2026biaut\u00e9 par\u00e9e de valour\u2026&nbsp;\u00bb&nbsp;; \u00ab&nbsp;\u2026douce dame jolie\u2026&nbsp;\u00bb&nbsp;; \u00ab&nbsp;\u2026ma belle dame souveraine\u2026&nbsp;\u00bb&nbsp;; \u00ab&nbsp;\u2026ma plus mignonne de mon cuer\u2026&nbsp;\u00bb\u2026Autant de d\u00e9clarations tendres ou enflamm\u00e9es, de regrets et de nostalgie, mais aussi parfois de joyeuses envol\u00e9es festives, tel ce remarquable \u00ab&nbsp;\u2026quand je boy du vin claret, tout tourne&nbsp;!&#8230;&nbsp;\u00bb. <\/p>\n\n\n\n<p> Les fid\u00e8les spectateurs ont appr\u00e9ci\u00e9 les voix aux accents m\u00e9di\u00e9vaux&nbsp; et les instruments anciens (vi\u00e8le, organetto, santur, percussions).<\/p>\n\n\n\n<div class=\"wp-block-media-text alignwide\"><figure class=\"wp-block-media-text__media\"><img loading=\"lazy\" decoding=\"async\" width=\"1024\" height=\"768\" src=\"http:\/\/lescheminsdemusique.fr\/wp-content\/uploads\/2021\/12\/P1050496-1024x768.jpg\" alt=\"\" class=\"wp-image-1683\" srcset=\"https:\/\/lescheminsdemusique.fr\/wp-content\/uploads\/2021\/12\/P1050496-1024x768.jpg 1024w, https:\/\/lescheminsdemusique.fr\/wp-content\/uploads\/2021\/12\/P1050496-300x225.jpg 300w, https:\/\/lescheminsdemusique.fr\/wp-content\/uploads\/2021\/12\/P1050496-768x576.jpg 768w, https:\/\/lescheminsdemusique.fr\/wp-content\/uploads\/2021\/12\/P1050496-1536x1152.jpg 1536w, https:\/\/lescheminsdemusique.fr\/wp-content\/uploads\/2021\/12\/P1050496-2048x1536.jpg 2048w\" sizes=\"auto, (max-width: 1024px) 100vw, 1024px\" \/><\/figure><div class=\"wp-block-media-text__content\">\n<p class=\"has-normal-font-size\"> Nul doute que nous reverrons avec le m\u00eame plaisir Pierre BOURHIS, Pascale COSTANTINI, Herv\u00e9 MAILLIET, Laurence MAMAN et Alain POUGETOUX au cours d\u2019une prochaine saison des Chemins de Musique.  <\/p>\n<\/div><\/div>\n","protected":false},"excerpt":{"rendered":"<p>\u00ab Ma plus mignonne de mon cuer \u00bb Les courageux spectateurs qui avaient brav\u00e9 la pluie et le vent pour cette soir\u00e9e n\u2019ont pas \u00e9t\u00e9 d\u00e9\u00e7us, car une fois de plus l\u2019ensemble \u00ab&nbsp;EPHEMERES&nbsp;\u00bb leur a offert une floril\u00e8ge de chants &hellip; <a href=\"https:\/\/lescheminsdemusique.fr\/index.php\/6-decembre-r-2\/\">Continuer la lecture <span class=\"meta-nav\">&rarr;<\/span><\/a><\/p>\n","protected":false},"author":4,"featured_media":0,"parent":0,"menu_order":0,"comment_status":"closed","ping_status":"closed","template":"","meta":{"footnotes":""},"class_list":["post-1666","page","type-page","status-publish","hentry"],"_links":{"self":[{"href":"https:\/\/lescheminsdemusique.fr\/index.php\/wp-json\/wp\/v2\/pages\/1666","targetHints":{"allow":["GET"]}}],"collection":[{"href":"https:\/\/lescheminsdemusique.fr\/index.php\/wp-json\/wp\/v2\/pages"}],"about":[{"href":"https:\/\/lescheminsdemusique.fr\/index.php\/wp-json\/wp\/v2\/types\/page"}],"author":[{"embeddable":true,"href":"https:\/\/lescheminsdemusique.fr\/index.php\/wp-json\/wp\/v2\/users\/4"}],"replies":[{"embeddable":true,"href":"https:\/\/lescheminsdemusique.fr\/index.php\/wp-json\/wp\/v2\/comments?post=1666"}],"version-history":[{"count":3,"href":"https:\/\/lescheminsdemusique.fr\/index.php\/wp-json\/wp\/v2\/pages\/1666\/revisions"}],"predecessor-version":[{"id":1695,"href":"https:\/\/lescheminsdemusique.fr\/index.php\/wp-json\/wp\/v2\/pages\/1666\/revisions\/1695"}],"wp:attachment":[{"href":"https:\/\/lescheminsdemusique.fr\/index.php\/wp-json\/wp\/v2\/media?parent=1666"}],"curies":[{"name":"wp","href":"https:\/\/api.w.org\/{rel}","templated":true}]}}