{"id":1858,"date":"2022-02-01T11:30:06","date_gmt":"2022-02-01T10:30:06","guid":{"rendered":"http:\/\/www.lescheminsdemusique.org\/?page_id=1858"},"modified":"2022-02-02T08:52:40","modified_gmt":"2022-02-02T07:52:40","slug":"31-janvier-2022-r","status":"publish","type":"page","link":"https:\/\/lescheminsdemusique.fr\/index.php\/31-janvier-2022-r\/","title":{"rendered":"31 janvier 2022 &#8211; R"},"content":{"rendered":"\n<figure class=\"wp-block-image size-large\"><img loading=\"lazy\" decoding=\"async\" width=\"1024\" height=\"768\" src=\"http:\/\/lescheminsdemusique.fr\/wp-content\/uploads\/2022\/02\/P1060470-1024x768.jpg\" alt=\"\" class=\"wp-image-1866\" srcset=\"https:\/\/lescheminsdemusique.fr\/wp-content\/uploads\/2022\/02\/P1060470-1024x768.jpg 1024w, https:\/\/lescheminsdemusique.fr\/wp-content\/uploads\/2022\/02\/P1060470-300x225.jpg 300w, https:\/\/lescheminsdemusique.fr\/wp-content\/uploads\/2022\/02\/P1060470-768x576.jpg 768w, https:\/\/lescheminsdemusique.fr\/wp-content\/uploads\/2022\/02\/P1060470.jpg 1280w\" sizes=\"auto, (max-width: 1024px) 100vw, 1024px\" \/><\/figure>\n\n\n\n<p><strong>L A QUINTINA\u2026<\/strong> Un ensemble remarquable.<\/p>\n\n\n\n<p>Ce dernier lundi de janvier, notre fid\u00e8le public a pu d\u00e9couvrir un programme original, trop peu souvent propos\u00e9.<\/p>\n\n\n\n<div class=\"wp-block-media-text alignwide\"><figure class=\"wp-block-media-text__media\"><img loading=\"lazy\" decoding=\"async\" width=\"1024\" height=\"768\" src=\"http:\/\/lescheminsdemusique.fr\/wp-content\/uploads\/2022\/02\/P1060485-1024x768.jpg\" alt=\"\" class=\"wp-image-1873\" srcset=\"https:\/\/lescheminsdemusique.fr\/wp-content\/uploads\/2022\/02\/P1060485-1024x768.jpg 1024w, https:\/\/lescheminsdemusique.fr\/wp-content\/uploads\/2022\/02\/P1060485-300x225.jpg 300w, https:\/\/lescheminsdemusique.fr\/wp-content\/uploads\/2022\/02\/P1060485-768x576.jpg 768w, https:\/\/lescheminsdemusique.fr\/wp-content\/uploads\/2022\/02\/P1060485.jpg 1280w\" sizes=\"auto, (max-width: 1024px) 100vw, 1024px\" \/><\/figure><div class=\"wp-block-media-text__content\">\n<p class=\"has-normal-font-size\">J\u00e9r\u00e9mie COULEAU, Christophe DESLIGNES, Esther LABOURDETTE et Sylvain MANET ont un ind\u00e9niable talent pour restituer ces harmonies vocales d\u2019un temps o\u00f9 l\u2019on commence \u00e0 vraiment \u00ab&nbsp;\u00e9crire&nbsp;\u00bb la musique.<\/p>\n<\/div><\/div>\n\n\n\n<p>Un art musical qui s\u2019est fa\u00e7onn\u00e9 au cours de ce XVI\u00e8me\nsi\u00e8cle, autour de l\u2019abbaye de WESTMINSTER.<\/p>\n\n\n\n<p>Nicholas LUDFORD, dont l\u2019\u0153uvre n\u2019est apparemment pas pass\u00e9e \u00e0 la post\u00e9rit\u00e9, a eu pourtant un parcours tout \u00e0 fait \u00e0 la hauteur de son talent. Tour \u00e0 tour vicaire, puis vicaire organiste \u00e0 la chapelle royale St STEPHEN, il obtiendra vers la fin de sa vie le poste honorifique de \u00ab\u00a0Churchwarden\u00a0\u00bb \u00e0 St MARGARET, de 1552 \u00e0 1554.<\/p>\n\n\n\n<p>Entre autres fonctions et charges, il lui sera confi\u00e9 la\ncomposition et la copie de la musique jou\u00e9e \u00e0 St MARGARET, ce qui semble avoir\n\u00e9t\u00e9 \u00e0 l\u2019origine de ce c\u00e9l\u00e8bre manuscrit, le \u00ab&nbsp;CAIUS CHAIRBOOK&nbsp;\u00bb.<\/p>\n\n\n\n<div class=\"wp-block-media-text alignwide\"><figure class=\"wp-block-media-text__media\"><img loading=\"lazy\" decoding=\"async\" width=\"1024\" height=\"768\" src=\"http:\/\/lescheminsdemusique.fr\/wp-content\/uploads\/2022\/02\/P1060472-1024x768.jpg\" alt=\"\" class=\"wp-image-1909\" srcset=\"https:\/\/lescheminsdemusique.fr\/wp-content\/uploads\/2022\/02\/P1060472-1024x768.jpg 1024w, https:\/\/lescheminsdemusique.fr\/wp-content\/uploads\/2022\/02\/P1060472-300x225.jpg 300w, https:\/\/lescheminsdemusique.fr\/wp-content\/uploads\/2022\/02\/P1060472-768x576.jpg 768w, https:\/\/lescheminsdemusique.fr\/wp-content\/uploads\/2022\/02\/P1060472.jpg 1280w\" sizes=\"auto, (max-width: 1024px) 100vw, 1024px\" \/><\/figure><div class=\"wp-block-media-text__content\">\n<p class=\"has-normal-font-size\"> \u00ab&nbsp;L\u2019organetto&nbsp;\u00bb, instrument heureusement &nbsp;sauvegard\u00e9, offre une  dimension compl\u00e9mentaire remarquable en accompagnement de ces m\u00e9lodies  liturgiques. <\/p>\n<\/div><\/div>\n","protected":false},"excerpt":{"rendered":"<p>L A QUINTINA\u2026 Un ensemble remarquable. Ce dernier lundi de janvier, notre fid\u00e8le public a pu d\u00e9couvrir un programme original, trop peu souvent propos\u00e9. J\u00e9r\u00e9mie COULEAU, Christophe DESLIGNES, Esther LABOURDETTE et Sylvain MANET ont un ind\u00e9niable talent pour restituer ces &hellip; <a href=\"https:\/\/lescheminsdemusique.fr\/index.php\/31-janvier-2022-r\/\">Continuer la lecture <span class=\"meta-nav\">&rarr;<\/span><\/a><\/p>\n","protected":false},"author":4,"featured_media":0,"parent":0,"menu_order":0,"comment_status":"closed","ping_status":"closed","template":"onecolumn-page.php","meta":{"footnotes":""},"class_list":["post-1858","page","type-page","status-publish","hentry"],"_links":{"self":[{"href":"https:\/\/lescheminsdemusique.fr\/index.php\/wp-json\/wp\/v2\/pages\/1858","targetHints":{"allow":["GET"]}}],"collection":[{"href":"https:\/\/lescheminsdemusique.fr\/index.php\/wp-json\/wp\/v2\/pages"}],"about":[{"href":"https:\/\/lescheminsdemusique.fr\/index.php\/wp-json\/wp\/v2\/types\/page"}],"author":[{"embeddable":true,"href":"https:\/\/lescheminsdemusique.fr\/index.php\/wp-json\/wp\/v2\/users\/4"}],"replies":[{"embeddable":true,"href":"https:\/\/lescheminsdemusique.fr\/index.php\/wp-json\/wp\/v2\/comments?post=1858"}],"version-history":[{"count":5,"href":"https:\/\/lescheminsdemusique.fr\/index.php\/wp-json\/wp\/v2\/pages\/1858\/revisions"}],"predecessor-version":[{"id":1921,"href":"https:\/\/lescheminsdemusique.fr\/index.php\/wp-json\/wp\/v2\/pages\/1858\/revisions\/1921"}],"wp:attachment":[{"href":"https:\/\/lescheminsdemusique.fr\/index.php\/wp-json\/wp\/v2\/media?parent=1858"}],"curies":[{"name":"wp","href":"https:\/\/api.w.org\/{rel}","templated":true}]}}