{"id":1927,"date":"2022-02-15T19:18:23","date_gmt":"2022-02-15T18:18:23","guid":{"rendered":"http:\/\/www.lescheminsdemusique.org\/?page_id=1927"},"modified":"2025-05-02T20:48:27","modified_gmt":"2025-05-02T18:48:27","slug":"cr-14-fevrier","status":"publish","type":"page","link":"https:\/\/lescheminsdemusique.fr\/index.php\/cr-14-fevrier\/","title":{"rendered":"14 f\u00e9vrier 2022 &#8211; R"},"content":{"rendered":"\n<div class=\"wp-block-media-text alignwide\"><figure class=\"wp-block-media-text__media\"><img loading=\"lazy\" decoding=\"async\" width=\"600\" height=\"600\" src=\"http:\/\/lescheminsdemusique.fr\/wp-content\/uploads\/2022\/02\/chapeau-robin-des-bois_7.jpg\" alt=\"\" class=\"wp-image-1935\" srcset=\"https:\/\/lescheminsdemusique.fr\/wp-content\/uploads\/2022\/02\/chapeau-robin-des-bois_7.jpg 600w, https:\/\/lescheminsdemusique.fr\/wp-content\/uploads\/2022\/02\/chapeau-robin-des-bois_7-300x300.jpg 300w, https:\/\/lescheminsdemusique.fr\/wp-content\/uploads\/2022\/02\/chapeau-robin-des-bois_7-150x150.jpg 150w\" sizes=\"auto, (max-width: 600px) 100vw, 600px\" \/><\/figure><div class=\"wp-block-media-text__content\">\n<p class=\"has-normal-font-size\">L\u2019ensemble <strong>OBSIDIENNE, Robin des Bois, Petit Jean et Fr\u00e8re Tuck<\/strong> ont envahi le Temple en ce lundi 14 f\u00e9vrier\u2026<\/p>\n<\/div><\/div>\n\n\n\n<p>La famille BONNARDOT (Emmanuel, Camille et Colin, H\u00e9l\u00e8ne MOREAU et Agathe ROBINET), avait choisi de pr\u00e9senter un programme original, qui nous a fait (re)d\u00e9couvrir ces instruments trop peu entendus\u00a0: guiterne, citole, rebec, viole, cornes, psalt\u00e9rion, et quelques percussions en prime.<\/p>\n\n\n\n<figure class=\"wp-block-image size-large\"><img loading=\"lazy\" decoding=\"async\" width=\"1024\" height=\"672\" src=\"http:\/\/lescheminsdemusique.fr\/wp-content\/uploads\/2022\/02\/P1060759-1024x672.jpg\" alt=\"\" class=\"wp-image-1970\" srcset=\"https:\/\/lescheminsdemusique.fr\/wp-content\/uploads\/2022\/02\/P1060759-1024x672.jpg 1024w, https:\/\/lescheminsdemusique.fr\/wp-content\/uploads\/2022\/02\/P1060759-300x197.jpg 300w, https:\/\/lescheminsdemusique.fr\/wp-content\/uploads\/2022\/02\/P1060759-768x504.jpg 768w, https:\/\/lescheminsdemusique.fr\/wp-content\/uploads\/2022\/02\/P1060759.jpg 1280w\" sizes=\"auto, (max-width: 1024px) 100vw, 1024px\" \/><\/figure>\n\n\n\n<div class=\"wp-block-media-text alignwide\"><figure class=\"wp-block-media-text__media\"><img loading=\"lazy\" decoding=\"async\" width=\"1024\" height=\"870\" src=\"http:\/\/lescheminsdemusique.fr\/wp-content\/uploads\/2022\/02\/P1060779-1024x870.jpg\" alt=\"\" class=\"wp-image-1975\" srcset=\"https:\/\/lescheminsdemusique.fr\/wp-content\/uploads\/2022\/02\/P1060779-1024x870.jpg 1024w, https:\/\/lescheminsdemusique.fr\/wp-content\/uploads\/2022\/02\/P1060779-300x255.jpg 300w, https:\/\/lescheminsdemusique.fr\/wp-content\/uploads\/2022\/02\/P1060779-768x653.jpg 768w, https:\/\/lescheminsdemusique.fr\/wp-content\/uploads\/2022\/02\/P1060779.jpg 1205w\" sizes=\"auto, (max-width: 1024px) 100vw, 1024px\" \/><\/figure><div class=\"wp-block-media-text__content\">\n<p class=\"has-normal-font-size\">Chants, rondeaux, motets du XII\u00e8me si\u00e8cle, mais \u00e9galement des \u0153uvres de William CORNYSH, Thomas MORLEY ou Philippe ROSSETER (XVI\u00e8me), et aussi Thomas WEELKES et PURCELL (XVII\u00e8me), ainsi qu\u2019un \u00e9poustouflant Cl\u00e9ment JANEQUIN (\u00ab\u00a0les cris de Paris\u00a0\u00bb)\u2026 <\/p>\n<\/div><\/div>\n\n\n\n<p>Autant d\u2019occasions de se r\u00e9jouir \u00e0 l\u2019\u00e9coute des aventures du\nc\u00e9l\u00e8bre ROBIN des BOIS, devenu une l\u00e9gende au fil des si\u00e8cles&nbsp;! &nbsp;<\/p>\n\n\n\n<p>Un rendez-vous de tr\u00e8s grande qualit\u00e9, en d\u00e9pit d\u2019une m\u00e9t\u00e9o\nun peu \u00ab&nbsp;humide&nbsp;\u00bb. &nbsp;<\/p>\n","protected":false},"excerpt":{"rendered":"<p>L\u2019ensemble OBSIDIENNE, Robin des Bois, Petit Jean et Fr\u00e8re Tuck ont envahi le Temple en ce lundi 14 f\u00e9vrier\u2026 La famille BONNARDOT (Emmanuel, Camille et Colin, H\u00e9l\u00e8ne MOREAU et Agathe ROBINET), avait choisi de pr\u00e9senter un programme original, qui nous &hellip; <a href=\"https:\/\/lescheminsdemusique.fr\/index.php\/cr-14-fevrier\/\">Continuer la lecture <span class=\"meta-nav\">&rarr;<\/span><\/a><\/p>\n","protected":false},"author":4,"featured_media":0,"parent":0,"menu_order":0,"comment_status":"closed","ping_status":"closed","template":"onecolumn-page.php","meta":{"footnotes":""},"class_list":["post-1927","page","type-page","status-publish","hentry"],"_links":{"self":[{"href":"https:\/\/lescheminsdemusique.fr\/index.php\/wp-json\/wp\/v2\/pages\/1927","targetHints":{"allow":["GET"]}}],"collection":[{"href":"https:\/\/lescheminsdemusique.fr\/index.php\/wp-json\/wp\/v2\/pages"}],"about":[{"href":"https:\/\/lescheminsdemusique.fr\/index.php\/wp-json\/wp\/v2\/types\/page"}],"author":[{"embeddable":true,"href":"https:\/\/lescheminsdemusique.fr\/index.php\/wp-json\/wp\/v2\/users\/4"}],"replies":[{"embeddable":true,"href":"https:\/\/lescheminsdemusique.fr\/index.php\/wp-json\/wp\/v2\/comments?post=1927"}],"version-history":[{"count":5,"href":"https:\/\/lescheminsdemusique.fr\/index.php\/wp-json\/wp\/v2\/pages\/1927\/revisions"}],"predecessor-version":[{"id":2001,"href":"https:\/\/lescheminsdemusique.fr\/index.php\/wp-json\/wp\/v2\/pages\/1927\/revisions\/2001"}],"wp:attachment":[{"href":"https:\/\/lescheminsdemusique.fr\/index.php\/wp-json\/wp\/v2\/media?parent=1927"}],"curies":[{"name":"wp","href":"https:\/\/api.w.org\/{rel}","templated":true}]}}