{"id":20,"date":"2020-12-31T12:04:22","date_gmt":"2020-12-31T11:04:22","guid":{"rendered":"http:\/\/leschel.cluster023.hosting.ovh.net\/?page_id=20"},"modified":"2025-05-03T09:08:04","modified_gmt":"2025-05-03T07:08:04","slug":"adherer","status":"publish","type":"page","link":"https:\/\/lescheminsdemusique.fr\/index.php\/adherer\/","title":{"rendered":"Adh\u00e9rer"},"content":{"rendered":"\n<p>Si vous souhaitez adh\u00e9rer \u00e0 l&rsquo;association, merci de remplir le <a rel=\"noreferrer noopener\" aria-label=\"formulaire (s\u2019ouvre dans un nouvel onglet)\" href=\"https:\/\/forms.gle\/E94yKqWGCpuYfxXUA\" target=\"_blank\">formulaire<\/a> en ligne, ou <a href=\"http:\/\/lescheminsdemusique.fr\/wp-content\/uploads\/2025\/05\/Bulletin-dadh\u00e9sion-2025.pdf\">sa version hors ligne<\/a>.<\/p>\n\n\n\n<p>En adh\u00e9rant, vous soutenez l&rsquo;action de l&rsquo;association et lui permettez de fonctionner, en tant que membre actif (cotisation de 25\u20ac) ou membre bienfaiteur (cotisation de 50\u20ac).<\/p>\n","protected":false},"excerpt":{"rendered":"<p>Si vous souhaitez adh\u00e9rer \u00e0 l&rsquo;association, merci de remplir le formulaire en ligne, ou sa version hors ligne. En adh\u00e9rant, vous soutenez l&rsquo;action de l&rsquo;association et lui permettez de fonctionner, en tant que membre actif (cotisation de 25\u20ac) ou membre &hellip; <a href=\"https:\/\/lescheminsdemusique.fr\/index.php\/adherer\/\">Continuer la lecture <span class=\"meta-nav\">&rarr;<\/span><\/a><\/p>\n","protected":false},"author":4,"featured_media":0,"parent":0,"menu_order":0,"comment_status":"closed","ping_status":"closed","template":"onecolumn-page.php","meta":{"footnotes":""},"class_list":["post-20","page","type-page","status-publish","hentry"],"_links":{"self":[{"href":"https:\/\/lescheminsdemusique.fr\/index.php\/wp-json\/wp\/v2\/pages\/20","targetHints":{"allow":["GET"]}}],"collection":[{"href":"https:\/\/lescheminsdemusique.fr\/index.php\/wp-json\/wp\/v2\/pages"}],"about":[{"href":"https:\/\/lescheminsdemusique.fr\/index.php\/wp-json\/wp\/v2\/types\/page"}],"author":[{"embeddable":true,"href":"https:\/\/lescheminsdemusique.fr\/index.php\/wp-json\/wp\/v2\/users\/4"}],"replies":[{"embeddable":true,"href":"https:\/\/lescheminsdemusique.fr\/index.php\/wp-json\/wp\/v2\/comments?post=20"}],"version-history":[{"count":8,"href":"https:\/\/lescheminsdemusique.fr\/index.php\/wp-json\/wp\/v2\/pages\/20\/revisions"}],"predecessor-version":[{"id":6469,"href":"https:\/\/lescheminsdemusique.fr\/index.php\/wp-json\/wp\/v2\/pages\/20\/revisions\/6469"}],"wp:attachment":[{"href":"https:\/\/lescheminsdemusique.fr\/index.php\/wp-json\/wp\/v2\/media?parent=20"}],"curies":[{"name":"wp","href":"https:\/\/api.w.org\/{rel}","templated":true}]}}