{"id":2358,"date":"2022-05-17T09:54:06","date_gmt":"2022-05-17T07:54:06","guid":{"rendered":"http:\/\/www.lescheminsdemusique.org\/?page_id=2358"},"modified":"2022-05-17T09:57:05","modified_gmt":"2022-05-17T07:57:05","slug":"cr-9-mai-2022","status":"publish","type":"page","link":"https:\/\/lescheminsdemusique.fr\/index.php\/cr-9-mai-2022\/","title":{"rendered":"9 mai 2022 &#8211; R"},"content":{"rendered":"\n<p>Le <strong>STABAT MATER de PERGOLESE <\/strong>au Temple ce lundi 9 mai\u2026<\/p>\n\n\n\n<p> Apr\u00e8s un remarquable JUBILATE DOMINO, de Dietrich BUXTEHUDE, et le DOMINE DEUS de VIVALDI, c\u2019est PERGOLESE qui \u00e9tait invit\u00e9 au Temple ce lundi 9 mai. <\/p>\n\n\n\n<div class=\"wp-block-media-text alignwide\"><figure class=\"wp-block-media-text__media\"><img loading=\"lazy\" decoding=\"async\" width=\"1024\" height=\"768\" src=\"http:\/\/lescheminsdemusique.fr\/wp-content\/uploads\/2022\/05\/P1080892-1-1024x768.jpg\" alt=\"\" class=\"wp-image-2373\" srcset=\"https:\/\/lescheminsdemusique.fr\/wp-content\/uploads\/2022\/05\/P1080892-1-1024x768.jpg 1024w, https:\/\/lescheminsdemusique.fr\/wp-content\/uploads\/2022\/05\/P1080892-1-300x225.jpg 300w, https:\/\/lescheminsdemusique.fr\/wp-content\/uploads\/2022\/05\/P1080892-1-768x576.jpg 768w, https:\/\/lescheminsdemusique.fr\/wp-content\/uploads\/2022\/05\/P1080892-1.jpg 1280w\" sizes=\"auto, (max-width: 1024px) 100vw, 1024px\" \/><\/figure><div class=\"wp-block-media-text__content\">\n<p class=\"has-normal-font-size\"> Un tr\u00e8s appr\u00e9ci\u00e9 STABAT MATER, que nous ont offert <strong>Nadine CLAUSE<\/strong> (soprano) et <strong>Ludovic GLOWACZ<\/strong> (contre-t\u00e9nor) accompagn\u00e9s par <strong>Felipe GUERRA<\/strong> \u00e0 l\u2019orgue. <\/p>\n<\/div><\/div>\n\n\n\n<p> Une interpr\u00e9tation tout en sensibilit\u00e9, avec de belles envol\u00e9es lyriques, chaleureusement ovationn\u00e9e par un public venu nombreux pour ce programme. <\/p>\n","protected":false},"excerpt":{"rendered":"<p>Le STABAT MATER de PERGOLESE au Temple ce lundi 9 mai\u2026 Apr\u00e8s un remarquable JUBILATE DOMINO, de Dietrich BUXTEHUDE, et le DOMINE DEUS de VIVALDI, c\u2019est PERGOLESE qui \u00e9tait invit\u00e9 au Temple ce lundi 9 mai. Un tr\u00e8s appr\u00e9ci\u00e9 STABAT &hellip; <a href=\"https:\/\/lescheminsdemusique.fr\/index.php\/cr-9-mai-2022\/\">Continuer la lecture <span class=\"meta-nav\">&rarr;<\/span><\/a><\/p>\n","protected":false},"author":4,"featured_media":0,"parent":0,"menu_order":0,"comment_status":"closed","ping_status":"closed","template":"onecolumn-page.php","meta":{"footnotes":""},"class_list":["post-2358","page","type-page","status-publish","hentry"],"_links":{"self":[{"href":"https:\/\/lescheminsdemusique.fr\/index.php\/wp-json\/wp\/v2\/pages\/2358","targetHints":{"allow":["GET"]}}],"collection":[{"href":"https:\/\/lescheminsdemusique.fr\/index.php\/wp-json\/wp\/v2\/pages"}],"about":[{"href":"https:\/\/lescheminsdemusique.fr\/index.php\/wp-json\/wp\/v2\/types\/page"}],"author":[{"embeddable":true,"href":"https:\/\/lescheminsdemusique.fr\/index.php\/wp-json\/wp\/v2\/users\/4"}],"replies":[{"embeddable":true,"href":"https:\/\/lescheminsdemusique.fr\/index.php\/wp-json\/wp\/v2\/comments?post=2358"}],"version-history":[{"count":2,"href":"https:\/\/lescheminsdemusique.fr\/index.php\/wp-json\/wp\/v2\/pages\/2358\/revisions"}],"predecessor-version":[{"id":2390,"href":"https:\/\/lescheminsdemusique.fr\/index.php\/wp-json\/wp\/v2\/pages\/2358\/revisions\/2390"}],"wp:attachment":[{"href":"https:\/\/lescheminsdemusique.fr\/index.php\/wp-json\/wp\/v2\/media?parent=2358"}],"curies":[{"name":"wp","href":"https:\/\/api.w.org\/{rel}","templated":true}]}}