{"id":2456,"date":"2022-06-01T10:50:29","date_gmt":"2022-06-01T08:50:29","guid":{"rendered":"http:\/\/www.lescheminsdemusique.org\/?page_id=2456"},"modified":"2022-06-01T12:01:00","modified_gmt":"2022-06-01T10:01:00","slug":"30-mai-2022-r","status":"publish","type":"page","link":"https:\/\/lescheminsdemusique.fr\/index.php\/30-mai-2022-r\/","title":{"rendered":"30 mai 2022 &#8211; R"},"content":{"rendered":"\n<p><strong>\u00ab&nbsp;Funestes Vanit\u00e9s&nbsp;\u00bb<\/strong> au Temple ce lundi 30 mai\u2026<\/p>\n\n\n\n<p>\u2026mais propos\u00e9es par l<strong>\u2019ensemble AMARANTHE<\/strong>, ces \u00ab&nbsp;vanit\u00e9s&nbsp;\u00bb ont \u00e9t\u00e9 illustr\u00e9es par de remarquables \u00ab&nbsp;Airs Spirituels&nbsp;\u00bb du XVIIe si\u00e8cle.<\/p>\n\n\n\n<div class=\"wp-block-media-text alignwide\"><figure class=\"wp-block-media-text__media\"><img loading=\"lazy\" decoding=\"async\" width=\"1024\" height=\"584\" src=\"http:\/\/lescheminsdemusique.fr\/wp-content\/uploads\/2022\/06\/P1090728-1024x584.jpg\" alt=\"\" class=\"wp-image-2466\" srcset=\"https:\/\/lescheminsdemusique.fr\/wp-content\/uploads\/2022\/06\/P1090728-1024x584.jpg 1024w, https:\/\/lescheminsdemusique.fr\/wp-content\/uploads\/2022\/06\/P1090728-300x171.jpg 300w, https:\/\/lescheminsdemusique.fr\/wp-content\/uploads\/2022\/06\/P1090728-768x438.jpg 768w, https:\/\/lescheminsdemusique.fr\/wp-content\/uploads\/2022\/06\/P1090728.jpg 1280w\" sizes=\"auto, (max-width: 1024px) 100vw, 1024px\" \/><\/figure><div class=\"wp-block-media-text__content\">\n<p class=\"has-small-font-size\"> Trois voix magnifiques\u00a0: C\u00e9cile PIERROT et Dana\u00e9 MONNIE (dessus) et Roland TEN WEGES (basse) qui ont \u00e9t\u00e9 accompagn\u00e9es par Ondine LACORNE-HEBRARD (viole de gambe),  Bruno ORTEGA (fl\u00fbtes), Richard CIVIOL (th\u00e9orbe), Nicolas DESPREZ (clavecin) et Dominique PARIS (musette de cour). <\/p>\n<\/div><\/div>\n\n\n\n<p> Un programme tout en nuances et fougue\u2026 Ces airs spirituels mettent en lumi\u00e8re la foi (\u00ab&nbsp;enfin mortel, il faut mourir&nbsp;\u00bb, \u00ab&nbsp;je vous adore ici&nbsp;\u00bb,&nbsp; de Denis MACE, 1600-1664), le renoncement aux plaisirs (\u00ab&nbsp;Autrefois&nbsp;\u00bb, \u00ab&nbsp;r\u00e9jouis-toi&nbsp;\u00bb, \u00ab&nbsp;il faut \u00eatre insens\u00e9&nbsp;\u00bb, de Bertrand de BACILLY, 1621-1690), la n\u00e9cessit\u00e9 de se soustraire aux vanit\u00e9s de ce monde (\u00ab&nbsp;les stances Chr\u00e9tiennes&nbsp;\u00bb du \u00ab&nbsp;SOLITAIRE&nbsp;\u00bb, anonyme, \u00e9ditions autour de 1705)&nbsp;; la recherche de la m\u00e9ditation (\u00ab&nbsp;que j\u2019\u00e9tais malheureux&nbsp;\u00bb, Stances Chr\u00e9tiennes de l\u2019abb\u00e9 TESTU, de Claude OUDOT, 16..-1696). <\/p>\n\n\n\n<p>Mais aussi quelques airs plus \u00ab&nbsp;dansants&nbsp;\u00bb, avec\nce tr\u00e8s enlev\u00e9 \u00ab&nbsp;volez au son de nos musettes&nbsp;\u00bb, de CAMPRA (extrait\nd\u2019IDOMENEE). <\/p>\n\n\n\n<p>Moments privil\u00e9gi\u00e9s \u00e9galement, avec ces \u0153uvres\ninstrumentales&nbsp;:<\/p>\n\n\n\n<ul class=\"wp-block-list\"><li>\u00ab&nbsp;bergeries&nbsp;\u00bb, de Fran\u00e7ois COUPERIN (musette et fl\u00fbte)&nbsp;;<\/li><li>\u00ab&nbsp;caprice&nbsp;\u00bb de Marin MARAIS, pour viole de gambe&nbsp;;<\/li><li>\u00ab&nbsp;premi\u00e8re gentillesse&nbsp;\u00bb de Jean-BODIN de BOISMORTIER (musette et fl\u00fbte)&nbsp;;<\/li><li>\u00ab&nbsp;chaconne de Louis COUPERIN, au clavecin.<\/li><\/ul>\n\n\n\n<figure class=\"wp-block-image size-large\"><img loading=\"lazy\" decoding=\"async\" width=\"1024\" height=\"414\" src=\"http:\/\/lescheminsdemusique.fr\/wp-content\/uploads\/2022\/06\/P1090788-1024x414.jpg\" alt=\"\" class=\"wp-image-2472\" srcset=\"https:\/\/lescheminsdemusique.fr\/wp-content\/uploads\/2022\/06\/P1090788-1024x414.jpg 1024w, https:\/\/lescheminsdemusique.fr\/wp-content\/uploads\/2022\/06\/P1090788-300x121.jpg 300w, https:\/\/lescheminsdemusique.fr\/wp-content\/uploads\/2022\/06\/P1090788-768x310.jpg 768w, https:\/\/lescheminsdemusique.fr\/wp-content\/uploads\/2022\/06\/P1090788-1536x621.jpg 1536w, https:\/\/lescheminsdemusique.fr\/wp-content\/uploads\/2022\/06\/P1090788-2048x828.jpg 2048w\" sizes=\"auto, (max-width: 1024px) 100vw, 1024px\" \/><\/figure>\n\n\n\n<p> <\/p>\n","protected":false},"excerpt":{"rendered":"<p>\u00ab&nbsp;Funestes Vanit\u00e9s&nbsp;\u00bb au Temple ce lundi 30 mai\u2026 \u2026mais propos\u00e9es par l\u2019ensemble AMARANTHE, ces \u00ab&nbsp;vanit\u00e9s&nbsp;\u00bb ont \u00e9t\u00e9 illustr\u00e9es par de remarquables \u00ab&nbsp;Airs Spirituels&nbsp;\u00bb du XVIIe si\u00e8cle. Trois voix magnifiques\u00a0: C\u00e9cile PIERROT et Dana\u00e9 MONNIE (dessus) et Roland TEN WEGES (basse) &hellip; <a href=\"https:\/\/lescheminsdemusique.fr\/index.php\/30-mai-2022-r\/\">Continuer la lecture <span class=\"meta-nav\">&rarr;<\/span><\/a><\/p>\n","protected":false},"author":4,"featured_media":0,"parent":0,"menu_order":0,"comment_status":"closed","ping_status":"closed","template":"onecolumn-page.php","meta":{"footnotes":""},"class_list":["post-2456","page","type-page","status-publish","hentry"],"_links":{"self":[{"href":"https:\/\/lescheminsdemusique.fr\/index.php\/wp-json\/wp\/v2\/pages\/2456","targetHints":{"allow":["GET"]}}],"collection":[{"href":"https:\/\/lescheminsdemusique.fr\/index.php\/wp-json\/wp\/v2\/pages"}],"about":[{"href":"https:\/\/lescheminsdemusique.fr\/index.php\/wp-json\/wp\/v2\/types\/page"}],"author":[{"embeddable":true,"href":"https:\/\/lescheminsdemusique.fr\/index.php\/wp-json\/wp\/v2\/users\/4"}],"replies":[{"embeddable":true,"href":"https:\/\/lescheminsdemusique.fr\/index.php\/wp-json\/wp\/v2\/comments?post=2456"}],"version-history":[{"count":4,"href":"https:\/\/lescheminsdemusique.fr\/index.php\/wp-json\/wp\/v2\/pages\/2456\/revisions"}],"predecessor-version":[{"id":2500,"href":"https:\/\/lescheminsdemusique.fr\/index.php\/wp-json\/wp\/v2\/pages\/2456\/revisions\/2500"}],"wp:attachment":[{"href":"https:\/\/lescheminsdemusique.fr\/index.php\/wp-json\/wp\/v2\/media?parent=2456"}],"curies":[{"name":"wp","href":"https:\/\/api.w.org\/{rel}","templated":true}]}}