{"id":2524,"date":"2022-06-29T11:24:29","date_gmt":"2022-06-29T09:24:29","guid":{"rendered":"http:\/\/www.lescheminsdemusique.org\/?page_id=2524"},"modified":"2022-06-29T11:37:00","modified_gmt":"2022-06-29T09:37:00","slug":"27-juin-2022-r","status":"publish","type":"page","link":"https:\/\/lescheminsdemusique.fr\/index.php\/27-juin-2022-r\/","title":{"rendered":"27 juin 2022 &#8211; R"},"content":{"rendered":"\n<p><strong>\u00ab&nbsp;Un chemin de musique&nbsp;\u00bb <\/strong>aux Chemins de musique, ce lundi 27 juin au Temple\u2026<\/p>\n\n\n\n<figure class=\"wp-block-image size-large\"><img loading=\"lazy\" decoding=\"async\" width=\"1024\" height=\"335\" src=\"http:\/\/lescheminsdemusique.fr\/wp-content\/uploads\/2022\/06\/Vignette-a\u0300-5-1024x335.jpeg\" alt=\"\" class=\"wp-image-2536\" srcset=\"https:\/\/lescheminsdemusique.fr\/wp-content\/uploads\/2022\/06\/Vignette-a\u0300-5-1024x335.jpeg 1024w, https:\/\/lescheminsdemusique.fr\/wp-content\/uploads\/2022\/06\/Vignette-a\u0300-5-300x98.jpeg 300w, https:\/\/lescheminsdemusique.fr\/wp-content\/uploads\/2022\/06\/Vignette-a\u0300-5-768x251.jpeg 768w, https:\/\/lescheminsdemusique.fr\/wp-content\/uploads\/2022\/06\/Vignette-a\u0300-5.jpeg 1428w\" sizes=\"auto, (max-width: 1024px) 100vw, 1024px\" \/><\/figure>\n\n\n\n<p>\u2026Et ce bel ensemble vocal pour un parcours captivant, du Xe au XVe si\u00e8cle, avec une succession de KYRIE, d\u2019extraits de messes (la si belle \u00ab&nbsp;messe de NOSTRE DAME&nbsp;\u00bb, de Guillaume de MACHAUT, 1584). Ce concert d\u00e9butait par un \u00ab&nbsp;cunctipotens genitor&nbsp;\u00bb, de ANON (10<sup>e<\/sup> si\u00e8cle), un autre de Gauterius de Castello RAINARDI (12<sup>e<\/sup> si\u00e8cle), mais le public d\u00e9couvrait \u00e9galement un \u00ab&nbsp;Credo&nbsp;\u00bb \u00e0 quatre voix de Perrinet (14<sup>e<\/sup> si\u00e8cle), un extrait de la \u00ab&nbsp;Missa Rex Virginum&nbsp;\u00bb, de Juan de Anchieta (16<sup>e <\/sup>si\u00e8cle), un autre Kyrie de Gilles Binchois\u2026 Plus quelques \u00ab&nbsp;p\u00e9pites&nbsp;\u00bb de Heinrich Isaac (Kyrie de la \u00ab&nbsp;Missa Solemnis, 12<sup>e<\/sup> si\u00e8cle), de Johannes Lublin (16<sup>e<\/sup> si\u00e8cle)\u2026<\/p>\n\n\n\n<div class=\"wp-block-media-text alignwide\" style=\"grid-template-columns:27% auto\"><figure class=\"wp-block-media-text__media\"><img loading=\"lazy\" decoding=\"async\" width=\"691\" height=\"1024\" src=\"http:\/\/lescheminsdemusique.fr\/wp-content\/uploads\/2022\/06\/D-Mbs-Mus.-MS-3-f.38-Isaac-a\u0300-5-691x1024.jpeg\" alt=\"\" class=\"wp-image-2546\" srcset=\"https:\/\/lescheminsdemusique.fr\/wp-content\/uploads\/2022\/06\/D-Mbs-Mus.-MS-3-f.38-Isaac-a\u0300-5-691x1024.jpeg 691w, https:\/\/lescheminsdemusique.fr\/wp-content\/uploads\/2022\/06\/D-Mbs-Mus.-MS-3-f.38-Isaac-a\u0300-5-202x300.jpeg 202w, https:\/\/lescheminsdemusique.fr\/wp-content\/uploads\/2022\/06\/D-Mbs-Mus.-MS-3-f.38-Isaac-a\u0300-5-768x1138.jpeg 768w, https:\/\/lescheminsdemusique.fr\/wp-content\/uploads\/2022\/06\/D-Mbs-Mus.-MS-3-f.38-Isaac-a\u0300-5-1037x1536.jpeg 1037w, https:\/\/lescheminsdemusique.fr\/wp-content\/uploads\/2022\/06\/D-Mbs-Mus.-MS-3-f.38-Isaac-a\u0300-5-1382x2048.jpeg 1382w, https:\/\/lescheminsdemusique.fr\/wp-content\/uploads\/2022\/06\/D-Mbs-Mus.-MS-3-f.38-Isaac-a\u0300-5-scaled.jpeg 1728w\" sizes=\"auto, (max-width: 691px) 100vw, 691px\" \/><\/figure><div class=\"wp-block-media-text__content\">\n<p class=\"has-medium-font-size\">De fa\u00e7on originale, les partitions des \u0153uvres chant\u00e9es \u00e9taient projet\u00e9es en temps r\u00e9el sur un \u00e9cran.<\/p>\n<\/div><\/div>\n\n\n\n<figure class=\"wp-block-image size-large\"><img loading=\"lazy\" decoding=\"async\" width=\"1024\" height=\"768\" src=\"http:\/\/lescheminsdemusique.fr\/wp-content\/uploads\/2022\/06\/P1110298-1024x768.jpg\" alt=\"\" class=\"wp-image-2586\" srcset=\"https:\/\/lescheminsdemusique.fr\/wp-content\/uploads\/2022\/06\/P1110298-1024x768.jpg 1024w, https:\/\/lescheminsdemusique.fr\/wp-content\/uploads\/2022\/06\/P1110298-300x225.jpg 300w, https:\/\/lescheminsdemusique.fr\/wp-content\/uploads\/2022\/06\/P1110298-768x576.jpg 768w, https:\/\/lescheminsdemusique.fr\/wp-content\/uploads\/2022\/06\/P1110298-1536x1152.jpg 1536w, https:\/\/lescheminsdemusique.fr\/wp-content\/uploads\/2022\/06\/P1110298-2048x1536.jpg 2048w\" sizes=\"auto, (max-width: 1024px) 100vw, 1024px\" \/><\/figure>\n\n\n\n<p><strong>C\u00e9cile BANQUEY, Sarah RICHARDS, Rapha\u00ebl PICAZOS, Vincent PISLAR et Renaud TRIPATHI,<\/strong> accompagn\u00e9s par <strong>Olivier CAMELIN<\/strong> \u00e0 l\u2019orgue ou \u00e0 l\u2019organetto, ont ravi le public, venu d\u00e9couvrir ces \u0153uvres peu connues de nos si\u00e8cles pass\u00e9s.<\/p>\n\n\n\n<figure class=\"wp-block-image size-large\"><img loading=\"lazy\" decoding=\"async\" width=\"1024\" height=\"700\" src=\"http:\/\/lescheminsdemusique.fr\/wp-content\/uploads\/2022\/06\/P1110307-1024x700.jpg\" alt=\"\" class=\"wp-image-2552\" srcset=\"https:\/\/lescheminsdemusique.fr\/wp-content\/uploads\/2022\/06\/P1110307-1024x700.jpg 1024w, https:\/\/lescheminsdemusique.fr\/wp-content\/uploads\/2022\/06\/P1110307-300x205.jpg 300w, https:\/\/lescheminsdemusique.fr\/wp-content\/uploads\/2022\/06\/P1110307-768x525.jpg 768w, https:\/\/lescheminsdemusique.fr\/wp-content\/uploads\/2022\/06\/P1110307-1536x1050.jpg 1536w, https:\/\/lescheminsdemusique.fr\/wp-content\/uploads\/2022\/06\/P1110307-2048x1399.jpg 2048w\" sizes=\"auto, (max-width: 1024px) 100vw, 1024px\" \/><\/figure>\n","protected":false},"excerpt":{"rendered":"<p>\u00ab&nbsp;Un chemin de musique&nbsp;\u00bb aux Chemins de musique, ce lundi 27 juin au Temple\u2026 \u2026Et ce bel ensemble vocal pour un parcours captivant, du Xe au XVe si\u00e8cle, avec une succession de KYRIE, d\u2019extraits de messes (la si belle \u00ab&nbsp;messe &hellip; <a href=\"https:\/\/lescheminsdemusique.fr\/index.php\/27-juin-2022-r\/\">Continuer la lecture <span class=\"meta-nav\">&rarr;<\/span><\/a><\/p>\n","protected":false},"author":4,"featured_media":0,"parent":0,"menu_order":0,"comment_status":"closed","ping_status":"closed","template":"onecolumn-page.php","meta":{"footnotes":""},"class_list":["post-2524","page","type-page","status-publish","hentry"],"_links":{"self":[{"href":"https:\/\/lescheminsdemusique.fr\/index.php\/wp-json\/wp\/v2\/pages\/2524","targetHints":{"allow":["GET"]}}],"collection":[{"href":"https:\/\/lescheminsdemusique.fr\/index.php\/wp-json\/wp\/v2\/pages"}],"about":[{"href":"https:\/\/lescheminsdemusique.fr\/index.php\/wp-json\/wp\/v2\/types\/page"}],"author":[{"embeddable":true,"href":"https:\/\/lescheminsdemusique.fr\/index.php\/wp-json\/wp\/v2\/users\/4"}],"replies":[{"embeddable":true,"href":"https:\/\/lescheminsdemusique.fr\/index.php\/wp-json\/wp\/v2\/comments?post=2524"}],"version-history":[{"count":4,"href":"https:\/\/lescheminsdemusique.fr\/index.php\/wp-json\/wp\/v2\/pages\/2524\/revisions"}],"predecessor-version":[{"id":2589,"href":"https:\/\/lescheminsdemusique.fr\/index.php\/wp-json\/wp\/v2\/pages\/2524\/revisions\/2589"}],"wp:attachment":[{"href":"https:\/\/lescheminsdemusique.fr\/index.php\/wp-json\/wp\/v2\/media?parent=2524"}],"curies":[{"name":"wp","href":"https:\/\/api.w.org\/{rel}","templated":true}]}}