{"id":2746,"date":"2022-10-11T18:36:03","date_gmt":"2022-10-11T16:36:03","guid":{"rendered":"http:\/\/www.lescheminsdemusique.org\/?page_id=2746"},"modified":"2025-05-02T20:48:27","modified_gmt":"2025-05-02T18:48:27","slug":"10-octobre-2022-r","status":"publish","type":"page","link":"https:\/\/lescheminsdemusique.fr\/index.php\/10-octobre-2022-r\/","title":{"rendered":"10 octobre 2022 &#8211; R"},"content":{"rendered":"\n<p class=\"has-medium-font-size\"><strong>Du baroque ce lundi 10 octobre au Temple&nbsp;!<\/strong><\/p>\n\n\n\n<p>Rien de plus vari\u00e9, de plus divers que la musique\n\u00ab&nbsp;baroque&nbsp;\u00bb\u2026<br>\nEt l\u2019ensemble \u00ab&nbsp;PRELUDE&nbsp;\u00bb nous l\u2019a bien d\u00e9montr\u00e9 ce lundi soir, avec\nun programme allant de LECLAIR (superbe \u00ab&nbsp;deuxi\u00e8me r\u00e9cr\u00e9ation&nbsp;\u00bb en\nsol&nbsp;!) \u00e0 Marin MARAIS (quelques remarquables \u00ab&nbsp;pi\u00e8ces en\ntrio&nbsp;\u00bb), en passant par RAMEAU (ah&nbsp;! Ces \u00ab&nbsp;for\u00eats\npaisibles&nbsp;\u00bb des Indes Galantes&nbsp;!), HOTTETERRE, CAMPRA, de BOISMORTIER\nou encore MONTECLAIR.<\/p>\n\n\n\n<div class=\"wp-block-media-text alignwide\"><figure class=\"wp-block-media-text__media\"><img loading=\"lazy\" decoding=\"async\" width=\"1024\" height=\"768\" src=\"http:\/\/lescheminsdemusique.fr\/wp-content\/uploads\/2022\/10\/P1140748-1024x768.jpg\" alt=\"\" class=\"wp-image-2758\" srcset=\"https:\/\/lescheminsdemusique.fr\/wp-content\/uploads\/2022\/10\/P1140748-1024x768.jpg 1024w, https:\/\/lescheminsdemusique.fr\/wp-content\/uploads\/2022\/10\/P1140748-300x225.jpg 300w, https:\/\/lescheminsdemusique.fr\/wp-content\/uploads\/2022\/10\/P1140748-768x576.jpg 768w, https:\/\/lescheminsdemusique.fr\/wp-content\/uploads\/2022\/10\/P1140748-1536x1152.jpg 1536w, https:\/\/lescheminsdemusique.fr\/wp-content\/uploads\/2022\/10\/P1140748-2048x1536.jpg 2048w\" sizes=\"auto, (max-width: 1024px) 100vw, 1024px\" \/><\/figure><div class=\"wp-block-media-text__content\">\n<p class=\"has-normal-font-size\"> Fran\u00e7ois Naturel (fl\u00fbte traversi\u00e8re baroque) dirigeait cet ensemble  compos\u00e9 d\u2019Angela Werner (fl\u00fbte traversi\u00e8re baroque et chant), Olivier  Emont (basse), Marie Turini-Viard (violon), Pascale Costantini (basse de  viole), et S\u00e9bastien Nadiras (clavecin). <\/p>\n<\/div><\/div>\n\n\n\n<p>Quelques explications donn\u00e9es entre les \u0153uvres ont permis de mieux les situer, et de parfaire les connaissances de chacun sur ces compositeurs des XVIIe et XVIIIe si\u00e8cle.&nbsp;&nbsp; <\/p>\n\n\n\n<div class=\"wp-block-media-text alignwide has-media-on-the-right\"><figure class=\"wp-block-media-text__media\"><img loading=\"lazy\" decoding=\"async\" width=\"1024\" height=\"672\" src=\"http:\/\/lescheminsdemusique.fr\/wp-content\/uploads\/2022\/10\/P1140776-1024x672.jpg\" alt=\"\" class=\"wp-image-2769\" srcset=\"https:\/\/lescheminsdemusique.fr\/wp-content\/uploads\/2022\/10\/P1140776-1024x672.jpg 1024w, https:\/\/lescheminsdemusique.fr\/wp-content\/uploads\/2022\/10\/P1140776-300x197.jpg 300w, https:\/\/lescheminsdemusique.fr\/wp-content\/uploads\/2022\/10\/P1140776-768x504.jpg 768w, https:\/\/lescheminsdemusique.fr\/wp-content\/uploads\/2022\/10\/P1140776-1536x1007.jpg 1536w, https:\/\/lescheminsdemusique.fr\/wp-content\/uploads\/2022\/10\/P1140776-2048x1343.jpg 2048w\" sizes=\"auto, (max-width: 1024px) 100vw, 1024px\" \/><\/figure><div class=\"wp-block-media-text__content\">\n<p class=\"has-normal-font-size\"> Avec ce premier rendez-vous de la nouvelle saison des Chemins de musique, notre fid\u00e8le public \u00e9tait pr\u00e9sent et a r\u00e9serv\u00e9 un accueil chaleureux \u00e0 l\u2019ensemble Pr\u00e9lude. <\/p>\n<\/div><\/div>\n\n\n\n<p><\/p>\n","protected":false},"excerpt":{"rendered":"<p>Du baroque ce lundi 10 octobre au Temple&nbsp;! Rien de plus vari\u00e9, de plus divers que la musique \u00ab&nbsp;baroque&nbsp;\u00bb\u2026 Et l\u2019ensemble \u00ab&nbsp;PRELUDE&nbsp;\u00bb nous l\u2019a bien d\u00e9montr\u00e9 ce lundi soir, avec un programme allant de LECLAIR (superbe \u00ab&nbsp;deuxi\u00e8me r\u00e9cr\u00e9ation&nbsp;\u00bb en sol&nbsp;!) &hellip; <a href=\"https:\/\/lescheminsdemusique.fr\/index.php\/10-octobre-2022-r\/\">Continuer la lecture <span class=\"meta-nav\">&rarr;<\/span><\/a><\/p>\n","protected":false},"author":4,"featured_media":0,"parent":0,"menu_order":0,"comment_status":"closed","ping_status":"closed","template":"onecolumn-page.php","meta":{"footnotes":""},"class_list":["post-2746","page","type-page","status-publish","hentry"],"_links":{"self":[{"href":"https:\/\/lescheminsdemusique.fr\/index.php\/wp-json\/wp\/v2\/pages\/2746","targetHints":{"allow":["GET"]}}],"collection":[{"href":"https:\/\/lescheminsdemusique.fr\/index.php\/wp-json\/wp\/v2\/pages"}],"about":[{"href":"https:\/\/lescheminsdemusique.fr\/index.php\/wp-json\/wp\/v2\/types\/page"}],"author":[{"embeddable":true,"href":"https:\/\/lescheminsdemusique.fr\/index.php\/wp-json\/wp\/v2\/users\/4"}],"replies":[{"embeddable":true,"href":"https:\/\/lescheminsdemusique.fr\/index.php\/wp-json\/wp\/v2\/comments?post=2746"}],"version-history":[{"count":4,"href":"https:\/\/lescheminsdemusique.fr\/index.php\/wp-json\/wp\/v2\/pages\/2746\/revisions"}],"predecessor-version":[{"id":9288,"href":"https:\/\/lescheminsdemusique.fr\/index.php\/wp-json\/wp\/v2\/pages\/2746\/revisions\/9288"}],"wp:attachment":[{"href":"https:\/\/lescheminsdemusique.fr\/index.php\/wp-json\/wp\/v2\/media?parent=2746"}],"curies":[{"name":"wp","href":"https:\/\/api.w.org\/{rel}","templated":true}]}}