{"id":2922,"date":"2022-11-16T10:14:12","date_gmt":"2022-11-16T09:14:12","guid":{"rendered":"http:\/\/www.lescheminsdemusique.org\/?page_id=2922"},"modified":"2025-05-02T20:48:27","modified_gmt":"2025-05-02T18:48:27","slug":"14-novembre-2022-r","status":"publish","type":"page","link":"https:\/\/lescheminsdemusique.fr\/index.php\/14-novembre-2022-r\/","title":{"rendered":"14 novembre 2022 &#8211; R"},"content":{"rendered":"\n<p class=\"has-medium-font-size\"><strong>Concert r\u00e9solument \u00ab\u00a0baroque\u00a0\u00bb ce lundi 14 novembre au Temple\u00a0!<\/strong><\/p>\n\n\n\n<p>Serge RABAN (violon) dirige l\u2019ensemble \u00ab\u00a0les Plaisirs de Versailles\u00a0\u00bb, qui nous offre r\u00e9guli\u00e8rement un programme r\u00e9jouissant et vari\u00e9, avec de talentueux interpr\u00e8tes\u00a0: Jessica DAVID (violon), Katharina RABAN SCH\u00dcRMANN (alto), Jae YOUNG LIM (violoncelle), Joana MARTINEZ (contrebasse) et Laetitia SCHNEIDER (th\u00e9orbe et guitare baroque). Ces derni\u00e8res ont magnifiquement accompagn\u00e9 Gabriel SARO (belle tessiture de contre-t\u00e9nor) et Katharina (\u00e9galement excellente soprano).\u00a0 <\/p>\n\n\n\n<figure class=\"wp-block-image size-large\"><img loading=\"lazy\" decoding=\"async\" width=\"1024\" height=\"513\" src=\"http:\/\/lescheminsdemusique.fr\/wp-content\/uploads\/2022\/11\/P1150469-1024x513.jpg\" alt=\"\" class=\"wp-image-2932\" srcset=\"https:\/\/lescheminsdemusique.fr\/wp-content\/uploads\/2022\/11\/P1150469-1024x513.jpg 1024w, https:\/\/lescheminsdemusique.fr\/wp-content\/uploads\/2022\/11\/P1150469-300x150.jpg 300w, https:\/\/lescheminsdemusique.fr\/wp-content\/uploads\/2022\/11\/P1150469-768x385.jpg 768w, https:\/\/lescheminsdemusique.fr\/wp-content\/uploads\/2022\/11\/P1150469-1536x769.jpg 1536w, https:\/\/lescheminsdemusique.fr\/wp-content\/uploads\/2022\/11\/P1150469-2048x1026.jpg 2048w\" sizes=\"auto, (max-width: 1024px) 100vw, 1024px\" \/><\/figure>\n\n\n\n<p>Les \u0153uvres choisies avaient de quoi r\u00e9jouir, avec des airs bien\ns\u00fbr tr\u00e8s connus mais toujours appr\u00e9ci\u00e9s, tels le \u00ab&nbsp;TE DEUM&nbsp;\u00bb de\nCHARPENTIER, ou les \u00ab&nbsp;Indes Galantes&nbsp;\u00bb (ouverture, gavotte, danse du\ngrand Calumet) de RAMEAU\u2026<\/p>\n\n\n\n<p>Mais on a pu appr\u00e9cier \u00e9galement quelques\n\u00ab&nbsp;p\u00e9pites&nbsp;\u00bb&nbsp;: Michel PIGNOLET DE MONTECLAIR (1667-1737 \u2013 \u00ab&nbsp;arbres\n\u00e9pais&nbsp;\u00bb, du \u00ab&nbsp;d\u00e9pit g\u00e9n\u00e9reux&nbsp;\u00bb)&nbsp;; \u00ab&nbsp;gaillarde&nbsp;\u00bb\net \u00ab&nbsp;pavane d\u2019Angleterre&nbsp;\u00bb de Claude GERVAISE (1557).<\/p>\n\n\n\n<p>LULLY \u00e9tait aussi de la soir\u00e9e avec une alerte \u00ab&nbsp;marche\ndu bourgeois&nbsp;\u00bb.<\/p>\n\n\n\n<p>Moins connus peut-\u00eatre, la \u00ab\u00a0belle qui tient ma vie\u00a0\u00bb, et le \u00ab\u00a0branle des chevaux\u00a0\u00bb de Thoinot ARBEAU (1580), \u00ab\u00a0une jeune fillette\u00a0\u00bb d\u2019Eustache DU CAURROY (1549-1609), ou encore un \u00ab\u00a0ballet\u00a0\u00bb de Michael PRAETORIUS (1571-1612).<\/p>\n\n\n\n<div class=\"wp-block-media-text alignwide\"><figure class=\"wp-block-media-text__media\"><img loading=\"lazy\" decoding=\"async\" width=\"1024\" height=\"495\" src=\"http:\/\/lescheminsdemusique.fr\/wp-content\/uploads\/2022\/11\/P1150462-1024x495.jpg\" alt=\"\" class=\"wp-image-2939\" srcset=\"https:\/\/lescheminsdemusique.fr\/wp-content\/uploads\/2022\/11\/P1150462-1024x495.jpg 1024w, https:\/\/lescheminsdemusique.fr\/wp-content\/uploads\/2022\/11\/P1150462-300x145.jpg 300w, https:\/\/lescheminsdemusique.fr\/wp-content\/uploads\/2022\/11\/P1150462-768x371.jpg 768w, https:\/\/lescheminsdemusique.fr\/wp-content\/uploads\/2022\/11\/P1150462-1536x743.jpg 1536w, https:\/\/lescheminsdemusique.fr\/wp-content\/uploads\/2022\/11\/P1150462-2048x991.jpg 2048w\" sizes=\"auto, (max-width: 1024px) 100vw, 1024px\" \/><\/figure><div class=\"wp-block-media-text__content\">\n<p class=\"has-normal-font-size\">Enfin, le public, venu en nombre, a pu appr\u00e9cier deux chants plus traditionnels (\u00ab\u00a0Colchique dans les pr\u00e9s\u00a0\u00bb et \u00ab\u00a0A la claire fontaine\u00a0\u00bb) interpr\u00e9t\u00e9s par Katharina et Gabriel\u00a0!<\/p>\n<\/div><\/div>\n\n\n\n<p>Tel un retour \u00e0 la r\u00e9alit\u00e9, le programme s\u2019achevait avec \u00ab\u00a0apr\u00e8s un r\u00eave\u00a0\u00bb, de Gabriel FAURE (1845-1924), et le public a r\u00e9serv\u00e9 une longue ovation \u00e0 nos interpr\u00e8tes, les gratifiant de deux rappels.<\/p>\n","protected":false},"excerpt":{"rendered":"<p>Concert r\u00e9solument \u00ab\u00a0baroque\u00a0\u00bb ce lundi 14 novembre au Temple\u00a0! Serge RABAN (violon) dirige l\u2019ensemble \u00ab\u00a0les Plaisirs de Versailles\u00a0\u00bb, qui nous offre r\u00e9guli\u00e8rement un programme r\u00e9jouissant et vari\u00e9, avec de talentueux interpr\u00e8tes\u00a0: Jessica DAVID (violon), Katharina RABAN SCH\u00dcRMANN (alto), Jae YOUNG &hellip; <a href=\"https:\/\/lescheminsdemusique.fr\/index.php\/14-novembre-2022-r\/\">Continuer la lecture <span class=\"meta-nav\">&rarr;<\/span><\/a><\/p>\n","protected":false},"author":4,"featured_media":0,"parent":0,"menu_order":0,"comment_status":"closed","ping_status":"closed","template":"onecolumn-page.php","meta":{"footnotes":""},"class_list":["post-2922","page","type-page","status-publish","hentry"],"_links":{"self":[{"href":"https:\/\/lescheminsdemusique.fr\/index.php\/wp-json\/wp\/v2\/pages\/2922","targetHints":{"allow":["GET"]}}],"collection":[{"href":"https:\/\/lescheminsdemusique.fr\/index.php\/wp-json\/wp\/v2\/pages"}],"about":[{"href":"https:\/\/lescheminsdemusique.fr\/index.php\/wp-json\/wp\/v2\/types\/page"}],"author":[{"embeddable":true,"href":"https:\/\/lescheminsdemusique.fr\/index.php\/wp-json\/wp\/v2\/users\/4"}],"replies":[{"embeddable":true,"href":"https:\/\/lescheminsdemusique.fr\/index.php\/wp-json\/wp\/v2\/comments?post=2922"}],"version-history":[{"count":1,"href":"https:\/\/lescheminsdemusique.fr\/index.php\/wp-json\/wp\/v2\/pages\/2922\/revisions"}],"predecessor-version":[{"id":2946,"href":"https:\/\/lescheminsdemusique.fr\/index.php\/wp-json\/wp\/v2\/pages\/2922\/revisions\/2946"}],"wp:attachment":[{"href":"https:\/\/lescheminsdemusique.fr\/index.php\/wp-json\/wp\/v2\/media?parent=2922"}],"curies":[{"name":"wp","href":"https:\/\/api.w.org\/{rel}","templated":true}]}}