{"id":3172,"date":"2023-03-07T12:26:40","date_gmt":"2023-03-07T11:26:40","guid":{"rendered":"http:\/\/www.lescheminsdemusique.org\/?page_id=3172"},"modified":"2023-03-07T12:26:41","modified_gmt":"2023-03-07T11:26:41","slug":"6-mars-2023-r","status":"publish","type":"page","link":"https:\/\/lescheminsdemusique.fr\/index.php\/6-mars-2023-r\/","title":{"rendered":"6 mars 2023 &#8211; R"},"content":{"rendered":"\n<p><strong>RAMEAU et DELALANDE au Temple ce lundi 6 mars, en pr\u00e9lude au printemps\u00a0!<\/strong><\/p>\n\n\n\n<p>Charme et talent r\u00e9unis ce lundi au Temple, gr\u00e2ce \u00e0 la virtuosit\u00e9 de Constance LUZZATI (harpe) et Coline INFANTE (voix).<\/p>\n\n\n\n<figure class=\"wp-block-image size-large\"><img loading=\"lazy\" decoding=\"async\" width=\"1024\" height=\"802\" src=\"http:\/\/lescheminsdemusique.fr\/wp-content\/uploads\/2023\/03\/P1170494-1024x802.jpg\" alt=\"\" class=\"wp-image-3190\" srcset=\"https:\/\/lescheminsdemusique.fr\/wp-content\/uploads\/2023\/03\/P1170494-1024x802.jpg 1024w, https:\/\/lescheminsdemusique.fr\/wp-content\/uploads\/2023\/03\/P1170494-300x235.jpg 300w, https:\/\/lescheminsdemusique.fr\/wp-content\/uploads\/2023\/03\/P1170494-768x601.jpg 768w, https:\/\/lescheminsdemusique.fr\/wp-content\/uploads\/2023\/03\/P1170494.jpg 1280w\" sizes=\"auto, (max-width: 1024px) 100vw, 1024px\" \/><\/figure>\n\n\n\n<p> Un programme presque exclusivement consacr\u00e9 \u00e0 Jean-Philippe RAMEAU et Michel-Richard DELALANDE, avec un d\u00e9tour par Philippe HERSANT, pour le plus grand plaisir de notre public, venu en nombre et qui a r\u00e9serv\u00e9 un excellent accueil \u00e0 cet ensemble.<\/p>\n\n\n\n<p>  Ce programme (\u00ab\u00a0Enharmonique\u00a0\u00bb) a \u00e9t\u00e9 du plus bel \u00a0effet, avec, entre autres \u00ab\u00a0p\u00e9pites\u00a0\u00bb, cette \u00ab\u00a0suite en mi\u00a0\u00bb, pi\u00e8ces pour clavecin (1724) de RAMEAU, superbement interpr\u00e9t\u00e9 \u00e0 la harpe.<\/p>\n\n\n\n<p>Le concert s\u2019est termin\u00e9 sur les envol\u00e9es lyriques de l\u2019air de la folie du \u00ab\u00a0Plat\u00e9e\u00a0\u00bb  <\/p>\n\n\n\n<div class=\"wp-block-media-text alignwide\"><figure class=\"wp-block-media-text__media\"><img loading=\"lazy\" decoding=\"async\" width=\"1024\" height=\"690\" src=\"http:\/\/lescheminsdemusique.fr\/wp-content\/uploads\/2023\/03\/P1170495-1024x690.jpg\" alt=\"\" class=\"wp-image-3199\" srcset=\"https:\/\/lescheminsdemusique.fr\/wp-content\/uploads\/2023\/03\/P1170495-1024x690.jpg 1024w, https:\/\/lescheminsdemusique.fr\/wp-content\/uploads\/2023\/03\/P1170495-300x202.jpg 300w, https:\/\/lescheminsdemusique.fr\/wp-content\/uploads\/2023\/03\/P1170495-768x518.jpg 768w, https:\/\/lescheminsdemusique.fr\/wp-content\/uploads\/2023\/03\/P1170495.jpg 1280w\" sizes=\"auto, (max-width: 1024px) 100vw, 1024px\" \/><\/figure><div class=\"wp-block-media-text__content\">\n<p class=\"has-normal-font-size\"> et un bis du d\u00e9sormais c\u00e9l\u00e8bre air des \u00ab\u00a0Sauvages\u00a0\u00bb (\u00ab\u00a0for\u00eats paisibles\u00a0\u00bb). <\/p>\n<\/div><\/div>\n\n\n\n<p><br><br><\/p>\n","protected":false},"excerpt":{"rendered":"<p>RAMEAU et DELALANDE au Temple ce lundi 6 mars, en pr\u00e9lude au printemps\u00a0! Charme et talent r\u00e9unis ce lundi au Temple, gr\u00e2ce \u00e0 la virtuosit\u00e9 de Constance LUZZATI (harpe) et Coline INFANTE (voix). Un programme presque exclusivement consacr\u00e9 \u00e0 Jean-Philippe &hellip; <a href=\"https:\/\/lescheminsdemusique.fr\/index.php\/6-mars-2023-r\/\">Continuer la lecture <span class=\"meta-nav\">&rarr;<\/span><\/a><\/p>\n","protected":false},"author":4,"featured_media":0,"parent":0,"menu_order":0,"comment_status":"closed","ping_status":"closed","template":"onecolumn-page.php","meta":{"footnotes":""},"class_list":["post-3172","page","type-page","status-publish","hentry"],"_links":{"self":[{"href":"https:\/\/lescheminsdemusique.fr\/index.php\/wp-json\/wp\/v2\/pages\/3172","targetHints":{"allow":["GET"]}}],"collection":[{"href":"https:\/\/lescheminsdemusique.fr\/index.php\/wp-json\/wp\/v2\/pages"}],"about":[{"href":"https:\/\/lescheminsdemusique.fr\/index.php\/wp-json\/wp\/v2\/types\/page"}],"author":[{"embeddable":true,"href":"https:\/\/lescheminsdemusique.fr\/index.php\/wp-json\/wp\/v2\/users\/4"}],"replies":[{"embeddable":true,"href":"https:\/\/lescheminsdemusique.fr\/index.php\/wp-json\/wp\/v2\/comments?post=3172"}],"version-history":[{"count":1,"href":"https:\/\/lescheminsdemusique.fr\/index.php\/wp-json\/wp\/v2\/pages\/3172\/revisions"}],"predecessor-version":[{"id":3202,"href":"https:\/\/lescheminsdemusique.fr\/index.php\/wp-json\/wp\/v2\/pages\/3172\/revisions\/3202"}],"wp:attachment":[{"href":"https:\/\/lescheminsdemusique.fr\/index.php\/wp-json\/wp\/v2\/media?parent=3172"}],"curies":[{"name":"wp","href":"https:\/\/api.w.org\/{rel}","templated":true}]}}