{"id":3433,"date":"2023-05-17T17:25:40","date_gmt":"2023-05-17T15:25:40","guid":{"rendered":"http:\/\/www.lescheminsdemusique.org\/?page_id=3433"},"modified":"2023-05-17T17:25:41","modified_gmt":"2023-05-17T15:25:41","slug":"15-mai-2023-r","status":"publish","type":"page","link":"https:\/\/lescheminsdemusique.fr\/index.php\/15-mai-2023-r\/","title":{"rendered":"15 mai 2023 &#8211; R"},"content":{"rendered":"\n<p class=\"has-medium-font-size\"><strong>Ensemble Palin<\/strong><\/p>\n\n\n\n<p class=\"has-medium-font-size\"><strong>Programme Une vip\u00e8re en cuer<\/strong><\/p>\n\n\n\n<p>Vip\u00e8res, aspics, pythons, iguanes\u2026 Une soir\u00e9e pleine de piquant au Temple ce lundi 15 mai\u00a0!<\/p>\n\n\n\n<p>L\u2019ensemble PALIN avait choisi un th\u00e8me rarement entendu pour\nce rendez-vous de la mi-mai.<\/p>\n\n\n\n<p>Ballades et madrigaux de Guillaume de MACHAUT, mais \u00e9galement F. LANDINI, D. DA CASCIA, J. DA BOLOGNA et quelques anonymes\u2026 Tous ont chant\u00e9 ces cr\u00e9atures sauvages, les personnifiant, avec des allusions \u00e0 la mythologie, \u0153uvres tr\u00e8s en vogue au Moyen-\u00c2ge.<\/p>\n\n\n\n<div class=\"wp-block-media-text alignwide\"><figure class=\"wp-block-media-text__media\"><img loading=\"lazy\" decoding=\"async\" width=\"1024\" height=\"768\" src=\"http:\/\/lescheminsdemusique.fr\/wp-content\/uploads\/2023\/05\/P1190111-1024x768.jpg\" alt=\"\" class=\"wp-image-3441\" srcset=\"https:\/\/lescheminsdemusique.fr\/wp-content\/uploads\/2023\/05\/P1190111-1024x768.jpg 1024w, https:\/\/lescheminsdemusique.fr\/wp-content\/uploads\/2023\/05\/P1190111-300x225.jpg 300w, https:\/\/lescheminsdemusique.fr\/wp-content\/uploads\/2023\/05\/P1190111-768x576.jpg 768w, https:\/\/lescheminsdemusique.fr\/wp-content\/uploads\/2023\/05\/P1190111.jpg 1280w\" sizes=\"auto, (max-width: 1024px) 100vw, 1024px\" \/><\/figure><div class=\"wp-block-media-text__content\">\n<p class=\"has-normal-font-size\">Une interpr\u00e9tation remarquable, gr\u00e2ce \u00e0 la voix de soprano de Maud HAERING, magnifiquement accompagn\u00e9e de la vi\u00e8le \u00e0 archet de Luc GAUGLER et de l\u2019organetto d\u2019Olivier CAMELIN.<\/p>\n<\/div><\/div>\n\n\n\n<p>Une soir\u00e9e qui a \u00e9t\u00e9 appr\u00e9ci\u00e9e par une minorit\u00e9 de notre public d\u2019habitu\u00e9s, car le Temple \u00e9tait ce lundi soir rendu difficile d\u2019acc\u00e8s, par la pr\u00e9sence d\u2019une r\u00e9union de personnalit\u00e9s au ch\u00e2teau de Versailles, d\u2019o\u00f9 un quartier malheureusement boucl\u00e9 du fait des barrages de s\u00e9curit\u00e9 sur un large rayon. \u00a0\u00a0<\/p>\n\n\n\n<figure class=\"wp-block-image size-large\"><img loading=\"lazy\" decoding=\"async\" width=\"1024\" height=\"768\" src=\"http:\/\/lescheminsdemusique.fr\/wp-content\/uploads\/2023\/05\/P1190082-1024x768.jpg\" alt=\"\" class=\"wp-image-3447\" srcset=\"https:\/\/lescheminsdemusique.fr\/wp-content\/uploads\/2023\/05\/P1190082-1024x768.jpg 1024w, https:\/\/lescheminsdemusique.fr\/wp-content\/uploads\/2023\/05\/P1190082-300x225.jpg 300w, https:\/\/lescheminsdemusique.fr\/wp-content\/uploads\/2023\/05\/P1190082-768x576.jpg 768w, https:\/\/lescheminsdemusique.fr\/wp-content\/uploads\/2023\/05\/P1190082.jpg 1280w\" sizes=\"auto, (max-width: 1024px) 100vw, 1024px\" \/><\/figure>\n","protected":false},"excerpt":{"rendered":"<p>Ensemble Palin Programme Une vip\u00e8re en cuer Vip\u00e8res, aspics, pythons, iguanes\u2026 Une soir\u00e9e pleine de piquant au Temple ce lundi 15 mai\u00a0! L\u2019ensemble PALIN avait choisi un th\u00e8me rarement entendu pour ce rendez-vous de la mi-mai. Ballades et madrigaux de &hellip; <a href=\"https:\/\/lescheminsdemusique.fr\/index.php\/15-mai-2023-r\/\">Continuer la lecture <span class=\"meta-nav\">&rarr;<\/span><\/a><\/p>\n","protected":false},"author":4,"featured_media":0,"parent":0,"menu_order":0,"comment_status":"closed","ping_status":"closed","template":"onecolumn-page.php","meta":{"footnotes":""},"class_list":["post-3433","page","type-page","status-publish","hentry"],"_links":{"self":[{"href":"https:\/\/lescheminsdemusique.fr\/index.php\/wp-json\/wp\/v2\/pages\/3433","targetHints":{"allow":["GET"]}}],"collection":[{"href":"https:\/\/lescheminsdemusique.fr\/index.php\/wp-json\/wp\/v2\/pages"}],"about":[{"href":"https:\/\/lescheminsdemusique.fr\/index.php\/wp-json\/wp\/v2\/types\/page"}],"author":[{"embeddable":true,"href":"https:\/\/lescheminsdemusique.fr\/index.php\/wp-json\/wp\/v2\/users\/4"}],"replies":[{"embeddable":true,"href":"https:\/\/lescheminsdemusique.fr\/index.php\/wp-json\/wp\/v2\/comments?post=3433"}],"version-history":[{"count":1,"href":"https:\/\/lescheminsdemusique.fr\/index.php\/wp-json\/wp\/v2\/pages\/3433\/revisions"}],"predecessor-version":[{"id":3451,"href":"https:\/\/lescheminsdemusique.fr\/index.php\/wp-json\/wp\/v2\/pages\/3433\/revisions\/3451"}],"wp:attachment":[{"href":"https:\/\/lescheminsdemusique.fr\/index.php\/wp-json\/wp\/v2\/media?parent=3433"}],"curies":[{"name":"wp","href":"https:\/\/api.w.org\/{rel}","templated":true}]}}