{"id":3513,"date":"2023-06-27T11:56:56","date_gmt":"2023-06-27T09:56:56","guid":{"rendered":"http:\/\/www.lescheminsdemusique.org\/?page_id=3513"},"modified":"2023-06-27T11:56:57","modified_gmt":"2023-06-27T09:56:57","slug":"26-juin-2023-r","status":"publish","type":"page","link":"https:\/\/lescheminsdemusique.fr\/index.php\/26-juin-2023-r\/","title":{"rendered":"26 juin 2023 &#8211; R"},"content":{"rendered":"\n<p class=\"has-medium-font-size\"><strong>Concert \u00ab\u00a0SORORES\u00a0\u00bb <\/strong><\/p>\n\n\n\n<p class=\"has-medium-font-size\"><strong>Rue des Chantres <\/strong><\/p>\n\n\n\n<p>\u00ab\u00a0Rue des Chantres\u00a0\u00bb, pour la deuxi\u00e8me fois au Temple de la rue Hoche, a soulev\u00e9 l\u2019enthousiasme d\u2019un public venu nombreux, dans le cadre du \u00ab\u00a0mois Moli\u00e8re\u00a0\u00bb. Assur\u00e9ment, les voix de Vincent PISLAR, Christian PLOIX et Erwan PICQUET avaient de quoi s\u00e9duire les plus exigeants\u2026<\/p>\n\n\n\n<figure class=\"wp-block-image size-large\"><img loading=\"lazy\" decoding=\"async\" width=\"791\" height=\"762\" src=\"http:\/\/lescheminsdemusique.fr\/wp-content\/uploads\/2023\/06\/P121006_1.jpg\" alt=\"\" class=\"wp-image-3521\" srcset=\"https:\/\/lescheminsdemusique.fr\/wp-content\/uploads\/2023\/06\/P121006_1.jpg 791w, https:\/\/lescheminsdemusique.fr\/wp-content\/uploads\/2023\/06\/P121006_1-300x289.jpg 300w, https:\/\/lescheminsdemusique.fr\/wp-content\/uploads\/2023\/06\/P121006_1-768x740.jpg 768w\" sizes=\"auto, (max-width: 791px) 100vw, 791px\" \/><\/figure>\n\n\n\n<p> Le programme \u00e9tait d\u00e9di\u00e9 aux liens existant entre la basilique St Denis et la cath\u00e9drale Notre Dame de Paris (les \u00ab\u00a0sorores\u00a0\u00bb).<\/p>\n\n\n\n<div class=\"wp-block-media-text alignwide\"><figure class=\"wp-block-media-text__media\"><img loading=\"lazy\" decoding=\"async\" width=\"934\" height=\"739\" src=\"http:\/\/lescheminsdemusique.fr\/wp-content\/uploads\/2023\/06\/P121006_2.jpg\" alt=\"\" class=\"wp-image-3529\" srcset=\"https:\/\/lescheminsdemusique.fr\/wp-content\/uploads\/2023\/06\/P121006_2.jpg 934w, https:\/\/lescheminsdemusique.fr\/wp-content\/uploads\/2023\/06\/P121006_2-300x237.jpg 300w, https:\/\/lescheminsdemusique.fr\/wp-content\/uploads\/2023\/06\/P121006_2-768x608.jpg 768w\" sizes=\"auto, (max-width: 934px) 100vw, 934px\" \/><\/figure><div class=\"wp-block-media-text__content\">\n<p class=\"has-medium-font-size\"> Les extraits de pi\u00e8ces provenaient des manuscrits de l\u2019abbaye de St Denis, c\u00e9l\u00e9brant Saint Denis ou Sainte Genevi\u00e8ve. <\/p>\n<\/div><\/div>\n\n\n\n<p>Chants du temps de SUGER (abb\u00e9 de St Denis du XIIe si\u00e8cle), pi\u00e8ces improvis\u00e9es dans le style de l\u2019Ecole de Notre Dame\u2026 Autant de choix qui ont s\u00e9duit l\u2019assembl\u00e9e r\u00e9unie au Temple en ce lundi 26 juin 2023\u00a0! <\/p>\n","protected":false},"excerpt":{"rendered":"<p>Concert \u00ab\u00a0SORORES\u00a0\u00bb Rue des Chantres \u00ab\u00a0Rue des Chantres\u00a0\u00bb, pour la deuxi\u00e8me fois au Temple de la rue Hoche, a soulev\u00e9 l\u2019enthousiasme d\u2019un public venu nombreux, dans le cadre du \u00ab\u00a0mois Moli\u00e8re\u00a0\u00bb. Assur\u00e9ment, les voix de Vincent PISLAR, Christian PLOIX et &hellip; <a href=\"https:\/\/lescheminsdemusique.fr\/index.php\/26-juin-2023-r\/\">Continuer la lecture <span class=\"meta-nav\">&rarr;<\/span><\/a><\/p>\n","protected":false},"author":4,"featured_media":0,"parent":0,"menu_order":0,"comment_status":"closed","ping_status":"closed","template":"onecolumn-page.php","meta":{"footnotes":""},"class_list":["post-3513","page","type-page","status-publish","hentry"],"_links":{"self":[{"href":"https:\/\/lescheminsdemusique.fr\/index.php\/wp-json\/wp\/v2\/pages\/3513","targetHints":{"allow":["GET"]}}],"collection":[{"href":"https:\/\/lescheminsdemusique.fr\/index.php\/wp-json\/wp\/v2\/pages"}],"about":[{"href":"https:\/\/lescheminsdemusique.fr\/index.php\/wp-json\/wp\/v2\/types\/page"}],"author":[{"embeddable":true,"href":"https:\/\/lescheminsdemusique.fr\/index.php\/wp-json\/wp\/v2\/users\/4"}],"replies":[{"embeddable":true,"href":"https:\/\/lescheminsdemusique.fr\/index.php\/wp-json\/wp\/v2\/comments?post=3513"}],"version-history":[{"count":1,"href":"https:\/\/lescheminsdemusique.fr\/index.php\/wp-json\/wp\/v2\/pages\/3513\/revisions"}],"predecessor-version":[{"id":3536,"href":"https:\/\/lescheminsdemusique.fr\/index.php\/wp-json\/wp\/v2\/pages\/3513\/revisions\/3536"}],"wp:attachment":[{"href":"https:\/\/lescheminsdemusique.fr\/index.php\/wp-json\/wp\/v2\/media?parent=3513"}],"curies":[{"name":"wp","href":"https:\/\/api.w.org\/{rel}","templated":true}]}}