{"id":3556,"date":"2023-07-11T18:50:31","date_gmt":"2023-07-11T16:50:31","guid":{"rendered":"http:\/\/www.lescheminsdemusique.org\/?page_id=3556"},"modified":"2023-07-11T18:50:32","modified_gmt":"2023-07-11T16:50:32","slug":"3-juillet-2023-r","status":"publish","type":"page","link":"https:\/\/lescheminsdemusique.fr\/index.php\/3-juillet-2023-r\/","title":{"rendered":"3 juillet 2023 &#8211; R"},"content":{"rendered":"\n<p class=\"has-medium-font-size\"><strong>Ensemble \u00ab\u00a0The Flying Fishes\u00a0\u00bb<\/strong><\/p>\n\n\n\n<p class=\"has-medium-font-size\"><strong>Programme \u00ab\u00a0Italia mia<\/strong>\u00ab\u00a0<\/p>\n\n\n\n<p>Un bel enthousiasme attendait \u00ab\u00a0The Flying Fishes\u00a0\u00bb en ce lundi 3 juillet au Temple\u00a0!<\/p>\n\n\n\n<figure class=\"wp-block-image size-large\"><img loading=\"lazy\" decoding=\"async\" width=\"1024\" height=\"768\" src=\"http:\/\/lescheminsdemusique.fr\/wp-content\/uploads\/2023\/07\/P1210353-1024x768.jpg\" alt=\"\" class=\"wp-image-3564\" srcset=\"https:\/\/lescheminsdemusique.fr\/wp-content\/uploads\/2023\/07\/P1210353-1024x768.jpg 1024w, https:\/\/lescheminsdemusique.fr\/wp-content\/uploads\/2023\/07\/P1210353-300x225.jpg 300w, https:\/\/lescheminsdemusique.fr\/wp-content\/uploads\/2023\/07\/P1210353-768x576.jpg 768w, https:\/\/lescheminsdemusique.fr\/wp-content\/uploads\/2023\/07\/P1210353.jpg 1280w\" sizes=\"auto, (max-width: 1024px) 100vw, 1024px\" \/><\/figure>\n\n\n\n<div class=\"wp-block-media-text alignwide\"><figure class=\"wp-block-media-text__media\"><img loading=\"lazy\" decoding=\"async\" width=\"1024\" height=\"768\" src=\"http:\/\/lescheminsdemusique.fr\/wp-content\/uploads\/2023\/07\/P1210342-1024x768.jpg\" alt=\"\" class=\"wp-image-3572\" srcset=\"https:\/\/lescheminsdemusique.fr\/wp-content\/uploads\/2023\/07\/P1210342-1024x768.jpg 1024w, https:\/\/lescheminsdemusique.fr\/wp-content\/uploads\/2023\/07\/P1210342-300x225.jpg 300w, https:\/\/lescheminsdemusique.fr\/wp-content\/uploads\/2023\/07\/P1210342-768x576.jpg 768w, https:\/\/lescheminsdemusique.fr\/wp-content\/uploads\/2023\/07\/P1210342.jpg 1280w\" sizes=\"auto, (max-width: 1024px) 100vw, 1024px\" \/><\/figure><div class=\"wp-block-media-text__content\">\n<p class=\"has-normal-font-size\"> Sous la direction efficace et sensible de Lewis HAMMOND, ce ch\u0153ur remarquable d\u2019une vingtaine d\u2019interpr\u00e8tes a conquis le public avec \u00a0de nombreux madrigaux du XVIe si\u00e8cle. <\/p>\n<\/div><\/div>\n\n\n\n<p>Le programme comportait des \u0153uvres de MONTEVERDI\n(\u00ab&nbsp;Ecco mormorar l\u2019onda&nbsp;\u00bb&nbsp;; \u00ab&nbsp;ch\u2019ami la vita mia nel tuo\nbel nome&nbsp;\u00bb&nbsp;; \u00ab&nbsp;si ch\u2019io vorrei morire&nbsp;\u00bb), mais aussi de\nPALESTRINA (\u00ab&nbsp;vestiva i colli&nbsp;\u00bb), de GESUALDO (\u00ab&nbsp;luci serene e\nchiare&nbsp;\u00bb), de JOSQUIN DES PREZ (\u00ab&nbsp;El Grillo&nbsp;\u00bb, le morceau le\nplus ancien du programme, une \u00ab&nbsp;frottola \u00bb -chanson populaire- publi\u00e9e en\n1505, probablement dat\u00e9e de 1490). <\/p>\n\n\n\n<p>D\u2019autres compositeurs moins souvent interpr\u00e9t\u00e9s \u00e9taient\n\u00e9galement au programme, comme ARCADELT (\u00ab&nbsp;il bianco e dolce cigno&nbsp;\u00bb),\nDe RORE (\u00ab&nbsp;ancor che col partire&nbsp;\u00bb), MARENZIO (\u00ab&nbsp;solo e\npensoso&nbsp;\u00bb), ou DE WERT (\u00ab&nbsp;vezzosi augelli&nbsp;\u00bb).<\/p>\n\n\n\n<p>&nbsp;Une soir\u00e9e tr\u00e8s appr\u00e9ci\u00e9e\npar un public chaleureux venu en nombre en ce soir de d\u00e9but juillet&nbsp;! <\/p>\n","protected":false},"excerpt":{"rendered":"<p>Ensemble \u00ab\u00a0The Flying Fishes\u00a0\u00bb Programme \u00ab\u00a0Italia mia\u00ab\u00a0 Un bel enthousiasme attendait \u00ab\u00a0The Flying Fishes\u00a0\u00bb en ce lundi 3 juillet au Temple\u00a0! Sous la direction efficace et sensible de Lewis HAMMOND, ce ch\u0153ur remarquable d\u2019une vingtaine d\u2019interpr\u00e8tes a conquis le public &hellip; <a href=\"https:\/\/lescheminsdemusique.fr\/index.php\/3-juillet-2023-r\/\">Continuer la lecture <span class=\"meta-nav\">&rarr;<\/span><\/a><\/p>\n","protected":false},"author":4,"featured_media":0,"parent":0,"menu_order":0,"comment_status":"closed","ping_status":"closed","template":"onecolumn-page.php","meta":{"footnotes":""},"class_list":["post-3556","page","type-page","status-publish","hentry"],"_links":{"self":[{"href":"https:\/\/lescheminsdemusique.fr\/index.php\/wp-json\/wp\/v2\/pages\/3556","targetHints":{"allow":["GET"]}}],"collection":[{"href":"https:\/\/lescheminsdemusique.fr\/index.php\/wp-json\/wp\/v2\/pages"}],"about":[{"href":"https:\/\/lescheminsdemusique.fr\/index.php\/wp-json\/wp\/v2\/types\/page"}],"author":[{"embeddable":true,"href":"https:\/\/lescheminsdemusique.fr\/index.php\/wp-json\/wp\/v2\/users\/4"}],"replies":[{"embeddable":true,"href":"https:\/\/lescheminsdemusique.fr\/index.php\/wp-json\/wp\/v2\/comments?post=3556"}],"version-history":[{"count":1,"href":"https:\/\/lescheminsdemusique.fr\/index.php\/wp-json\/wp\/v2\/pages\/3556\/revisions"}],"predecessor-version":[{"id":3576,"href":"https:\/\/lescheminsdemusique.fr\/index.php\/wp-json\/wp\/v2\/pages\/3556\/revisions\/3576"}],"wp:attachment":[{"href":"https:\/\/lescheminsdemusique.fr\/index.php\/wp-json\/wp\/v2\/media?parent=3556"}],"curies":[{"name":"wp","href":"https:\/\/api.w.org\/{rel}","templated":true}]}}