{"id":3670,"date":"2023-09-19T10:23:58","date_gmt":"2023-09-19T08:23:58","guid":{"rendered":"http:\/\/www.lescheminsdemusique.org\/?page_id=3670"},"modified":"2025-05-02T20:48:27","modified_gmt":"2025-05-02T18:48:27","slug":"11-septembre-2023","status":"publish","type":"page","link":"https:\/\/lescheminsdemusique.fr\/index.php\/11-septembre-2023\/","title":{"rendered":"11 septembre 2023 &#8211; R"},"content":{"rendered":"\n<p>Superbe voyage dans l\u2019Italie des XVIIe et XIIIe si\u00e8cles&nbsp;!<\/p>\n\n\n\n<p>\u00ab&nbsp;&nbsp;Douce brise aux accents secrets&nbsp;\u00bb, \u00ab&nbsp;\u00d4, am\u00e8res douceurs&nbsp;\u00bb, \u00ab&nbsp;Adieu faux espoirs&nbsp;\u00bb&#8230;<\/p>\n\n\n\n<p> L\u2019amour, la joie et la douleur, l\u2019esp\u00e9rance et le d\u00e9sespoir, l\u2019attente et la pl\u00e9nitude, la noblesse et la trahison&#8230; autant de th\u00e8mes d\u00e9clin\u00e9s par l\u2019ensemble \u00ab&nbsp;AMICI BAROCCHI&nbsp;\u00bb ce lundi 11 septembre pour la reprise de nos concerts au Temple.  <\/p>\n\n\n\n<div class=\"wp-block-media-text alignwide\"><figure class=\"wp-block-media-text__media\"><img loading=\"lazy\" decoding=\"async\" width=\"515\" height=\"320\" src=\"http:\/\/lescheminsdemusique.fr\/wp-content\/uploads\/2023\/09\/P1230693.jpg\" alt=\"\" class=\"wp-image-3682\" srcset=\"https:\/\/lescheminsdemusique.fr\/wp-content\/uploads\/2023\/09\/P1230693.jpg 515w, https:\/\/lescheminsdemusique.fr\/wp-content\/uploads\/2023\/09\/P1230693-300x186.jpg 300w\" sizes=\"auto, (max-width: 515px) 100vw, 515px\" \/><\/figure><div class=\"wp-block-media-text__content\">\n<p class=\"has-small-font-size\">Nadine CLAUSE, Laurence MAMAN et Ludovic GLOWACZ (chant), remarquablement accompagn\u00e9s par Felipe GUERRA \u00e0 l\u2019orgue, nous ont propos\u00e9 de (re)d\u00e9couvrir MONTEVERDI et HAENDEL (ce dernier \u00e0 travers des extraits d\u2019op\u00e9ras comme Giulio Cesare ou Ariodante) , mais \u00e9galement Michelangelo FALVETTI (1642-1692), Luigi ROSSI (vers 1597-1653), Luzzasco LUZZASCHI (1547-1607) et Giovanni Felice SANCES (1600-1679).<\/p>\n<\/div><\/div>\n\n\n\n<p>Le programme (\u00ab&nbsp;Dolcezze Amarissime&nbsp;\u00bb) a s\u00e9duit notre public de fid\u00e8les auditeurs, qui attendait impatiemment le d\u00e9marrage de la nouvelle saison&nbsp;! <\/p>\n","protected":false},"excerpt":{"rendered":"<p>Superbe voyage dans l\u2019Italie des XVIIe et XIIIe si\u00e8cles&nbsp;! \u00ab&nbsp;&nbsp;Douce brise aux accents secrets&nbsp;\u00bb, \u00ab&nbsp;\u00d4, am\u00e8res douceurs&nbsp;\u00bb, \u00ab&nbsp;Adieu faux espoirs&nbsp;\u00bb&#8230; L\u2019amour, la joie et la douleur, l\u2019esp\u00e9rance et le d\u00e9sespoir, l\u2019attente et la pl\u00e9nitude, la noblesse et la trahison&#8230; autant &hellip; <a href=\"https:\/\/lescheminsdemusique.fr\/index.php\/11-septembre-2023\/\">Continuer la lecture <span class=\"meta-nav\">&rarr;<\/span><\/a><\/p>\n","protected":false},"author":4,"featured_media":0,"parent":0,"menu_order":0,"comment_status":"closed","ping_status":"closed","template":"onecolumn-page.php","meta":{"footnotes":""},"class_list":["post-3670","page","type-page","status-publish","hentry"],"_links":{"self":[{"href":"https:\/\/lescheminsdemusique.fr\/index.php\/wp-json\/wp\/v2\/pages\/3670","targetHints":{"allow":["GET"]}}],"collection":[{"href":"https:\/\/lescheminsdemusique.fr\/index.php\/wp-json\/wp\/v2\/pages"}],"about":[{"href":"https:\/\/lescheminsdemusique.fr\/index.php\/wp-json\/wp\/v2\/types\/page"}],"author":[{"embeddable":true,"href":"https:\/\/lescheminsdemusique.fr\/index.php\/wp-json\/wp\/v2\/users\/4"}],"replies":[{"embeddable":true,"href":"https:\/\/lescheminsdemusique.fr\/index.php\/wp-json\/wp\/v2\/comments?post=3670"}],"version-history":[{"count":2,"href":"https:\/\/lescheminsdemusique.fr\/index.php\/wp-json\/wp\/v2\/pages\/3670\/revisions"}],"predecessor-version":[{"id":3699,"href":"https:\/\/lescheminsdemusique.fr\/index.php\/wp-json\/wp\/v2\/pages\/3670\/revisions\/3699"}],"wp:attachment":[{"href":"https:\/\/lescheminsdemusique.fr\/index.php\/wp-json\/wp\/v2\/media?parent=3670"}],"curies":[{"name":"wp","href":"https:\/\/api.w.org\/{rel}","templated":true}]}}