{"id":3720,"date":"2023-09-26T10:22:14","date_gmt":"2023-09-26T08:22:14","guid":{"rendered":"http:\/\/www.lescheminsdemusique.org\/?page_id=3720"},"modified":"2023-09-26T10:24:12","modified_gmt":"2023-09-26T08:24:12","slug":"25-septembre-2023-r","status":"publish","type":"page","link":"https:\/\/lescheminsdemusique.fr\/index.php\/25-septembre-2023-r\/","title":{"rendered":"25 septembre 2023 &#8211; R"},"content":{"rendered":"\n<p>ARCAMBOLE&nbsp;: le livre vermeil de MONTSERRAT, ce lundi 25 septembre au Temple&nbsp;!<\/p>\n\n\n\n<p>Tr\u00e8s beau programme de musique et chants m\u00e9di\u00e9vaux de l\u2019Espagne du XIVe si\u00e8cle, propos\u00e9 par l\u2019ensemble ARCAMBOLE.<\/p>\n\n\n\n<figure class=\"wp-block-image size-large\"><img loading=\"lazy\" decoding=\"async\" width=\"1024\" height=\"768\" src=\"http:\/\/lescheminsdemusique.fr\/wp-content\/uploads\/2023\/09\/P1240153-1024x768.jpg\" alt=\"\" class=\"wp-image-3728\" srcset=\"https:\/\/lescheminsdemusique.fr\/wp-content\/uploads\/2023\/09\/P1240153-1024x768.jpg 1024w, https:\/\/lescheminsdemusique.fr\/wp-content\/uploads\/2023\/09\/P1240153-300x225.jpg 300w, https:\/\/lescheminsdemusique.fr\/wp-content\/uploads\/2023\/09\/P1240153-768x576.jpg 768w, https:\/\/lescheminsdemusique.fr\/wp-content\/uploads\/2023\/09\/P1240153.jpg 1280w\" sizes=\"auto, (max-width: 1024px) 100vw, 1024px\" \/><\/figure>\n\n\n\n<p>C\u00e9cile PIERROT, Aur\u00e9lie LOBBE et Magali HOCHET, trois superbes voix, accompagn\u00e9es par Laurence POTTIER (vi\u00e8le \u00e0 archet, harpe et fl\u00fbtes), Bruno ORTEGA (percussions et fl\u00fbtes) et Richard CIVIOL (luth m\u00e9di\u00e9val) ont propos\u00e9 ce \u00ab&nbsp;Llibre Vermell de Montserrat&nbsp;\u00bb (en Catalan), recueil manuscrit d\u2019\u0153uvres anonymes, plus un floril\u00e8ge du recueil des \u00ab&nbsp;Cantigas de Santa Maria&nbsp;\u00bb.<\/p>\n\n\n\n<p>Cantiques pour les p\u00e8lerins qui se rendaient au monast\u00e8re\nabritant le sanctuaire de la Vierge, mais \u00e9galement volet profane avec ces\n\u00ab&nbsp;cantigas de amigo, cantigas de amor,&nbsp;\nou cantigas de escarnio&nbsp;\u00bb&nbsp;: un choix judicieux parmi les\nquelques 427 chansons dont certaines tr\u00e8s humoristiques pour l\u2019\u00e9poque\u2026<\/p>\n\n\n\n<p>Ovation et plusieurs rappels pour terminer cette belle\nsoir\u00e9e&nbsp;!<\/p>\n","protected":false},"excerpt":{"rendered":"<p>ARCAMBOLE&nbsp;: le livre vermeil de MONTSERRAT, ce lundi 25 septembre au Temple&nbsp;! Tr\u00e8s beau programme de musique et chants m\u00e9di\u00e9vaux de l\u2019Espagne du XIVe si\u00e8cle, propos\u00e9 par l\u2019ensemble ARCAMBOLE. C\u00e9cile PIERROT, Aur\u00e9lie LOBBE et Magali HOCHET, trois superbes voix, accompagn\u00e9es &hellip; <a href=\"https:\/\/lescheminsdemusique.fr\/index.php\/25-septembre-2023-r\/\">Continuer la lecture <span class=\"meta-nav\">&rarr;<\/span><\/a><\/p>\n","protected":false},"author":4,"featured_media":0,"parent":0,"menu_order":0,"comment_status":"closed","ping_status":"closed","template":"onecolumn-page.php","meta":{"footnotes":""},"class_list":["post-3720","page","type-page","status-publish","hentry"],"_links":{"self":[{"href":"https:\/\/lescheminsdemusique.fr\/index.php\/wp-json\/wp\/v2\/pages\/3720","targetHints":{"allow":["GET"]}}],"collection":[{"href":"https:\/\/lescheminsdemusique.fr\/index.php\/wp-json\/wp\/v2\/pages"}],"about":[{"href":"https:\/\/lescheminsdemusique.fr\/index.php\/wp-json\/wp\/v2\/types\/page"}],"author":[{"embeddable":true,"href":"https:\/\/lescheminsdemusique.fr\/index.php\/wp-json\/wp\/v2\/users\/4"}],"replies":[{"embeddable":true,"href":"https:\/\/lescheminsdemusique.fr\/index.php\/wp-json\/wp\/v2\/comments?post=3720"}],"version-history":[{"count":2,"href":"https:\/\/lescheminsdemusique.fr\/index.php\/wp-json\/wp\/v2\/pages\/3720\/revisions"}],"predecessor-version":[{"id":3742,"href":"https:\/\/lescheminsdemusique.fr\/index.php\/wp-json\/wp\/v2\/pages\/3720\/revisions\/3742"}],"wp:attachment":[{"href":"https:\/\/lescheminsdemusique.fr\/index.php\/wp-json\/wp\/v2\/media?parent=3720"}],"curies":[{"name":"wp","href":"https:\/\/api.w.org\/{rel}","templated":true}]}}