{"id":3891,"date":"2023-10-17T12:02:12","date_gmt":"2023-10-17T10:02:12","guid":{"rendered":"http:\/\/www.lescheminsdemusique.org\/?page_id=3891"},"modified":"2023-10-17T12:02:13","modified_gmt":"2023-10-17T10:02:13","slug":"16-octobre-2023-r","status":"publish","type":"page","link":"https:\/\/lescheminsdemusique.fr\/index.php\/16-octobre-2023-r\/","title":{"rendered":"16 octobre 2023 &#8211; R"},"content":{"rendered":"\n<p>Une LICORNE au Temple ce lundi 16 octobre\u00a0!<\/p>\n\n\n\n<div class=\"wp-block-media-text alignwide\"><figure class=\"wp-block-media-text__media\"><img loading=\"lazy\" decoding=\"async\" width=\"1024\" height=\"768\" src=\"http:\/\/lescheminsdemusique.fr\/wp-content\/uploads\/2023\/10\/P1240687-1024x768.jpg\" alt=\"\" class=\"wp-image-3899\" srcset=\"https:\/\/lescheminsdemusique.fr\/wp-content\/uploads\/2023\/10\/P1240687-1024x768.jpg 1024w, https:\/\/lescheminsdemusique.fr\/wp-content\/uploads\/2023\/10\/P1240687-300x225.jpg 300w, https:\/\/lescheminsdemusique.fr\/wp-content\/uploads\/2023\/10\/P1240687-768x576.jpg 768w, https:\/\/lescheminsdemusique.fr\/wp-content\/uploads\/2023\/10\/P1240687.jpg 1280w\" sizes=\"auto, (max-width: 1024px) 100vw, 1024px\" \/><\/figure><div class=\"wp-block-media-text__content\">\n<p class=\"has-medium-font-size\">Etonnante LICORNE qui symbolise aussi bien le f\u00e9minin que le masculin\u2026 <\/p>\n<\/div><\/div>\n\n\n\n<p>L\u2019ensemble CUM JUBILO nous a pr\u00e9sent\u00e9 un beau programme autour de cet animal mythique qui, de tous temps, a inspir\u00e9 l\u2019imaginaire des hommes.<\/p>\n\n\n\n<figure class=\"wp-block-image size-large\"><img loading=\"lazy\" decoding=\"async\" width=\"1024\" height=\"768\" src=\"http:\/\/lescheminsdemusique.fr\/wp-content\/uploads\/2023\/10\/P1240727-1024x768.jpg\" alt=\"\" class=\"wp-image-3919\" srcset=\"https:\/\/lescheminsdemusique.fr\/wp-content\/uploads\/2023\/10\/P1240727-1024x768.jpg 1024w, https:\/\/lescheminsdemusique.fr\/wp-content\/uploads\/2023\/10\/P1240727-300x225.jpg 300w, https:\/\/lescheminsdemusique.fr\/wp-content\/uploads\/2023\/10\/P1240727-768x576.jpg 768w, https:\/\/lescheminsdemusique.fr\/wp-content\/uploads\/2023\/10\/P1240727.jpg 1280w\" sizes=\"auto, (max-width: 1024px) 100vw, 1024px\" \/><\/figure>\n\n\n\n<p>Les plus belles pages des compositeurs aussi divers que VENANCE FORTUNAT, THIBAUT de CHAMPAGNE, TRACTUS DES RAMEAUX, RIGAUT de BARBEZIEUX, GAUTIER de COINCI, RICHARD de FOURNIVAL, ou plus connus tels que GUILLAUME DUFAY et HILDEGARDE de BINGEN, en passant par GHERARDELLO di FIRENZE et FRANCESCO LANDINI, cette soir\u00e9e a \u00e9t\u00e9 plac\u00e9e sous le signe des quatre magnifiques voix de Carole MATRAS, C\u00e9cile C\u00d4TE, Laurence ESQUIEU et Catherine RAVENNE, qui ont charm\u00e9 le public, aid\u00e9es de leurs deux instruments d\u2019\u00e9poque m\u00e9di\u00e9vale, un Organetto et une harpe ancienne.<\/p>\n\n\n\n<figure class=\"wp-block-gallery columns-2 is-cropped wp-block-gallery-1 is-layout-flex wp-block-gallery-is-layout-flex\"><ul class=\"blocks-gallery-grid\"><li class=\"blocks-gallery-item\"><figure><img loading=\"lazy\" decoding=\"async\" width=\"1024\" height=\"768\" src=\"http:\/\/lescheminsdemusique.fr\/wp-content\/uploads\/2023\/10\/P1240689-1024x768.jpg\" alt=\"\" data-id=\"3909\" data-link=\"http:\/\/lescheminsdemusique.fr\/?attachment_id=3909\" class=\"wp-image-3909\" srcset=\"https:\/\/lescheminsdemusique.fr\/wp-content\/uploads\/2023\/10\/P1240689-1024x768.jpg 1024w, https:\/\/lescheminsdemusique.fr\/wp-content\/uploads\/2023\/10\/P1240689-300x225.jpg 300w, https:\/\/lescheminsdemusique.fr\/wp-content\/uploads\/2023\/10\/P1240689-768x576.jpg 768w, https:\/\/lescheminsdemusique.fr\/wp-content\/uploads\/2023\/10\/P1240689.jpg 1280w\" sizes=\"auto, (max-width: 1024px) 100vw, 1024px\" \/><\/figure><\/li><li class=\"blocks-gallery-item\"><figure><img loading=\"lazy\" decoding=\"async\" width=\"1024\" height=\"768\" src=\"http:\/\/lescheminsdemusique.fr\/wp-content\/uploads\/2023\/10\/P1240690-1024x768.jpg\" alt=\"\" data-id=\"3912\" data-full-url=\"http:\/\/lescheminsdemusique.fr\/wp-content\/uploads\/2023\/10\/P1240690.jpg\" data-link=\"http:\/\/lescheminsdemusique.fr\/?attachment_id=3912\" class=\"wp-image-3912\" srcset=\"https:\/\/lescheminsdemusique.fr\/wp-content\/uploads\/2023\/10\/P1240690-1024x768.jpg 1024w, https:\/\/lescheminsdemusique.fr\/wp-content\/uploads\/2023\/10\/P1240690-300x225.jpg 300w, https:\/\/lescheminsdemusique.fr\/wp-content\/uploads\/2023\/10\/P1240690-768x576.jpg 768w, https:\/\/lescheminsdemusique.fr\/wp-content\/uploads\/2023\/10\/P1240690.jpg 1280w\" sizes=\"auto, (max-width: 1024px) 100vw, 1024px\" \/><\/figure><\/li><\/ul><\/figure>\n\n\n\n<p>Avec la projection, entre autres, des splendides tapisseries de la \u00ab\u00a0Dame \u00e0 la Licorne\u00a0\u00bb des mus\u00e9es de CLUNY et d\u2019AUBUSSON, un moment agr\u00e9ablement partag\u00e9 avec cet ensemble qui s\u2019inscrit dans une d\u00e9marche de red\u00e9couverte et de recr\u00e9ation du patrimoine musical depuis les sources les plus anciennes.\u00a0 \u00a0\u00a0\u00a0<\/p>\n","protected":false},"excerpt":{"rendered":"<p>Une LICORNE au Temple ce lundi 16 octobre\u00a0! Etonnante LICORNE qui symbolise aussi bien le f\u00e9minin que le masculin\u2026 L\u2019ensemble CUM JUBILO nous a pr\u00e9sent\u00e9 un beau programme autour de cet animal mythique qui, de tous temps, a inspir\u00e9 l\u2019imaginaire &hellip; <a href=\"https:\/\/lescheminsdemusique.fr\/index.php\/16-octobre-2023-r\/\">Continuer la lecture <span class=\"meta-nav\">&rarr;<\/span><\/a><\/p>\n","protected":false},"author":4,"featured_media":0,"parent":0,"menu_order":0,"comment_status":"closed","ping_status":"closed","template":"onecolumn-page.php","meta":{"footnotes":""},"class_list":["post-3891","page","type-page","status-publish","hentry"],"_links":{"self":[{"href":"https:\/\/lescheminsdemusique.fr\/index.php\/wp-json\/wp\/v2\/pages\/3891","targetHints":{"allow":["GET"]}}],"collection":[{"href":"https:\/\/lescheminsdemusique.fr\/index.php\/wp-json\/wp\/v2\/pages"}],"about":[{"href":"https:\/\/lescheminsdemusique.fr\/index.php\/wp-json\/wp\/v2\/types\/page"}],"author":[{"embeddable":true,"href":"https:\/\/lescheminsdemusique.fr\/index.php\/wp-json\/wp\/v2\/users\/4"}],"replies":[{"embeddable":true,"href":"https:\/\/lescheminsdemusique.fr\/index.php\/wp-json\/wp\/v2\/comments?post=3891"}],"version-history":[{"count":1,"href":"https:\/\/lescheminsdemusique.fr\/index.php\/wp-json\/wp\/v2\/pages\/3891\/revisions"}],"predecessor-version":[{"id":3923,"href":"https:\/\/lescheminsdemusique.fr\/index.php\/wp-json\/wp\/v2\/pages\/3891\/revisions\/3923"}],"wp:attachment":[{"href":"https:\/\/lescheminsdemusique.fr\/index.php\/wp-json\/wp\/v2\/media?parent=3891"}],"curies":[{"name":"wp","href":"https:\/\/api.w.org\/{rel}","templated":true}]}}