{"id":3991,"date":"2024-01-01T10:09:38","date_gmt":"2024-01-01T09:09:38","guid":{"rendered":"http:\/\/www.lescheminsdemusique.org\/?page_id=3991"},"modified":"2024-01-01T10:10:21","modified_gmt":"2024-01-01T09:10:21","slug":"18-decembre-2023-r","status":"publish","type":"page","link":"https:\/\/lescheminsdemusique.fr\/index.php\/18-decembre-2023-r\/","title":{"rendered":"18 d\u00e9cembre 2023 &#8211; R"},"content":{"rendered":"\n<p> Magnifique programme \u00ab&nbsp;baromantique&nbsp;\u00bb de l\u2019ensemble FAENZA au Temple ce lundi 18 d\u00e9cembre&nbsp;! <\/p>\n\n\n\n<p>C\u2019est sous cette d\u00e9nomination que Cl\u00e9lia \u2013voix- et Marco HORVAT \u2013th\u00e9orbe et guitare- ont pr\u00e9sent\u00e9 ce double programme de m\u00e9lodies, r\u00e9solument baroques pour une premi\u00e8re partie consacr\u00e9e au XVIIe si\u00e8cle, puis d\u00e9lib\u00e9r\u00e9ment romantique ensuite avec des \u0153uvres du XIXe.<\/p>\n\n\n\n<figure class=\"wp-block-image size-large\"><img loading=\"lazy\" decoding=\"async\" width=\"1024\" height=\"768\" src=\"http:\/\/lescheminsdemusique.fr\/wp-content\/uploads\/2024\/01\/P1250753-2-1024x768.jpg\" alt=\"\" class=\"wp-image-3999\" srcset=\"https:\/\/lescheminsdemusique.fr\/wp-content\/uploads\/2024\/01\/P1250753-2-1024x768.jpg 1024w, https:\/\/lescheminsdemusique.fr\/wp-content\/uploads\/2024\/01\/P1250753-2-300x225.jpg 300w, https:\/\/lescheminsdemusique.fr\/wp-content\/uploads\/2024\/01\/P1250753-2-768x576.jpg 768w, https:\/\/lescheminsdemusique.fr\/wp-content\/uploads\/2024\/01\/P1250753-2.jpg 1280w\" sizes=\"auto, (max-width: 1024px) 100vw, 1024px\" \/><\/figure>\n\n\n\n<div class=\"wp-block-media-text alignwide\"><figure class=\"wp-block-media-text__media\"><img loading=\"lazy\" decoding=\"async\" width=\"1024\" height=\"768\" src=\"http:\/\/lescheminsdemusique.fr\/wp-content\/uploads\/2024\/01\/P1250807-2-1024x768.jpg\" alt=\"\" class=\"wp-image-4005\" srcset=\"https:\/\/lescheminsdemusique.fr\/wp-content\/uploads\/2024\/01\/P1250807-2-1024x768.jpg 1024w, https:\/\/lescheminsdemusique.fr\/wp-content\/uploads\/2024\/01\/P1250807-2-300x225.jpg 300w, https:\/\/lescheminsdemusique.fr\/wp-content\/uploads\/2024\/01\/P1250807-2-768x576.jpg 768w, https:\/\/lescheminsdemusique.fr\/wp-content\/uploads\/2024\/01\/P1250807-2.jpg 1280w\" sizes=\"auto, (max-width: 1024px) 100vw, 1024px\" \/><\/figure><div class=\"wp-block-media-text__content\">\n<p class=\"has-normal-font-size\"> De PURCELL \u00e0 COUPERIN, en passant par Barbara STROZZI, Michel LAMBERT ou quelques anonymes, le public, venu en nombre, a savour\u00e9 ensuite des m\u00e9lodies de SCHUBERT, plus quelques airs de guitare de Fernando SOR, Manuel DE FALLA, ou encore Charles DOISY. <\/p>\n<\/div><\/div>\n\n\n\n<p>Th\u00e8mes souvent \u00e9voqu\u00e9s en ces si\u00e8cles pass\u00e9s, l\u2019amour, la mort, la nature, la nuit, le silence, la jalousie, l\u2019ivresse, la joie, la foi, la tendresse, ou encore l\u2019absence\u2026Toujours d\u00e9clin\u00e9s de fa\u00e7on diff\u00e9rente,&nbsp; et l\u2019\u00e9motion est toujours pr\u00e9sente&nbsp;!<\/p>\n\n\n\n<figure class=\"wp-block-image size-large\"><img loading=\"lazy\" decoding=\"async\" width=\"1024\" height=\"768\" src=\"http:\/\/lescheminsdemusique.fr\/wp-content\/uploads\/2024\/01\/P1250777-2-1024x768.jpg\" alt=\"\" class=\"wp-image-4009\" srcset=\"https:\/\/lescheminsdemusique.fr\/wp-content\/uploads\/2024\/01\/P1250777-2-1024x768.jpg 1024w, https:\/\/lescheminsdemusique.fr\/wp-content\/uploads\/2024\/01\/P1250777-2-300x225.jpg 300w, https:\/\/lescheminsdemusique.fr\/wp-content\/uploads\/2024\/01\/P1250777-2-768x576.jpg 768w, https:\/\/lescheminsdemusique.fr\/wp-content\/uploads\/2024\/01\/P1250777-2.jpg 1280w\" sizes=\"auto, (max-width: 1024px) 100vw, 1024px\" \/><\/figure>\n\n\n\n<p>Une exp\u00e9rience que nos deux interpr\u00e8tes ont superbement fait vivre au cours de cette soir\u00e9e&nbsp;!<\/p>\n","protected":false},"excerpt":{"rendered":"<p>Magnifique programme \u00ab&nbsp;baromantique&nbsp;\u00bb de l\u2019ensemble FAENZA au Temple ce lundi 18 d\u00e9cembre&nbsp;! C\u2019est sous cette d\u00e9nomination que Cl\u00e9lia \u2013voix- et Marco HORVAT \u2013th\u00e9orbe et guitare- ont pr\u00e9sent\u00e9 ce double programme de m\u00e9lodies, r\u00e9solument baroques pour une premi\u00e8re partie consacr\u00e9e au &hellip; <a href=\"https:\/\/lescheminsdemusique.fr\/index.php\/18-decembre-2023-r\/\">Continuer la lecture <span class=\"meta-nav\">&rarr;<\/span><\/a><\/p>\n","protected":false},"author":4,"featured_media":0,"parent":0,"menu_order":0,"comment_status":"closed","ping_status":"closed","template":"onecolumn-page.php","meta":{"footnotes":""},"class_list":["post-3991","page","type-page","status-publish","hentry"],"_links":{"self":[{"href":"https:\/\/lescheminsdemusique.fr\/index.php\/wp-json\/wp\/v2\/pages\/3991","targetHints":{"allow":["GET"]}}],"collection":[{"href":"https:\/\/lescheminsdemusique.fr\/index.php\/wp-json\/wp\/v2\/pages"}],"about":[{"href":"https:\/\/lescheminsdemusique.fr\/index.php\/wp-json\/wp\/v2\/types\/page"}],"author":[{"embeddable":true,"href":"https:\/\/lescheminsdemusique.fr\/index.php\/wp-json\/wp\/v2\/users\/4"}],"replies":[{"embeddable":true,"href":"https:\/\/lescheminsdemusique.fr\/index.php\/wp-json\/wp\/v2\/comments?post=3991"}],"version-history":[{"count":2,"href":"https:\/\/lescheminsdemusique.fr\/index.php\/wp-json\/wp\/v2\/pages\/3991\/revisions"}],"predecessor-version":[{"id":4021,"href":"https:\/\/lescheminsdemusique.fr\/index.php\/wp-json\/wp\/v2\/pages\/3991\/revisions\/4021"}],"wp:attachment":[{"href":"https:\/\/lescheminsdemusique.fr\/index.php\/wp-json\/wp\/v2\/media?parent=3991"}],"curies":[{"name":"wp","href":"https:\/\/api.w.org\/{rel}","templated":true}]}}