{"id":408,"date":"2021-01-25T10:25:24","date_gmt":"2021-01-25T09:25:24","guid":{"rendered":"http:\/\/www.lescheminsdemusique.org\/?page_id=408"},"modified":"2026-01-31T20:33:38","modified_gmt":"2026-01-31T19:33:38","slug":"proposer-un-concert-2","status":"publish","type":"page","link":"https:\/\/lescheminsdemusique.fr\/index.php\/proposer-un-concert-2\/","title":{"rendered":"Proposer un concert"},"content":{"rendered":"\n<p>Si vous souhaitez proposer un concert \u00e0 notre directrice artistique, merci d&rsquo;\u00e9crire \u00e0 l&rsquo;adresse de l&rsquo;association: lescheminsdemusique.versailles@gmail.com.<\/p>\n\n\n\n<p><\/p>\n","protected":false},"excerpt":{"rendered":"<p>Si vous souhaitez proposer un concert \u00e0 notre directrice artistique, merci d&rsquo;\u00e9crire \u00e0 l&rsquo;adresse de l&rsquo;association: lescheminsdemusique.versailles@gmail.com.<\/p>\n","protected":false},"author":4,"featured_media":0,"parent":0,"menu_order":0,"comment_status":"closed","ping_status":"closed","template":"onecolumn-page.php","meta":{"footnotes":""},"class_list":["post-408","page","type-page","status-publish","hentry"],"_links":{"self":[{"href":"https:\/\/lescheminsdemusique.fr\/index.php\/wp-json\/wp\/v2\/pages\/408","targetHints":{"allow":["GET"]}}],"collection":[{"href":"https:\/\/lescheminsdemusique.fr\/index.php\/wp-json\/wp\/v2\/pages"}],"about":[{"href":"https:\/\/lescheminsdemusique.fr\/index.php\/wp-json\/wp\/v2\/types\/page"}],"author":[{"embeddable":true,"href":"https:\/\/lescheminsdemusique.fr\/index.php\/wp-json\/wp\/v2\/users\/4"}],"replies":[{"embeddable":true,"href":"https:\/\/lescheminsdemusique.fr\/index.php\/wp-json\/wp\/v2\/comments?post=408"}],"version-history":[{"count":8,"href":"https:\/\/lescheminsdemusique.fr\/index.php\/wp-json\/wp\/v2\/pages\/408\/revisions"}],"predecessor-version":[{"id":8778,"href":"https:\/\/lescheminsdemusique.fr\/index.php\/wp-json\/wp\/v2\/pages\/408\/revisions\/8778"}],"wp:attachment":[{"href":"https:\/\/lescheminsdemusique.fr\/index.php\/wp-json\/wp\/v2\/media?parent=408"}],"curies":[{"name":"wp","href":"https:\/\/api.w.org\/{rel}","templated":true}]}}