{"id":4185,"date":"2024-02-04T18:01:47","date_gmt":"2024-02-04T17:01:47","guid":{"rendered":"http:\/\/www.lescheminsdemusique.org\/?page_id=4185"},"modified":"2024-02-04T18:02:17","modified_gmt":"2024-02-04T17:02:17","slug":"29-janvier-2024-r","status":"publish","type":"page","link":"https:\/\/lescheminsdemusique.fr\/index.php\/29-janvier-2024-r\/","title":{"rendered":"29 janvier 2024 &#8211; R"},"content":{"rendered":"\n<p class=\"has-medium-font-size\"><strong>Soir\u00e9e r\u00e9solument baroque au Temple ce 29 janvier&nbsp;!<\/strong><\/p>\n\n\n\n<div class=\"wp-block-media-text alignwide\"><figure class=\"wp-block-media-text__media\"><img loading=\"lazy\" decoding=\"async\" width=\"1024\" height=\"768\" src=\"http:\/\/lescheminsdemusique.fr\/wp-content\/uploads\/2024\/02\/P1260662-1024x768.jpg\" alt=\"\" class=\"wp-image-4194\" srcset=\"https:\/\/lescheminsdemusique.fr\/wp-content\/uploads\/2024\/02\/P1260662-1024x768.jpg 1024w, https:\/\/lescheminsdemusique.fr\/wp-content\/uploads\/2024\/02\/P1260662-300x225.jpg 300w, https:\/\/lescheminsdemusique.fr\/wp-content\/uploads\/2024\/02\/P1260662-768x576.jpg 768w, https:\/\/lescheminsdemusique.fr\/wp-content\/uploads\/2024\/02\/P1260662.jpg 1280w\" sizes=\"auto, (max-width: 1024px) 100vw, 1024px\" \/><\/figure><div class=\"wp-block-media-text__content\">\n<p class=\"has-medium-font-size\">C\u2019est un beau voyage musical vers le XVIIIe si\u00e8cle que l\u2019ensemble \u00ab&nbsp;PRELUDE&nbsp;\u00bb a pr\u00e9sent\u00e9 \u00e0 un public venu nombreux ce lundi au Temple. <\/p>\n<\/div><\/div>\n\n\n\n<p class=\"has-medium-font-size\"> Angela WERNER (soprano et fl\u00fbte traversi\u00e8re baroque), A\u00efda JIMENEZ CUYA (violon  baroque), Pascale COSTANTINI (basse de viole), S\u00e9bastien NADIRAS (clavecin), Fran\u00e7ois NATUREL (fl\u00fbte traversi\u00e8re baroque), et Olivier EMONT (basse) nous ont propos\u00e9 en premi\u00e8re partie des \u0153uvres de TELEMAN, du \u00ab&nbsp;TAFEL-MUSIK Quartett&nbsp;\u00bb en sol majeur au \u00ab&nbsp;Quatuor Parisien&nbsp;\u00bb n\u00b02 en mi mineur pour deux fl\u00fbtes et deux basses, en passant par quelques cantates, sonates et psaumes. <\/p>\n\n\n\n<div class=\"wp-block-media-text alignwide has-media-on-the-right\" style=\"grid-template-columns:auto 25%\"><figure class=\"wp-block-media-text__media\"><img loading=\"lazy\" decoding=\"async\" width=\"197\" height=\"256\" src=\"http:\/\/lescheminsdemusique.fr\/wp-content\/uploads\/2024\/02\/jsb.jpg\" alt=\"\" class=\"wp-image-4202\"\/><\/figure><div class=\"wp-block-media-text__content\">\n<p class=\"has-medium-font-size\">Puis en deuxi\u00e8me partie nous avons eu le plaisir de partager la cantate BWV 137 (Lobe den Herren&nbsp;\u00bb, de Jean-S\u00e9bastien BACH.<\/p>\n<\/div><\/div>\n\n\n\n<p class=\"has-medium-font-size\">Une soir\u00e9e tout en douceur, qui s\u2019harmonisait superbement avec la douceur ambiante de cette fin janvier aux temp\u00e9ratures peu hivernales&nbsp;!<\/p>\n\n\n\n<figure class=\"wp-block-image size-large\"><img loading=\"lazy\" decoding=\"async\" width=\"1024\" height=\"768\" src=\"http:\/\/lescheminsdemusique.fr\/wp-content\/uploads\/2024\/02\/P1260669-1024x768.jpg\" alt=\"\" class=\"wp-image-4214\" srcset=\"https:\/\/lescheminsdemusique.fr\/wp-content\/uploads\/2024\/02\/P1260669-1024x768.jpg 1024w, https:\/\/lescheminsdemusique.fr\/wp-content\/uploads\/2024\/02\/P1260669-300x225.jpg 300w, https:\/\/lescheminsdemusique.fr\/wp-content\/uploads\/2024\/02\/P1260669-768x576.jpg 768w, https:\/\/lescheminsdemusique.fr\/wp-content\/uploads\/2024\/02\/P1260669.jpg 1280w\" sizes=\"auto, (max-width: 1024px) 100vw, 1024px\" \/><\/figure>\n","protected":false},"excerpt":{"rendered":"<p>Soir\u00e9e r\u00e9solument baroque au Temple ce 29 janvier&nbsp;! C\u2019est un beau voyage musical vers le XVIIIe si\u00e8cle que l\u2019ensemble \u00ab&nbsp;PRELUDE&nbsp;\u00bb a pr\u00e9sent\u00e9 \u00e0 un public venu nombreux ce lundi au Temple. Angela WERNER (soprano et fl\u00fbte traversi\u00e8re baroque), A\u00efda JIMENEZ &hellip; <a href=\"https:\/\/lescheminsdemusique.fr\/index.php\/29-janvier-2024-r\/\">Continuer la lecture <span class=\"meta-nav\">&rarr;<\/span><\/a><\/p>\n","protected":false},"author":4,"featured_media":0,"parent":0,"menu_order":0,"comment_status":"closed","ping_status":"closed","template":"onecolumn-page.php","meta":{"footnotes":""},"class_list":["post-4185","page","type-page","status-publish","hentry"],"_links":{"self":[{"href":"https:\/\/lescheminsdemusique.fr\/index.php\/wp-json\/wp\/v2\/pages\/4185","targetHints":{"allow":["GET"]}}],"collection":[{"href":"https:\/\/lescheminsdemusique.fr\/index.php\/wp-json\/wp\/v2\/pages"}],"about":[{"href":"https:\/\/lescheminsdemusique.fr\/index.php\/wp-json\/wp\/v2\/types\/page"}],"author":[{"embeddable":true,"href":"https:\/\/lescheminsdemusique.fr\/index.php\/wp-json\/wp\/v2\/users\/4"}],"replies":[{"embeddable":true,"href":"https:\/\/lescheminsdemusique.fr\/index.php\/wp-json\/wp\/v2\/comments?post=4185"}],"version-history":[{"count":2,"href":"https:\/\/lescheminsdemusique.fr\/index.php\/wp-json\/wp\/v2\/pages\/4185\/revisions"}],"predecessor-version":[{"id":4225,"href":"https:\/\/lescheminsdemusique.fr\/index.php\/wp-json\/wp\/v2\/pages\/4185\/revisions\/4225"}],"wp:attachment":[{"href":"https:\/\/lescheminsdemusique.fr\/index.php\/wp-json\/wp\/v2\/media?parent=4185"}],"curies":[{"name":"wp","href":"https:\/\/api.w.org\/{rel}","templated":true}]}}