{"id":4441,"date":"2024-03-17T15:54:35","date_gmt":"2024-03-17T14:54:35","guid":{"rendered":"http:\/\/www.lescheminsdemusique.org\/?page_id=4441"},"modified":"2024-03-17T15:55:03","modified_gmt":"2024-03-17T14:55:03","slug":"4-mars-2024-r","status":"publish","type":"page","link":"https:\/\/lescheminsdemusique.fr\/index.php\/4-mars-2024-r\/","title":{"rendered":"4 mars 2024 &#8211; R"},"content":{"rendered":"\n<p class=\"has-medium-font-size\"><strong>Des voix \u00ab&nbsp;c\u00e9lestes&nbsp;\u00bb ce lundi au Temple&nbsp;!<\/strong><\/p>\n\n\n\n<p><\/p>\n\n\n\n<p><strong>Venues d\u2019Espagne, ces quatre voix de l\u2019ensemble EGERIA ont ravi le public, venu avec quelques difficult\u00e9s ce lundi soir, en raison de la pr\u00e9sence au ch\u00e2teau de Versailles du congr\u00e8s rassemblant d\u00e9put\u00e9s et s\u00e9nateurs, ce qui a provoqu\u00e9 un \u00ab&nbsp;bouclage&nbsp;\u00bb du quartier.<\/strong><\/p>\n\n\n\n<figure class=\"wp-block-image size-large\"><img loading=\"lazy\" decoding=\"async\" width=\"1024\" height=\"768\" src=\"http:\/\/lescheminsdemusique.fr\/wp-content\/uploads\/2024\/03\/P1270712-1-1024x768.jpg\" alt=\"\" class=\"wp-image-4449\" srcset=\"https:\/\/lescheminsdemusique.fr\/wp-content\/uploads\/2024\/03\/P1270712-1-1024x768.jpg 1024w, https:\/\/lescheminsdemusique.fr\/wp-content\/uploads\/2024\/03\/P1270712-1-300x225.jpg 300w, https:\/\/lescheminsdemusique.fr\/wp-content\/uploads\/2024\/03\/P1270712-1-768x576.jpg 768w, https:\/\/lescheminsdemusique.fr\/wp-content\/uploads\/2024\/03\/P1270712-1.jpg 1280w\" sizes=\"auto, (max-width: 1024px) 100vw, 1024px\" \/><\/figure>\n\n\n\n<p><strong>Lucia MARTIN-MAESTRO VERBO, Fabiana SANS ARCILAGOS, Ileana ORTIZ RODRIGUEZ et Fanny CONSTANS nous ont fait d\u00e9couvrir, \u00e0 partir du manuscrit \u00ab&nbsp;tropaire de CATANE&nbsp;\u00bb, de la cath\u00e9drale Ste AGATHE, les merveilles de la polyphonie du Haut Moyen-Age. Du \u00ab&nbsp;KYRIE&nbsp;\u00bb au \u00ab&nbsp;BENEDICAMUS DOMINO&nbsp;\u00bb, de v\u00e9ritables \u00ab&nbsp;p\u00e9pites&nbsp;\u00bb \u00e9voquant les c\u00e9r\u00e9monies de la SICILE NORMANDE des XIe et XIIe si\u00e8cles.<\/strong><\/p>\n\n\n\n<div class=\"wp-block-media-text alignwide\"><figure class=\"wp-block-media-text__media\"><img loading=\"lazy\" decoding=\"async\" width=\"1024\" height=\"768\" src=\"http:\/\/lescheminsdemusique.fr\/wp-content\/uploads\/2024\/03\/P1270625-1024x768.jpg\" alt=\"\" class=\"wp-image-4456\" srcset=\"https:\/\/lescheminsdemusique.fr\/wp-content\/uploads\/2024\/03\/P1270625-1024x768.jpg 1024w, https:\/\/lescheminsdemusique.fr\/wp-content\/uploads\/2024\/03\/P1270625-300x225.jpg 300w, https:\/\/lescheminsdemusique.fr\/wp-content\/uploads\/2024\/03\/P1270625-768x576.jpg 768w, https:\/\/lescheminsdemusique.fr\/wp-content\/uploads\/2024\/03\/P1270625.jpg 1280w\" sizes=\"auto, (max-width: 1024px) 100vw, 1024px\" \/><\/figure><div class=\"wp-block-media-text__content\">\n<p class=\"has-normal-font-size\"><strong>Une soir\u00e9e rare car la plupart des concerts de l\u2019ensemble EGERIA se d\u00e9roulent en Espagne\u2026<\/strong><\/p>\n<\/div><\/div>\n","protected":false},"excerpt":{"rendered":"<p>Des voix \u00ab&nbsp;c\u00e9lestes&nbsp;\u00bb ce lundi au Temple&nbsp;! Venues d\u2019Espagne, ces quatre voix de l\u2019ensemble EGERIA ont ravi le public, venu avec quelques difficult\u00e9s ce lundi soir, en raison de la pr\u00e9sence au ch\u00e2teau de Versailles du congr\u00e8s rassemblant d\u00e9put\u00e9s et &hellip; <a href=\"https:\/\/lescheminsdemusique.fr\/index.php\/4-mars-2024-r\/\">Continuer la lecture <span class=\"meta-nav\">&rarr;<\/span><\/a><\/p>\n","protected":false},"author":4,"featured_media":0,"parent":0,"menu_order":0,"comment_status":"closed","ping_status":"closed","template":"onecolumn-page.php","meta":{"footnotes":""},"class_list":["post-4441","page","type-page","status-publish","hentry"],"_links":{"self":[{"href":"https:\/\/lescheminsdemusique.fr\/index.php\/wp-json\/wp\/v2\/pages\/4441","targetHints":{"allow":["GET"]}}],"collection":[{"href":"https:\/\/lescheminsdemusique.fr\/index.php\/wp-json\/wp\/v2\/pages"}],"about":[{"href":"https:\/\/lescheminsdemusique.fr\/index.php\/wp-json\/wp\/v2\/types\/page"}],"author":[{"embeddable":true,"href":"https:\/\/lescheminsdemusique.fr\/index.php\/wp-json\/wp\/v2\/users\/4"}],"replies":[{"embeddable":true,"href":"https:\/\/lescheminsdemusique.fr\/index.php\/wp-json\/wp\/v2\/comments?post=4441"}],"version-history":[{"count":2,"href":"https:\/\/lescheminsdemusique.fr\/index.php\/wp-json\/wp\/v2\/pages\/4441\/revisions"}],"predecessor-version":[{"id":4466,"href":"https:\/\/lescheminsdemusique.fr\/index.php\/wp-json\/wp\/v2\/pages\/4441\/revisions\/4466"}],"wp:attachment":[{"href":"https:\/\/lescheminsdemusique.fr\/index.php\/wp-json\/wp\/v2\/media?parent=4441"}],"curies":[{"name":"wp","href":"https:\/\/api.w.org\/{rel}","templated":true}]}}