{"id":4775,"date":"2024-05-19T14:28:06","date_gmt":"2024-05-19T12:28:06","guid":{"rendered":"http:\/\/www.lescheminsdemusique.org\/?page_id=4775"},"modified":"2024-05-19T14:43:31","modified_gmt":"2024-05-19T12:43:31","slug":"cr-29-avril-2024","status":"publish","type":"page","link":"https:\/\/lescheminsdemusique.fr\/index.php\/cr-29-avril-2024\/","title":{"rendered":"cr 29 avril 2024 &#8211; R"},"content":{"rendered":"\n<div class=\"wp-block-media-text alignwide\"><figure class=\"wp-block-media-text__media\"><img loading=\"lazy\" decoding=\"async\" width=\"1024\" height=\"768\" src=\"http:\/\/lescheminsdemusique.fr\/wp-content\/uploads\/2024\/05\/P1290342-1024x768.jpg\" alt=\"\" class=\"wp-image-4800\" srcset=\"https:\/\/lescheminsdemusique.fr\/wp-content\/uploads\/2024\/05\/P1290342-1024x768.jpg 1024w, https:\/\/lescheminsdemusique.fr\/wp-content\/uploads\/2024\/05\/P1290342-300x225.jpg 300w, https:\/\/lescheminsdemusique.fr\/wp-content\/uploads\/2024\/05\/P1290342-768x576.jpg 768w, https:\/\/lescheminsdemusique.fr\/wp-content\/uploads\/2024\/05\/P1290342.jpg 1280w\" sizes=\"auto, (max-width: 1024px) 100vw, 1024px\" \/><\/figure><div class=\"wp-block-media-text__content\">\n<p class=\"has-normal-font-size\">JOHANNES CICONIA, entre Li\u00e8ge et Padoue\u2026<\/p>\n<\/div><\/div>\n\n\n\n<p>Ce lundi au Temple, les subtiles harmonies de la fin de\ncette riche p\u00e9riode de la Renaissance ont retenti, transportant le public de\nLi\u00e8ge \u00e0 Venise, en passant par Padoue, o\u00f9 ce compositeur a v\u00e9cu.<\/p>\n\n\n\n<div class=\"wp-block-media-text alignwide has-media-on-the-right\"><figure class=\"wp-block-media-text__media\"><img loading=\"lazy\" decoding=\"async\" width=\"1024\" height=\"768\" src=\"http:\/\/lescheminsdemusique.fr\/wp-content\/uploads\/2024\/05\/P1290336-1024x768.jpg\" alt=\"\" class=\"wp-image-4810\" srcset=\"https:\/\/lescheminsdemusique.fr\/wp-content\/uploads\/2024\/05\/P1290336-1024x768.jpg 1024w, https:\/\/lescheminsdemusique.fr\/wp-content\/uploads\/2024\/05\/P1290336-300x225.jpg 300w, https:\/\/lescheminsdemusique.fr\/wp-content\/uploads\/2024\/05\/P1290336-768x576.jpg 768w, https:\/\/lescheminsdemusique.fr\/wp-content\/uploads\/2024\/05\/P1290336.jpg 1280w\" sizes=\"auto, (max-width: 1024px) 100vw, 1024px\" \/><\/figure><div class=\"wp-block-media-text__content\">\n<p class=\"has-normal-font-size\"> Ars NOVA et Ars SUBTILIOR ont laiss\u00e9 un superbe h\u00e9ritage \u00e0 cette p\u00e9riode de transition entre Moyen \u00c2ge et Renaissance. <\/p>\n<\/div><\/div>\n\n\n\n<p>Entre un \u00ab&nbsp;Gloria&nbsp;\u00bb \u00e0 trois ou quatre voix et quelques somptueux motets glorifiant des personnages divers (\u00ab&nbsp;Petrum MARCELLO&nbsp;\u00bb, ou encore \u00ab&nbsp;Beate NICOLAE&nbsp;\u00bb), l\u2019ensemble EPHEMERES avait mis au programme madrigaux, virelai et ballata, dont l\u2019harmonieuse \u00ab&nbsp;\u00d4 Rosa Bella&nbsp;\u00bb, choisie pour titre de ce rendez-vous musical appr\u00e9ci\u00e9.<\/p>\n","protected":false},"excerpt":{"rendered":"<p>JOHANNES CICONIA, entre Li\u00e8ge et Padoue\u2026 Ce lundi au Temple, les subtiles harmonies de la fin de cette riche p\u00e9riode de la Renaissance ont retenti, transportant le public de Li\u00e8ge \u00e0 Venise, en passant par Padoue, o\u00f9 ce compositeur a &hellip; <a href=\"https:\/\/lescheminsdemusique.fr\/index.php\/cr-29-avril-2024\/\">Continuer la lecture <span class=\"meta-nav\">&rarr;<\/span><\/a><\/p>\n","protected":false},"author":4,"featured_media":0,"parent":0,"menu_order":0,"comment_status":"closed","ping_status":"closed","template":"onecolumn-page.php","meta":{"footnotes":""},"class_list":["post-4775","page","type-page","status-publish","hentry"],"_links":{"self":[{"href":"https:\/\/lescheminsdemusique.fr\/index.php\/wp-json\/wp\/v2\/pages\/4775","targetHints":{"allow":["GET"]}}],"collection":[{"href":"https:\/\/lescheminsdemusique.fr\/index.php\/wp-json\/wp\/v2\/pages"}],"about":[{"href":"https:\/\/lescheminsdemusique.fr\/index.php\/wp-json\/wp\/v2\/types\/page"}],"author":[{"embeddable":true,"href":"https:\/\/lescheminsdemusique.fr\/index.php\/wp-json\/wp\/v2\/users\/4"}],"replies":[{"embeddable":true,"href":"https:\/\/lescheminsdemusique.fr\/index.php\/wp-json\/wp\/v2\/comments?post=4775"}],"version-history":[{"count":3,"href":"https:\/\/lescheminsdemusique.fr\/index.php\/wp-json\/wp\/v2\/pages\/4775\/revisions"}],"predecessor-version":[{"id":4858,"href":"https:\/\/lescheminsdemusique.fr\/index.php\/wp-json\/wp\/v2\/pages\/4775\/revisions\/4858"}],"wp:attachment":[{"href":"https:\/\/lescheminsdemusique.fr\/index.php\/wp-json\/wp\/v2\/media?parent=4775"}],"curies":[{"name":"wp","href":"https:\/\/api.w.org\/{rel}","templated":true}]}}