{"id":4915,"date":"2024-05-30T17:53:54","date_gmt":"2024-05-30T15:53:54","guid":{"rendered":"http:\/\/www.lescheminsdemusique.org\/?page_id=4915"},"modified":"2024-05-30T17:57:09","modified_gmt":"2024-05-30T15:57:09","slug":"cr-20-mai-2024","status":"publish","type":"page","link":"https:\/\/lescheminsdemusique.fr\/index.php\/cr-20-mai-2024\/","title":{"rendered":"cr &#8211; 20 mai 2024- R"},"content":{"rendered":"\n<p>Envol\u00e9es c\u00e9lestes au Temple ce lundi 20 mai&nbsp;!<\/p>\n\n\n\n<p><\/p>\n\n\n\n<p>Sous la direction efficace de Lewis HAMMOND, le ch\u0153ur de l\u2019ensemble \u00ab&nbsp;le Fil d\u2019Or&nbsp;\u00bb a donn\u00e9 une magnifique interpr\u00e9tation des \u0153uvres de deux compositeurs britanniques, Robert WHITE (d\u00e9c\u00e9d\u00e9 en 1574) et Sir Charles VILLIERS STANFORD (dont le centenaire tombait le 29 mars dernier).<\/p>\n\n\n\n<figure class=\"wp-block-image size-large\"><img loading=\"lazy\" decoding=\"async\" width=\"1024\" height=\"768\" src=\"http:\/\/lescheminsdemusique.fr\/wp-content\/uploads\/2024\/05\/P1300184-1024x768.jpg\" alt=\"\" class=\"wp-image-4927\" srcset=\"https:\/\/lescheminsdemusique.fr\/wp-content\/uploads\/2024\/05\/P1300184-1024x768.jpg 1024w, https:\/\/lescheminsdemusique.fr\/wp-content\/uploads\/2024\/05\/P1300184-300x225.jpg 300w, https:\/\/lescheminsdemusique.fr\/wp-content\/uploads\/2024\/05\/P1300184-768x576.jpg 768w, https:\/\/lescheminsdemusique.fr\/wp-content\/uploads\/2024\/05\/P1300184.jpg 1280w\" sizes=\"auto, (max-width: 1024px) 100vw, 1024px\" \/><\/figure>\n\n\n\n<p>D\u00e9butant par une polyphonie de Robert FAYRFAX (Eterne Laudis Illium, composition d\u00e9di\u00e9e \u00e0 la Vierge), et se concluant par \u00ab&nbsp;Nunc Dimittis&nbsp;\u00bb, de Gustave HOLST, pour double ch\u0153ur,&nbsp;Le Fil d\u2019Or a donn\u00e9 toute la mesure de son talent, avec ces \u0153uvres qu\u2019ont bien appr\u00e9ci\u00e9 les fid\u00e8les qui avaient brav\u00e9 les fortes pluies de cette soir\u00e9e de mai.<\/p>\n\n\n\n<figure class=\"wp-block-image size-large\"><img loading=\"lazy\" decoding=\"async\" width=\"1024\" height=\"768\" src=\"http:\/\/lescheminsdemusique.fr\/wp-content\/uploads\/2024\/05\/P1300220-1024x768.jpg\" alt=\"\" class=\"wp-image-4935\" srcset=\"https:\/\/lescheminsdemusique.fr\/wp-content\/uploads\/2024\/05\/P1300220-1024x768.jpg 1024w, https:\/\/lescheminsdemusique.fr\/wp-content\/uploads\/2024\/05\/P1300220-300x225.jpg 300w, https:\/\/lescheminsdemusique.fr\/wp-content\/uploads\/2024\/05\/P1300220-768x576.jpg 768w, https:\/\/lescheminsdemusique.fr\/wp-content\/uploads\/2024\/05\/P1300220.jpg 1280w\" sizes=\"auto, (max-width: 1024px) 100vw, 1024px\" \/><\/figure>\n\n\n\n<p> B\u00e9atrice GOBIN et Alice MARZUOLA (sopranos), Agn\u00e8s BUCQUET et Ludmila KRIVICH (Altos), Romain CHAMPION et Matthias DEAU (t\u00e9nors), Paul-Louis BARLET (baryton), Simon DUBOIS et Alan PICOL (Basses) ont fait r\u00e9sonner le Temple de ces somptueuses harmonies de musiques sacr\u00e9es anglaises.  <\/p>\n\n\n\n<figure class=\"wp-block-image size-large\"><img loading=\"lazy\" decoding=\"async\" width=\"1024\" height=\"568\" src=\"http:\/\/lescheminsdemusique.fr\/wp-content\/uploads\/2024\/05\/P1300199-1024x568.jpg\" alt=\"\" class=\"wp-image-4942\" srcset=\"https:\/\/lescheminsdemusique.fr\/wp-content\/uploads\/2024\/05\/P1300199-1024x568.jpg 1024w, https:\/\/lescheminsdemusique.fr\/wp-content\/uploads\/2024\/05\/P1300199-300x166.jpg 300w, https:\/\/lescheminsdemusique.fr\/wp-content\/uploads\/2024\/05\/P1300199-768x426.jpg 768w, https:\/\/lescheminsdemusique.fr\/wp-content\/uploads\/2024\/05\/P1300199.jpg 1280w\" sizes=\"auto, (max-width: 1024px) 100vw, 1024px\" \/><\/figure>\n\n\n\n<p>B\u00e9atrice GOBIN et Alice MARZUOLA (sopranos), Agn\u00e8s BUCQUET\net Ludmila KRIVICH (Altos), Romain CHAMPION et Matthias DEAU (t\u00e9nors),\nPaul-Louis BARLET (baryton), Simon DUBOIS et Alan PICOL (Basses) ont fait\nr\u00e9sonner le Temple de ces somptueuses harmonies de musiques sacr\u00e9es anglaises.\nCe tout nouvel ensemble (premier concert en mars 2023) s\u2019est sp\u00e9cialis\u00e9, entre\nautres, dans les polyphonies vocales des XVe et XVIe si\u00e8cles. <\/p>\n\n\n\n<p>\u00ab&nbsp;Le Fil d\u2019Or&nbsp;\u00bb, un ch\u0153ur \u00e0 suivre&nbsp;!<\/p>\n","protected":false},"excerpt":{"rendered":"<p>Envol\u00e9es c\u00e9lestes au Temple ce lundi 20 mai&nbsp;! Sous la direction efficace de Lewis HAMMOND, le ch\u0153ur de l\u2019ensemble \u00ab&nbsp;le Fil d\u2019Or&nbsp;\u00bb a donn\u00e9 une magnifique interpr\u00e9tation des \u0153uvres de deux compositeurs britanniques, Robert WHITE (d\u00e9c\u00e9d\u00e9 en 1574) et Sir &hellip; <a href=\"https:\/\/lescheminsdemusique.fr\/index.php\/cr-20-mai-2024\/\">Continuer la lecture <span class=\"meta-nav\">&rarr;<\/span><\/a><\/p>\n","protected":false},"author":4,"featured_media":0,"parent":0,"menu_order":0,"comment_status":"closed","ping_status":"closed","template":"onecolumn-page.php","meta":{"footnotes":""},"class_list":["post-4915","page","type-page","status-publish","hentry"],"_links":{"self":[{"href":"https:\/\/lescheminsdemusique.fr\/index.php\/wp-json\/wp\/v2\/pages\/4915","targetHints":{"allow":["GET"]}}],"collection":[{"href":"https:\/\/lescheminsdemusique.fr\/index.php\/wp-json\/wp\/v2\/pages"}],"about":[{"href":"https:\/\/lescheminsdemusique.fr\/index.php\/wp-json\/wp\/v2\/types\/page"}],"author":[{"embeddable":true,"href":"https:\/\/lescheminsdemusique.fr\/index.php\/wp-json\/wp\/v2\/users\/4"}],"replies":[{"embeddable":true,"href":"https:\/\/lescheminsdemusique.fr\/index.php\/wp-json\/wp\/v2\/comments?post=4915"}],"version-history":[{"count":3,"href":"https:\/\/lescheminsdemusique.fr\/index.php\/wp-json\/wp\/v2\/pages\/4915\/revisions"}],"predecessor-version":[{"id":4983,"href":"https:\/\/lescheminsdemusique.fr\/index.php\/wp-json\/wp\/v2\/pages\/4915\/revisions\/4983"}],"wp:attachment":[{"href":"https:\/\/lescheminsdemusique.fr\/index.php\/wp-json\/wp\/v2\/media?parent=4915"}],"curies":[{"name":"wp","href":"https:\/\/api.w.org\/{rel}","templated":true}]}}