{"id":59,"date":"2021-01-04T17:39:48","date_gmt":"2021-01-04T16:39:48","guid":{"rendered":"http:\/\/leschel.cluster023.hosting.ovh.net\/?page_id=59"},"modified":"2021-01-24T18:54:43","modified_gmt":"2021-01-24T17:54:43","slug":"le-lieu","status":"publish","type":"page","link":"https:\/\/lescheminsdemusique.fr\/index.php\/le-lieu\/","title":{"rendered":"Le lieu"},"content":{"rendered":"\n<p>Le 24 mai 1821, sous <a href=\"https:\/\/fr.wikipedia.org\/wiki\/Louis_XVIII\">Louis XVIII<\/a>, le gouvernement autorise l&rsquo;\u00e9tablissement \u00e0 Versailles d&rsquo;une \u00e9glise protestante de confession <a href=\"https:\/\/fr.wikipedia.org\/wiki\/Anglicanisme\">anglicane<\/a>. Elle s&rsquo;\u00e9tablit en 1926 3 rue Dauphine, renomm\u00e9e depuis rue Hoche, dans une ancienne chapelle catholique.<\/p>\n\n\n\n<p><\/p>\n\n\n\n<div class=\"wp-block-columns is-layout-flex wp-container-core-columns-is-layout-9d6595d7 wp-block-columns-is-layout-flex\">\n<div class=\"wp-block-column is-layout-flow wp-block-column-is-layout-flow\">\n<p> La chapelle date alors de 1769, construite sous <a href=\"https:\/\/fr.wikipedia.org\/wiki\/Louis_XIV\">Louis XIV<\/a> sur les dessins de <a href=\"https:\/\/fr.wikipedia.org\/wiki\/Charles_De_Wailly\">Charles De Wailly<\/a> \u00e0 l&#8217;emplacement des h\u00f4tels particuliers de Marcillac, de la <a href=\"https:\/\/fr.wikipedia.org\/wiki\/Maison_de_La_Rochefoucauld\">maison de La Rochefoucauld<\/a> puis de Conti pour servir de reposoir lors de la procession de la <a href=\"https:\/\/fr.wikipedia.org\/wiki\/F%C3%AAte-Dieu\">F\u00eate-Dieu<\/a>, qui conduisait de l&rsquo;<a href=\"https:\/\/fr.wikipedia.org\/wiki\/%C3%89glise_Notre-Dame_de_Versailles\">\u00e9glise Notre-Dame de Versailles<\/a> \u00e0 la <a href=\"https:\/\/fr.wikipedia.org\/wiki\/Chapelle_royale_de_Versailles\">chapelle royale du ch\u00e2teau<\/a>.  <\/p>\n<\/div>\n\n\n\n<div class=\"wp-block-column is-layout-flow wp-block-column-is-layout-flow\">\n<figure class=\"wp-block-image size-large is-resized\"><img loading=\"lazy\" decoding=\"async\" src=\"http:\/\/lescheminsdemusique.fr\/wp-content\/uploads\/2021\/01\/260px-Versailles_Temple_rue_Hoche.jpg\" alt=\"\" class=\"wp-image-56\" width=\"185\" height=\"247\" srcset=\"https:\/\/lescheminsdemusique.fr\/wp-content\/uploads\/2021\/01\/260px-Versailles_Temple_rue_Hoche.jpg 260w, https:\/\/lescheminsdemusique.fr\/wp-content\/uploads\/2021\/01\/260px-Versailles_Temple_rue_Hoche-225x300.jpg 225w\" sizes=\"auto, (max-width: 185px) 100vw, 185px\" \/><\/figure>\n<\/div>\n\n\n\n<div class=\"wp-block-column is-layout-flow wp-block-column-is-layout-flow\">\n<p> D\u00e9sacralis\u00e9e \u00e0 la <a href=\"https:\/\/fr.wikipedia.org\/wiki\/R%C3%A9volution_fran%C3%A7aise\">R\u00e9volution fran\u00e7aise<\/a>, la chapelle sert de salle de r\u00e9union puis de temple pour les <a href=\"https:\/\/fr.wikipedia.org\/wiki\/Th%C3%A9ophilanthropie\">th\u00e9ophilanthrope<\/a>.  Le temple actuel est \u00e9difi\u00e9 de 1880 \u00e0 1882, selon un plan sobre et  classique de l&rsquo;architecture protestante de l&rsquo;\u00e9poque, avec une Bible  ouverte sur le fronton. <\/p>\n<\/div>\n<\/div>\n\n\n\n<p>  L&rsquo;orgue est r\u00e9alis\u00e9 par les facteurs d&rsquo;orgues protestants, MM Eug\u00e8ne  &amp; John Abbey, en 1888. Il est transform\u00e9 en 1969 par le facteur  Cicchero. <\/p>\n","protected":false},"excerpt":{"rendered":"<p>Le 24 mai 1821, sous Louis XVIII, le gouvernement autorise l&rsquo;\u00e9tablissement \u00e0 Versailles d&rsquo;une \u00e9glise protestante de confession anglicane. Elle s&rsquo;\u00e9tablit en 1926 3 rue Dauphine, renomm\u00e9e depuis rue Hoche, dans une ancienne chapelle catholique. La chapelle date alors de &hellip; <a href=\"https:\/\/lescheminsdemusique.fr\/index.php\/le-lieu\/\">Continuer la lecture <span class=\"meta-nav\">&rarr;<\/span><\/a><\/p>\n","protected":false},"author":4,"featured_media":56,"parent":0,"menu_order":0,"comment_status":"closed","ping_status":"closed","template":"onecolumn-page.php","meta":{"footnotes":""},"class_list":["post-59","page","type-page","status-publish","has-post-thumbnail","hentry"],"_links":{"self":[{"href":"https:\/\/lescheminsdemusique.fr\/index.php\/wp-json\/wp\/v2\/pages\/59","targetHints":{"allow":["GET"]}}],"collection":[{"href":"https:\/\/lescheminsdemusique.fr\/index.php\/wp-json\/wp\/v2\/pages"}],"about":[{"href":"https:\/\/lescheminsdemusique.fr\/index.php\/wp-json\/wp\/v2\/types\/page"}],"author":[{"embeddable":true,"href":"https:\/\/lescheminsdemusique.fr\/index.php\/wp-json\/wp\/v2\/users\/4"}],"replies":[{"embeddable":true,"href":"https:\/\/lescheminsdemusique.fr\/index.php\/wp-json\/wp\/v2\/comments?post=59"}],"version-history":[{"count":2,"href":"https:\/\/lescheminsdemusique.fr\/index.php\/wp-json\/wp\/v2\/pages\/59\/revisions"}],"predecessor-version":[{"id":360,"href":"https:\/\/lescheminsdemusique.fr\/index.php\/wp-json\/wp\/v2\/pages\/59\/revisions\/360"}],"wp:featuredmedia":[{"embeddable":true,"href":"https:\/\/lescheminsdemusique.fr\/index.php\/wp-json\/wp\/v2\/media\/56"}],"wp:attachment":[{"href":"https:\/\/lescheminsdemusique.fr\/index.php\/wp-json\/wp\/v2\/media?parent=59"}],"curies":[{"name":"wp","href":"https:\/\/api.w.org\/{rel}","templated":true}]}}