{"id":6096,"date":"2025-04-06T21:50:58","date_gmt":"2025-04-06T19:50:58","guid":{"rendered":"http:\/\/www.lescheminsdemusique.org\/?page_id=6096"},"modified":"2025-05-07T21:28:58","modified_gmt":"2025-05-07T19:28:58","slug":"cr-31-mars-2025","status":"publish","type":"page","link":"https:\/\/lescheminsdemusique.fr\/index.php\/cr-31-mars-2025\/","title":{"rendered":"CR 31 mars 2025"},"content":{"rendered":"\n<p class=\"has-medium-font-size\"><strong>Concert Temple Versailles 31 mars 25<br><\/strong>DON QUICHOTTE \u00e0 VERSAILLES&nbsp;!<\/p>\n\n\n\n<p>Est-il n\u00e9cessaire de pr\u00e9senter \u00ab&nbsp;le chevalier \u00e0 la triste figure&nbsp;\u00bb&nbsp;?<br>C\u2019est pourtant ce qu\u2019on r\u00e9alis\u00e9 Olga PITARCH et Charles-Edouard FANTIN en ce dernier jour de mars au temple de la rue Hoche, en \u00e9voquant les aventures de DON QUICHOTTE de LA MANCHE.Un v\u00e9ritable spectacle, une immersion totale dans ce monde o\u00f9 les rocambolesques aventures du chevalier poursuivant ses illusions et son utopie ont \u00e9t\u00e9 litt\u00e9ralement \u00ab&nbsp;mises en sc\u00e8ne&nbsp;\u00bb par la voix, la gestuelle d\u2019Olga, magistralement accompagn\u00e9e par Charles-Edouard au luth et \u00e0 la guitare\u2026<\/p>\n\n\n\n<p>Humour, \u00e9motion, ce spectacle alliant superbement lecture, musique et danse a remport\u00e9 un franc succ\u00e8s aupr\u00e8s de notre fid\u00e8le public&nbsp;!<\/p>\n","protected":false},"excerpt":{"rendered":"<p>Concert Temple Versailles 31 mars 25DON QUICHOTTE \u00e0 VERSAILLES&nbsp;! Est-il n\u00e9cessaire de pr\u00e9senter \u00ab&nbsp;le chevalier \u00e0 la triste figure&nbsp;\u00bb&nbsp;?C\u2019est pourtant ce qu\u2019on r\u00e9alis\u00e9 Olga PITARCH et Charles-Edouard FANTIN en ce dernier jour de mars au temple de la rue Hoche, &hellip; <a href=\"https:\/\/lescheminsdemusique.fr\/index.php\/cr-31-mars-2025\/\">Continuer la lecture <span class=\"meta-nav\">&rarr;<\/span><\/a><\/p>\n","protected":false},"author":4,"featured_media":0,"parent":0,"menu_order":0,"comment_status":"closed","ping_status":"closed","template":"onecolumn-page.php","meta":{"footnotes":""},"class_list":["post-6096","page","type-page","status-publish","hentry"],"_links":{"self":[{"href":"https:\/\/lescheminsdemusique.fr\/index.php\/wp-json\/wp\/v2\/pages\/6096","targetHints":{"allow":["GET"]}}],"collection":[{"href":"https:\/\/lescheminsdemusique.fr\/index.php\/wp-json\/wp\/v2\/pages"}],"about":[{"href":"https:\/\/lescheminsdemusique.fr\/index.php\/wp-json\/wp\/v2\/types\/page"}],"author":[{"embeddable":true,"href":"https:\/\/lescheminsdemusique.fr\/index.php\/wp-json\/wp\/v2\/users\/4"}],"replies":[{"embeddable":true,"href":"https:\/\/lescheminsdemusique.fr\/index.php\/wp-json\/wp\/v2\/comments?post=6096"}],"version-history":[{"count":3,"href":"https:\/\/lescheminsdemusique.fr\/index.php\/wp-json\/wp\/v2\/pages\/6096\/revisions"}],"predecessor-version":[{"id":6531,"href":"https:\/\/lescheminsdemusique.fr\/index.php\/wp-json\/wp\/v2\/pages\/6096\/revisions\/6531"}],"wp:attachment":[{"href":"https:\/\/lescheminsdemusique.fr\/index.php\/wp-json\/wp\/v2\/media?parent=6096"}],"curies":[{"name":"wp","href":"https:\/\/api.w.org\/{rel}","templated":true}]}}