{"id":622,"date":"2021-01-26T11:26:50","date_gmt":"2021-01-26T10:26:50","guid":{"rendered":"http:\/\/www.lescheminsdemusique.org\/?page_id=622"},"modified":"2025-05-02T20:49:23","modified_gmt":"2025-05-02T18:49:23","slug":"25-mars-2019","status":"publish","type":"page","link":"https:\/\/lescheminsdemusique.fr\/index.php\/25-mars-2019\/","title":{"rendered":"25 mars 2019"},"content":{"rendered":"\n<p><strong>Elles ont chant\u00e9 \u00ab\u00a0chacune un virelai\u00a0\u00bb<\/strong><\/p>\n\n\n\n<figure class=\"wp-block-image size-large is-resized\"><img loading=\"lazy\" decoding=\"async\" src=\"http:\/\/lescheminsdemusique.fr\/wp-content\/uploads\/2021\/01\/250319_2-1024x768.jpg\" alt=\"\" class=\"wp-image-630\" width=\"360\" height=\"270\" srcset=\"https:\/\/lescheminsdemusique.fr\/wp-content\/uploads\/2021\/01\/250319_2-1024x768.jpg 1024w, https:\/\/lescheminsdemusique.fr\/wp-content\/uploads\/2021\/01\/250319_2-300x225.jpg 300w, https:\/\/lescheminsdemusique.fr\/wp-content\/uploads\/2021\/01\/250319_2-768x576.jpg 768w, https:\/\/lescheminsdemusique.fr\/wp-content\/uploads\/2021\/01\/250319_2-1536x1152.jpg 1536w, https:\/\/lescheminsdemusique.fr\/wp-content\/uploads\/2021\/01\/250319_2-2048x1536.jpg 2048w\" sizes=\"auto, (max-width: 360px) 100vw, 360px\" \/><\/figure>\n\n\n\n<p>C\u2019\u00e9tait ce lundi, 25 mars, au Temple, et devant un public\nassez nombreux, qui a appr\u00e9ci\u00e9 voix et instruments.<br>\nInstruments aux sonorit\u00e9s m\u00e9di\u00e9vales, bien entendu, pour ce programme essentiellement\ncompos\u00e9 de polyphonies du XV\u00e8me si\u00e8cle.<br>\nLa vi\u00e8le de Pascale COSTANTINI, les fl\u00fbtes de Nathalie GODEFROY, les harpes d\u2019Evelyne\nLUTTON, de Laurence MAMAN, qui tenait \u00e9galement ce curieux \u00ab&nbsp;anc\u00eatre&nbsp;\u00bb de l\u2019orgue&nbsp;:\nl\u2019organetto\u2026 Autant d\u2019instruments qui ont accompagn\u00e9 les chants aux th\u00e8mes\nvari\u00e9s.<\/p>\n\n\n\n<figure class=\"wp-block-image size-large is-resized\"><img loading=\"lazy\" decoding=\"async\" src=\"http:\/\/lescheminsdemusique.fr\/wp-content\/uploads\/2021\/01\/250319_1-1024x692.jpg\" alt=\"\" class=\"wp-image-637\" width=\"364\" height=\"245\" srcset=\"https:\/\/lescheminsdemusique.fr\/wp-content\/uploads\/2021\/01\/250319_1-1024x692.jpg 1024w, https:\/\/lescheminsdemusique.fr\/wp-content\/uploads\/2021\/01\/250319_1-300x203.jpg 300w, https:\/\/lescheminsdemusique.fr\/wp-content\/uploads\/2021\/01\/250319_1-768x519.jpg 768w, https:\/\/lescheminsdemusique.fr\/wp-content\/uploads\/2021\/01\/250319_1-1536x1038.jpg 1536w, https:\/\/lescheminsdemusique.fr\/wp-content\/uploads\/2021\/01\/250319_1-2048x1384.jpg 2048w\" sizes=\"auto, (max-width: 364px) 100vw, 364px\" \/><\/figure>\n\n\n\n<p>Des voix qui ont cont\u00e9, en rondeaux, ballades ou virelais, les incontournables histoires d\u2019amour et de passion (\u00ab&nbsp;mon bien, m\u2019amour et ma ma\u00eetresse&nbsp;\u00bb), les d\u00e9ceptions (\u00ab&nbsp;il me convient guerpir cette contr\u00e9e&nbsp;\u00bb), l\u2019impatience des c\u0153urs (\u00ab&nbsp;j\u2019atendray tant qu\u2019il vous playra&nbsp;\u00bb)\u2026aussi bien que les v\u0153ux formul\u00e9s (\u00ab&nbsp;Bon jour, bon mois, bon an et bonne estraine&nbsp;\u00bb).<\/p>\n\n\n\n<p>De rondeaux en ballades, pour ce programme Guillaume DUFAY \u00e9tait \u00e0 l\u2019honneur.<\/p>\n\n\n\n<p>On a entendu \u00e9galement quelques virelais anonymes, et un\n\u00ab&nbsp;bel acuei&nbsp;\u00bb d\u2019Antoine BUSNOIS.<\/p>\n\n\n\n<p>L\u2019ensemble \u00ab&nbsp;SOL SUB NUBE&nbsp;\u00bb, au fil des ann\u00e9es,\nest devenu un familier de notre fid\u00e8le public, qui le retrouve toujours avec\nautant de plaisir&nbsp;!<\/p>\n\n\n\n<p>Une belle soir\u00e9e qui augure bien du printemps\nrenaissant&nbsp;! <\/p>\n","protected":false},"excerpt":{"rendered":"<p>Elles ont chant\u00e9 \u00ab\u00a0chacune un virelai\u00a0\u00bb C\u2019\u00e9tait ce lundi, 25 mars, au Temple, et devant un public assez nombreux, qui a appr\u00e9ci\u00e9 voix et instruments. Instruments aux sonorit\u00e9s m\u00e9di\u00e9vales, bien entendu, pour ce programme essentiellement compos\u00e9 de polyphonies du XV\u00e8me &hellip; <a href=\"https:\/\/lescheminsdemusique.fr\/index.php\/25-mars-2019\/\">Continuer la lecture <span class=\"meta-nav\">&rarr;<\/span><\/a><\/p>\n","protected":false},"author":4,"featured_media":0,"parent":0,"menu_order":0,"comment_status":"closed","ping_status":"closed","template":"onecolumn-page.php","meta":{"footnotes":""},"class_list":["post-622","page","type-page","status-publish","hentry"],"_links":{"self":[{"href":"https:\/\/lescheminsdemusique.fr\/index.php\/wp-json\/wp\/v2\/pages\/622","targetHints":{"allow":["GET"]}}],"collection":[{"href":"https:\/\/lescheminsdemusique.fr\/index.php\/wp-json\/wp\/v2\/pages"}],"about":[{"href":"https:\/\/lescheminsdemusique.fr\/index.php\/wp-json\/wp\/v2\/types\/page"}],"author":[{"embeddable":true,"href":"https:\/\/lescheminsdemusique.fr\/index.php\/wp-json\/wp\/v2\/users\/4"}],"replies":[{"embeddable":true,"href":"https:\/\/lescheminsdemusique.fr\/index.php\/wp-json\/wp\/v2\/comments?post=622"}],"version-history":[{"count":2,"href":"https:\/\/lescheminsdemusique.fr\/index.php\/wp-json\/wp\/v2\/pages\/622\/revisions"}],"predecessor-version":[{"id":649,"href":"https:\/\/lescheminsdemusique.fr\/index.php\/wp-json\/wp\/v2\/pages\/622\/revisions\/649"}],"wp:attachment":[{"href":"https:\/\/lescheminsdemusique.fr\/index.php\/wp-json\/wp\/v2\/media?parent=622"}],"curies":[{"name":"wp","href":"https:\/\/api.w.org\/{rel}","templated":true}]}}