{"id":679,"date":"2021-01-26T19:12:05","date_gmt":"2021-01-26T18:12:05","guid":{"rendered":"http:\/\/www.lescheminsdemusique.org\/?page_id=679"},"modified":"2021-01-26T19:12:06","modified_gmt":"2021-01-26T18:12:06","slug":"8-octobre-2018","status":"publish","type":"page","link":"https:\/\/lescheminsdemusique.fr\/index.php\/8-octobre-2018\/","title":{"rendered":"8 octobre 2018"},"content":{"rendered":"\n<p>\u00ab\u00a0CUM JUBILO\u00a0\u00bb, ce lundi 8 octobre, au Temple de la rue Hoche\u2026<\/p>\n\n\n\n<p>Ce concert fut une\nv\u00e9ritable \u00ab&nbsp;jubilation&nbsp;\u00bb!<\/p>\n\n\n\n<div class=\"wp-block-media-text alignwide\"><figure class=\"wp-block-media-text__media\"><img loading=\"lazy\" decoding=\"async\" width=\"1024\" height=\"856\" src=\"http:\/\/lescheminsdemusique.fr\/wp-content\/uploads\/2021\/01\/081018_3-1024x856.jpg\" alt=\"\" class=\"wp-image-692\" srcset=\"https:\/\/lescheminsdemusique.fr\/wp-content\/uploads\/2021\/01\/081018_3-1024x856.jpg 1024w, https:\/\/lescheminsdemusique.fr\/wp-content\/uploads\/2021\/01\/081018_3-300x251.jpg 300w, https:\/\/lescheminsdemusique.fr\/wp-content\/uploads\/2021\/01\/081018_3-768x642.jpg 768w, https:\/\/lescheminsdemusique.fr\/wp-content\/uploads\/2021\/01\/081018_3-1536x1285.jpg 1536w, https:\/\/lescheminsdemusique.fr\/wp-content\/uploads\/2021\/01\/081018_3-2048x1713.jpg 2048w\" sizes=\"auto, (max-width: 1024px) 100vw, 1024px\" \/><\/figure><div class=\"wp-block-media-text__content\">\n<p class=\"has-normal-font-size\">Catherine RAVENNE, Ang\u00e9lique GREUTER, Sarah RICHARDS, Carole MATRAS et Laurence ESQUIEU ont fait voyager notre fid\u00e8le public tout au long de ces sentiers mythiques qui m\u00e8nent \u00e0 Saint Jacques de Compostelle.<\/p>\n<\/div><\/div>\n\n\n\n<p>Gr\u00e2ce au\n\u00ab&nbsp;Codex Calixtinus&nbsp;\u00bb (manuscrit de St Jacques), mais \u00e9galement aux\nmanuscrits de l\u2019Escorial et de Tol\u00e8de, ce parcours spirituel et initiatique, harmonieusement\nillustr\u00e9 par des antiennes, des r\u00e9pons, des chants de p\u00e8lerins \u00e0 deux, trois ou\ncinq voix, a donn\u00e9 des frissons aux m\u00e9lomanes pr\u00e9sents, qui n\u2019ont pas boud\u00e9\nleur plaisir.<br>\nLes questions ont fus\u00e9 d\u2019ailleurs \u00e0 la fin du concert, d\u00e9montrant ainsi l\u2019int\u00e9r\u00eat\ndes personnes pour ces p\u00e9riodes de p\u00e9r\u00e9grinations (XI\u00e8me, XII\u00e8me si\u00e8cle&nbsp;!)\no\u00f9 la rencontre de \u00ab&nbsp;l\u2019autre&nbsp;\u00bb pouvait amener parfois bien des\nsurprises, entre lois de l\u2019hospitalit\u00e9 et d\u00e9couverte de\n\u00ab&nbsp;l\u2019\u00e9tranger&nbsp;\u00bb\u2026 <\/p>\n\n\n\n<figure class=\"wp-block-image size-large is-resized\"><img loading=\"lazy\" decoding=\"async\" src=\"http:\/\/lescheminsdemusique.fr\/wp-content\/uploads\/2021\/01\/081018_1-1024x768.jpg\" alt=\"\" class=\"wp-image-699\" width=\"391\" height=\"293\" srcset=\"https:\/\/lescheminsdemusique.fr\/wp-content\/uploads\/2021\/01\/081018_1-1024x768.jpg 1024w, https:\/\/lescheminsdemusique.fr\/wp-content\/uploads\/2021\/01\/081018_1-300x225.jpg 300w, https:\/\/lescheminsdemusique.fr\/wp-content\/uploads\/2021\/01\/081018_1-768x576.jpg 768w, https:\/\/lescheminsdemusique.fr\/wp-content\/uploads\/2021\/01\/081018_1-1536x1152.jpg 1536w, https:\/\/lescheminsdemusique.fr\/wp-content\/uploads\/2021\/01\/081018_1-2048x1536.jpg 2048w\" sizes=\"auto, (max-width: 391px) 100vw, 391px\" \/><\/figure>\n\n\n\n<p>Cinq voix tr\u00e8s\nappr\u00e9ci\u00e9es donc, tant\u00f4t \u00e0 capella, tant\u00f4t accompagn\u00e9es par Caroline MATRAS \u00e0 la\nharpe ancienne.<\/p>\n\n\n\n<p>Leur \u00ab&nbsp;Campus\nStelle&nbsp;\u00bb (cr\u00e9ation de Michel Sendrez sur un rythme basque de\n\u00ab&nbsp;zortzico&nbsp;\u00bb) fait fr\u00e9mir tant par la m\u00e9lodie que par les\nparoles&nbsp;:<\/p>\n\n\n\n<p>\u00ab&nbsp;\u2026Dieu sait-il\no\u00f9 je suis en train de marcher&nbsp;? Chemin de pierre, chemin difficile\u2026ne pas\nd\u00e9sesp\u00e9rer\u2026 Assoiff\u00e9\u2026d\u00e9sesp\u00e9rant\u2026Cri de la terre vers le ciel\u2026Ecoute\u2026 Aucune\nr\u00e9ponse\u2026&nbsp;\u00bb.<\/p>\n\n\n\n<p>Seuls ceux ou celles\nqui ont d\u00e9j\u00e0 foul\u00e9 ces sentiers, entre Le Puy en Velay et Santiago, peuvent se\nrem\u00e9morer les souffrances physiques, mais aussi les joies ineffables de la\nd\u00e9couverte, et la valeur de l\u2019introspection tout au long des centaines de\nkilom\u00e8tres de ce parcours&nbsp;!<\/p>\n\n\n\n<p>Une soir\u00e9e\nr\u00e9solument plac\u00e9e sous le signe de la qu\u00eate de soi, par ces chemins que tant de\np\u00e8lerins ont pu d\u00e9couvrir au fil des si\u00e8cles, et encore aujourd\u2019hui&nbsp;!<\/p>\n\n\n\n<p>Un grand bravo \u00e0 cet ensemble, et\u2026 ULTREIA\u00a0!!!<\/p>\n","protected":false},"excerpt":{"rendered":"<p>\u00ab\u00a0CUM JUBILO\u00a0\u00bb, ce lundi 8 octobre, au Temple de la rue Hoche\u2026 Ce concert fut une v\u00e9ritable \u00ab&nbsp;jubilation&nbsp;\u00bb! Catherine RAVENNE, Ang\u00e9lique GREUTER, Sarah RICHARDS, Carole MATRAS et Laurence ESQUIEU ont fait voyager notre fid\u00e8le public tout au long de ces &hellip; <a href=\"https:\/\/lescheminsdemusique.fr\/index.php\/8-octobre-2018\/\">Continuer la lecture <span class=\"meta-nav\">&rarr;<\/span><\/a><\/p>\n","protected":false},"author":4,"featured_media":0,"parent":0,"menu_order":0,"comment_status":"closed","ping_status":"closed","template":"","meta":{"footnotes":""},"class_list":["post-679","page","type-page","status-publish","hentry"],"_links":{"self":[{"href":"https:\/\/lescheminsdemusique.fr\/index.php\/wp-json\/wp\/v2\/pages\/679","targetHints":{"allow":["GET"]}}],"collection":[{"href":"https:\/\/lescheminsdemusique.fr\/index.php\/wp-json\/wp\/v2\/pages"}],"about":[{"href":"https:\/\/lescheminsdemusique.fr\/index.php\/wp-json\/wp\/v2\/types\/page"}],"author":[{"embeddable":true,"href":"https:\/\/lescheminsdemusique.fr\/index.php\/wp-json\/wp\/v2\/users\/4"}],"replies":[{"embeddable":true,"href":"https:\/\/lescheminsdemusique.fr\/index.php\/wp-json\/wp\/v2\/comments?post=679"}],"version-history":[{"count":1,"href":"https:\/\/lescheminsdemusique.fr\/index.php\/wp-json\/wp\/v2\/pages\/679\/revisions"}],"predecessor-version":[{"id":706,"href":"https:\/\/lescheminsdemusique.fr\/index.php\/wp-json\/wp\/v2\/pages\/679\/revisions\/706"}],"wp:attachment":[{"href":"https:\/\/lescheminsdemusique.fr\/index.php\/wp-json\/wp\/v2\/media?parent=679"}],"curies":[{"name":"wp","href":"https:\/\/api.w.org\/{rel}","templated":true}]}}