{"id":6878,"date":"2025-07-28T21:19:38","date_gmt":"2025-07-28T19:19:38","guid":{"rendered":"http:\/\/www.lescheminsdemusique.org\/?page_id=6878"},"modified":"2025-07-28T21:23:13","modified_gmt":"2025-07-28T19:23:13","slug":"30-juin-2025-the-musical-grand-tour-par-les-flying-fishes","status":"publish","type":"page","link":"https:\/\/lescheminsdemusique.fr\/index.php\/30-juin-2025-the-musical-grand-tour-par-les-flying-fishes\/","title":{"rendered":"30 juin 2025 &#8211; The Musical Grand Tour par les Flying Fishes"},"content":{"rendered":"\n<p>Un \u00e9t\u00e9 en Angleterre et Italie au Temple\u00a0!<br> Les plaisirs de l\u2019\u00e9t\u00e9 ne manquent pas en compagnie des \u00ab\u00a0FLYING FISHES\u00a0\u00bb, sous la direction vigoureuse de LEWIS HAMMOND\u00a0!<br> Programme a cappella incluant GIBBONS, Vaughan WILLIAMS et John BENNET, mais \u00e9galement MONTEVERDI et PALESTRINA, les occasions ont \u00e9t\u00e9 nombreuses  de profiter de cet ensemble, compos\u00e9 de chanteurs et chanteuses issus de la  \u00ab\u00a0PARIS Choral Society\u00a0\u00bb, ainsi que du Ch\u0153ur de la Cath\u00e9drale Am\u00e9ricaine.<br> Amateurs et professionnels ont enthousiasm\u00e9 le public qui \u00e9tait venu en nombre  pour ce dernier rendez-vous du \u00ab\u00a0Mois Moli\u00e8re\u00a0\u00bb, propos\u00e9 par les \u00ab\u00a0Chemins du  Musique\u00a0\u00bb. <br> Une soir\u00e9e bien \u00ab\u00a0chaleureuse\u00a0\u00bb, tant pour l\u2019ambiance que pour la temp\u00e9rature qui, en ce d\u00e9but d\u2019\u00e9t\u00e9, frisait la canicule\u00a0!<\/p>\n","protected":false},"excerpt":{"rendered":"<p>Un \u00e9t\u00e9 en Angleterre et Italie au Temple\u00a0! Les plaisirs de l\u2019\u00e9t\u00e9 ne manquent pas en compagnie des \u00ab\u00a0FLYING FISHES\u00a0\u00bb, sous la direction vigoureuse de LEWIS HAMMOND\u00a0! Programme a cappella incluant GIBBONS, Vaughan WILLIAMS et John BENNET, mais \u00e9galement MONTEVERDI &hellip; <a href=\"https:\/\/lescheminsdemusique.fr\/index.php\/30-juin-2025-the-musical-grand-tour-par-les-flying-fishes\/\">Continuer la lecture <span class=\"meta-nav\">&rarr;<\/span><\/a><\/p>\n","protected":false},"author":4,"featured_media":0,"parent":0,"menu_order":0,"comment_status":"closed","ping_status":"closed","template":"","meta":{"footnotes":""},"class_list":["post-6878","page","type-page","status-publish","hentry"],"_links":{"self":[{"href":"https:\/\/lescheminsdemusique.fr\/index.php\/wp-json\/wp\/v2\/pages\/6878","targetHints":{"allow":["GET"]}}],"collection":[{"href":"https:\/\/lescheminsdemusique.fr\/index.php\/wp-json\/wp\/v2\/pages"}],"about":[{"href":"https:\/\/lescheminsdemusique.fr\/index.php\/wp-json\/wp\/v2\/types\/page"}],"author":[{"embeddable":true,"href":"https:\/\/lescheminsdemusique.fr\/index.php\/wp-json\/wp\/v2\/users\/4"}],"replies":[{"embeddable":true,"href":"https:\/\/lescheminsdemusique.fr\/index.php\/wp-json\/wp\/v2\/comments?post=6878"}],"version-history":[{"count":2,"href":"https:\/\/lescheminsdemusique.fr\/index.php\/wp-json\/wp\/v2\/pages\/6878\/revisions"}],"predecessor-version":[{"id":6908,"href":"https:\/\/lescheminsdemusique.fr\/index.php\/wp-json\/wp\/v2\/pages\/6878\/revisions\/6908"}],"wp:attachment":[{"href":"https:\/\/lescheminsdemusique.fr\/index.php\/wp-json\/wp\/v2\/media?parent=6878"}],"curies":[{"name":"wp","href":"https:\/\/api.w.org\/{rel}","templated":true}]}}