{"id":750,"date":"2021-01-28T12:46:59","date_gmt":"2021-01-28T11:46:59","guid":{"rendered":"http:\/\/www.lescheminsdemusique.org\/?page_id=750"},"modified":"2025-05-02T20:49:28","modified_gmt":"2025-05-02T18:49:28","slug":"21-octobre-2019","status":"publish","type":"page","link":"https:\/\/lescheminsdemusique.fr\/index.php\/21-octobre-2019\/","title":{"rendered":"21 octobre 2019"},"content":{"rendered":"\n<p><strong>Magnifiques polyphonies ce lundi 21 octobre au Temple<\/strong><\/p>\n\n\n\n<figure class=\"wp-block-image size-large\"><img loading=\"lazy\" decoding=\"async\" width=\"1024\" height=\"768\" src=\"http:\/\/lescheminsdemusique.fr\/wp-content\/uploads\/2021\/01\/P1200870-1024x768.jpg\" alt=\"\" class=\"wp-image-760\" srcset=\"https:\/\/lescheminsdemusique.fr\/wp-content\/uploads\/2021\/01\/P1200870-1024x768.jpg 1024w, https:\/\/lescheminsdemusique.fr\/wp-content\/uploads\/2021\/01\/P1200870-300x225.jpg 300w, https:\/\/lescheminsdemusique.fr\/wp-content\/uploads\/2021\/01\/P1200870-768x576.jpg 768w, https:\/\/lescheminsdemusique.fr\/wp-content\/uploads\/2021\/01\/P1200870-1536x1152.jpg 1536w, https:\/\/lescheminsdemusique.fr\/wp-content\/uploads\/2021\/01\/P1200870-2048x1536.jpg 2048w\" sizes=\"auto, (max-width: 1024px) 100vw, 1024px\" \/><\/figure>\n\n\n\n<p>L\u2019ensemble \u00ab&nbsp;un chemin de musique&nbsp;\u00bb (Sarah RICHARDS-soprano, C\u00e9cile\nBANQUEY-mezzo-soprano, Renaud TRIPATHI-t\u00e9nor, Rapha\u00ebl PICAZOS-t\u00e9nor et Vincent\nPISLAR-baryton) ont subjugu\u00e9 un public de m\u00e9lomanes qui n\u2019a pas m\u00e9n,ag\u00e9 ses\napplaudissements ce lundi soir.<br>\nUn programme particuli\u00e8rement int\u00e9ressant qui comportait des \u0153uvres de\ncompositeurs assez connus (Guillaume de MACHAUT, Gilles BINCHOIS, Guillaume\nDUFAY, Johannes OCKEGHEM) mais \u00e9galement des compositions de De FRONCIACO,\nJacques SENLECHES, Baude CORDIER, Johannes CICONIA, Leonel POWER, etc\u2026<\/p>\n\n\n\n<p>Une (re)d\u00e9couverte&nbsp;\nparticuli\u00e8rement riche que cet \u00ab&nbsp;Ars nova, Ars subtilior, Ars\nsuavior&nbsp;\u00bb\u2026 Musique nouvelle, plus subtile, plus suave, que nous ont l\u00e9gu\u00e9e\nces compositeurs des 14<sup>\u00e8me<\/sup> et 15<sup>\u00e8me<\/sup> si\u00e8cles&nbsp;!<\/p>\n\n\n\n<p>D\u2019autant que l\u2019ensemble \u00e9tait accompagn\u00e9 de vid\u00e9o-projections illustrant\nde fa\u00e7on magistrale les propos explicatifs sur ces \u0153uvres. <\/p>\n\n\n\n<figure class=\"wp-block-image size-large\"><img loading=\"lazy\" decoding=\"async\" width=\"732\" height=\"1024\" src=\"http:\/\/lescheminsdemusique.fr\/wp-content\/uploads\/2021\/01\/Sans-titre-1-732x1024.jpg\" alt=\"\" class=\"wp-image-767\" srcset=\"https:\/\/lescheminsdemusique.fr\/wp-content\/uploads\/2021\/01\/Sans-titre-1-732x1024.jpg 732w, https:\/\/lescheminsdemusique.fr\/wp-content\/uploads\/2021\/01\/Sans-titre-1-214x300.jpg 214w, https:\/\/lescheminsdemusique.fr\/wp-content\/uploads\/2021\/01\/Sans-titre-1-768x1075.jpg 768w, https:\/\/lescheminsdemusique.fr\/wp-content\/uploads\/2021\/01\/Sans-titre-1-1097x1536.jpg 1097w, https:\/\/lescheminsdemusique.fr\/wp-content\/uploads\/2021\/01\/Sans-titre-1-1463x2048.jpg 1463w, https:\/\/lescheminsdemusique.fr\/wp-content\/uploads\/2021\/01\/Sans-titre-1.jpg 1772w\" sizes=\"auto, (max-width: 732px) 100vw, 732px\" \/><\/figure>\n\n\n\n<p> Manuscrits des partitions, modes d\u2019\u00e9critures particuliers\u2026 Un gros travail de recherche qui a \u00e9t\u00e9 men\u00e9 sous la direction de Rapha\u00ebl PICAZOS, et qui a permis au public de mieux appr\u00e9hender ces polyphonies, tout en appr\u00e9ciant les voix remarquables de ces cinq talentueux interpr\u00e8tes.<\/p>\n","protected":false},"excerpt":{"rendered":"<p>Magnifiques polyphonies ce lundi 21 octobre au Temple L\u2019ensemble \u00ab&nbsp;un chemin de musique&nbsp;\u00bb (Sarah RICHARDS-soprano, C\u00e9cile BANQUEY-mezzo-soprano, Renaud TRIPATHI-t\u00e9nor, Rapha\u00ebl PICAZOS-t\u00e9nor et Vincent PISLAR-baryton) ont subjugu\u00e9 un public de m\u00e9lomanes qui n\u2019a pas m\u00e9n,ag\u00e9 ses applaudissements ce lundi soir. Un &hellip; <a href=\"https:\/\/lescheminsdemusique.fr\/index.php\/21-octobre-2019\/\">Continuer la lecture <span class=\"meta-nav\">&rarr;<\/span><\/a><\/p>\n","protected":false},"author":4,"featured_media":0,"parent":0,"menu_order":0,"comment_status":"closed","ping_status":"closed","template":"","meta":{"footnotes":""},"class_list":["post-750","page","type-page","status-publish","hentry"],"_links":{"self":[{"href":"https:\/\/lescheminsdemusique.fr\/index.php\/wp-json\/wp\/v2\/pages\/750","targetHints":{"allow":["GET"]}}],"collection":[{"href":"https:\/\/lescheminsdemusique.fr\/index.php\/wp-json\/wp\/v2\/pages"}],"about":[{"href":"https:\/\/lescheminsdemusique.fr\/index.php\/wp-json\/wp\/v2\/types\/page"}],"author":[{"embeddable":true,"href":"https:\/\/lescheminsdemusique.fr\/index.php\/wp-json\/wp\/v2\/users\/4"}],"replies":[{"embeddable":true,"href":"https:\/\/lescheminsdemusique.fr\/index.php\/wp-json\/wp\/v2\/comments?post=750"}],"version-history":[{"count":1,"href":"https:\/\/lescheminsdemusique.fr\/index.php\/wp-json\/wp\/v2\/pages\/750\/revisions"}],"predecessor-version":[{"id":773,"href":"https:\/\/lescheminsdemusique.fr\/index.php\/wp-json\/wp\/v2\/pages\/750\/revisions\/773"}],"wp:attachment":[{"href":"https:\/\/lescheminsdemusique.fr\/index.php\/wp-json\/wp\/v2\/media?parent=750"}],"curies":[{"name":"wp","href":"https:\/\/api.w.org\/{rel}","templated":true}]}}