{"id":9017,"date":"2026-02-13T22:27:04","date_gmt":"2026-02-13T21:27:04","guid":{"rendered":"https:\/\/lescheminsdemusique.fr\/?page_id=9017"},"modified":"2026-02-13T22:27:05","modified_gmt":"2026-02-13T21:27:05","slug":"19-janvier-compagnie-la-cupis-le-rossignol-en-cage","status":"publish","type":"page","link":"https:\/\/lescheminsdemusique.fr\/index.php\/19-janvier-compagnie-la-cupis-le-rossignol-en-cage\/","title":{"rendered":"19 janvier &#8211; Compagnie La Cupis &#8211; Le Rossignol en cage"},"content":{"rendered":"\n<p>Un rossignol en cage\u00a0!<\/p>\n\n\n\n<p>Ce lundi, au Temple, pour le plus grand plaisir de nos spectateurs, la fable du<br>\u00ab\u00a0Rossignol en cage\u00a0\u00bb, de M. du TROUSSET (1693), incitait \u00e0 la r\u00eaverie po\u00e9tique.<br>Bonheur, libert\u00e9\u2026 autant de notions fondamentales d\u00e9clam\u00e9es superbement (avec<br>la diction de l\u2019\u00e9poque) par Diane OMER, qui \u00e9tait accompagn\u00e9e de Laurine RIGHYNI<br>\u00e0 la viole de gambe et d\u2019H\u00e9l\u00e8ne DUFOUR au clavecin.<\/p>\n\n\n\n<p>Une fable illustr\u00e9e par des \u0153uvres d\u2019Elisabeth JACQUET de la GUERRE, Marin<br>MARAIS, Fran\u00e7ois COUPERIN et Mr de Ste COLOMBE.<br>Musique et gestuelle baroques accompagnaient cette histoire intemporelle, et notre<br>public a pu, le temps de ce concert, se laisser envo\u00fbter par les subtiles harmonies de<br>l\u2019ensemble LA CUPIS, remarquablement interpr\u00e9t\u00e9es par ces talentueuses<br>musiciennes\u00a0!<\/p>\n\n\n\n<p><\/p>\n","protected":false},"excerpt":{"rendered":"<p>Un rossignol en cage\u00a0! Ce lundi, au Temple, pour le plus grand plaisir de nos spectateurs, la fable du\u00ab\u00a0Rossignol en cage\u00a0\u00bb, de M. du TROUSSET (1693), incitait \u00e0 la r\u00eaverie po\u00e9tique.Bonheur, libert\u00e9\u2026 autant de notions fondamentales d\u00e9clam\u00e9es superbement (avecla diction &hellip; <a href=\"https:\/\/lescheminsdemusique.fr\/index.php\/19-janvier-compagnie-la-cupis-le-rossignol-en-cage\/\">Continuer la lecture <span class=\"meta-nav\">&rarr;<\/span><\/a><\/p>\n","protected":false},"author":4,"featured_media":0,"parent":0,"menu_order":0,"comment_status":"closed","ping_status":"closed","template":"","meta":{"footnotes":""},"class_list":["post-9017","page","type-page","status-publish","hentry"],"_links":{"self":[{"href":"https:\/\/lescheminsdemusique.fr\/index.php\/wp-json\/wp\/v2\/pages\/9017","targetHints":{"allow":["GET"]}}],"collection":[{"href":"https:\/\/lescheminsdemusique.fr\/index.php\/wp-json\/wp\/v2\/pages"}],"about":[{"href":"https:\/\/lescheminsdemusique.fr\/index.php\/wp-json\/wp\/v2\/types\/page"}],"author":[{"embeddable":true,"href":"https:\/\/lescheminsdemusique.fr\/index.php\/wp-json\/wp\/v2\/users\/4"}],"replies":[{"embeddable":true,"href":"https:\/\/lescheminsdemusique.fr\/index.php\/wp-json\/wp\/v2\/comments?post=9017"}],"version-history":[{"count":1,"href":"https:\/\/lescheminsdemusique.fr\/index.php\/wp-json\/wp\/v2\/pages\/9017\/revisions"}],"predecessor-version":[{"id":9043,"href":"https:\/\/lescheminsdemusique.fr\/index.php\/wp-json\/wp\/v2\/pages\/9017\/revisions\/9043"}],"wp:attachment":[{"href":"https:\/\/lescheminsdemusique.fr\/index.php\/wp-json\/wp\/v2\/media?parent=9017"}],"curies":[{"name":"wp","href":"https:\/\/api.w.org\/{rel}","templated":true}]}}